{"id":9,"date":"2015-11-17T15:17:49","date_gmt":"2015-11-17T17:17:49","guid":{"rendered":"https:\/\/wp.ufpel.edu.br\/frances\/?page_id=9"},"modified":"2025-10-21T12:17:32","modified_gmt":"2025-10-21T15:17:32","slug":"organizacao","status":"publish","type":"page","link":"https:\/\/wp.ufpel.edu.br\/frances\/organizacao\/","title":{"rendered":"Organiza\u00e7\u00e3o"},"content":{"rendered":"<p style=\"text-align: justify;\">SECRETARIA DOS COLEGIADOS<br \/>\nGuilherme Betemps Meireles<br \/>\nContato:\u00a0<a href=\"mailto:letras_colegiado@ufpel.edu.br\" target=\"_blank\" rel=\"noopener\">letras_colegiado@ufpel.edu.br<\/a><\/p>\n<p style=\"text-align: justify;\">COORDENA\u00c7\u00c3O GERAL<br \/>\nAugusto Darde<br \/>\nContato: <a href=\"mailto:augusto.darde@ufpel.edu.br\">augusto.darde@ufpel.edu.br<\/a><\/p>\n<p style=\"text-align: justify;\">COORDENA\u00c7\u00c3O\u00a0\u00a0ADJUNTA<br \/>\nMaristela G. S. Machado<br \/>\nContato:\u00a0<a href=\"mailto:maristelagsm@gmail.com\" target=\"_blank\" rel=\"noopener\">maristelagsm@gmail.com<\/a><\/p>\n<p style=\"text-align: justify;\">N\u00daCLEO DE EST\u00c1GIOS<br \/>\nCristiane Guidotti<br \/>\nContato:\u00a0<a href=\"mailto:estagios.clc@ufpel.edu.br\" target=\"_blank\" rel=\"noopener\">estagios.clc@ufpel.edu.br<\/a><\/p>\n","protected":false},"excerpt":{"rendered":"<p>SECRETARIA DOS COLEGIADOS Guilherme Betemps Meireles Contato:\u00a0letras_colegiado@ufpel.edu.br COORDENA\u00c7\u00c3O GERAL Augusto Darde Contato: augusto.darde@ufpel.edu.br COORDENA\u00c7\u00c3O\u00a0\u00a0ADJUNTA Maristela G. S. Machado Contato:\u00a0maristelagsm@gmail.com N\u00daCLEO DE EST\u00c1GIOS Cristiane Guidotti Contato:\u00a0estagios.clc@ufpel.edu.br<\/p>\n","protected":false},"author":50,"featured_media":0,"parent":0,"menu_order":0,"comment_status":"closed","ping_status":"closed","template":"","meta":{"footnotes":""},"class_list":["post-9","page","type-page","status-publish","hentry","nodate","item-wrap"],"_links":{"self":[{"href":"https:\/\/wp.ufpel.edu.br\/frances\/wp-json\/wp\/v2\/pages\/9","targetHints":{"allow":["GET"]}}],"collection":[{"href":"https:\/\/wp.ufpel.edu.br\/frances\/wp-json\/wp\/v2\/pages"}],"about":[{"href":"https:\/\/wp.ufpel.edu.br\/frances\/wp-json\/wp\/v2\/types\/page"}],"author":[{"embeddable":true,"href":"https:\/\/wp.ufpel.edu.br\/frances\/wp-json\/wp\/v2\/users\/50"}],"replies":[{"embeddable":true,"href":"https:\/\/wp.ufpel.edu.br\/frances\/wp-json\/wp\/v2\/comments?post=9"}],"version-history":[{"count":3,"href":"https:\/\/wp.ufpel.edu.br\/frances\/wp-json\/wp\/v2\/pages\/9\/revisions"}],"predecessor-version":[{"id":87,"href":"https:\/\/wp.ufpel.edu.br\/frances\/wp-json\/wp\/v2\/pages\/9\/revisions\/87"}],"wp:attachment":[{"href":"https:\/\/wp.ufpel.edu.br\/frances\/wp-json\/wp\/v2\/media?parent=9"}],"curies":[{"name":"wp","href":"https:\/\/api.w.org\/{rel}","templated":true}]}}