{"id":28,"date":"2015-11-17T15:23:28","date_gmt":"2015-11-17T17:23:28","guid":{"rendered":"https:\/\/wp.ufpel.edu.br\/frances\/?page_id=28"},"modified":"2025-05-20T15:18:09","modified_gmt":"2025-05-20T18:18:09","slug":"documentos","status":"publish","type":"page","link":"https:\/\/wp.ufpel.edu.br\/frances\/documentos\/","title":{"rendered":"Documentos"},"content":{"rendered":"<p><a href=\"https:\/\/wp.ufpel.edu.br\/frances\/files\/2025\/05\/PPC-Port.-e-France\u0302s-FINAL-outubro-de-2023.pdf\">Projeto Pedag\u00f3gico do Curso de Licenciatura em Letras &#8211; Portugu\u00eas e Franc\u00eas (Atual, 2023)<\/a><\/p>\n<p><a href=\"https:\/\/wp.ufpel.edu.br\/frances\/files\/2025\/05\/PLANO_DE_ACAO_-_COORDENACAO_2020-2025_assinado_assinado.pdf\">Plano de A\u00e7\u00e3o &#8211; Coordena\u00e7\u00e3o 2020-2025<\/a><\/p>\n<p><a href=\"https:\/\/wp.ufpel.edu.br\/frances\/files\/2015\/11\/PPC-L-FRANCES-2014.pdf\" rel=\"attachment wp-att-42\">Projeto Pedag\u00f3gico de Curso \u2013 Licenciatura Franc\u00eas e Portugu\u00eas (Antigo, 2014)<\/a><\/p>\n","protected":false},"excerpt":{"rendered":"<p>Projeto Pedag\u00f3gico do Curso de Licenciatura em Letras &#8211; Portugu\u00eas e Franc\u00eas (Atual, 2023) Plano de A\u00e7\u00e3o &#8211; Coordena\u00e7\u00e3o 2020-2025 Projeto Pedag\u00f3gico de Curso \u2013 Licenciatura Franc\u00eas e Portugu\u00eas (Antigo, 2014)<\/p>\n","protected":false},"author":50,"featured_media":0,"parent":0,"menu_order":0,"comment_status":"closed","ping_status":"closed","template":"","meta":{"footnotes":""},"class_list":["post-28","page","type-page","status-publish","hentry","nodate","item-wrap"],"_links":{"self":[{"href":"https:\/\/wp.ufpel.edu.br\/frances\/wp-json\/wp\/v2\/pages\/28","targetHints":{"allow":["GET"]}}],"collection":[{"href":"https:\/\/wp.ufpel.edu.br\/frances\/wp-json\/wp\/v2\/pages"}],"about":[{"href":"https:\/\/wp.ufpel.edu.br\/frances\/wp-json\/wp\/v2\/types\/page"}],"author":[{"embeddable":true,"href":"https:\/\/wp.ufpel.edu.br\/frances\/wp-json\/wp\/v2\/users\/50"}],"replies":[{"embeddable":true,"href":"https:\/\/wp.ufpel.edu.br\/frances\/wp-json\/wp\/v2\/comments?post=28"}],"version-history":[{"count":5,"href":"https:\/\/wp.ufpel.edu.br\/frances\/wp-json\/wp\/v2\/pages\/28\/revisions"}],"predecessor-version":[{"id":69,"href":"https:\/\/wp.ufpel.edu.br\/frances\/wp-json\/wp\/v2\/pages\/28\/revisions\/69"}],"wp:attachment":[{"href":"https:\/\/wp.ufpel.edu.br\/frances\/wp-json\/wp\/v2\/media?parent=28"}],"curies":[{"name":"wp","href":"https:\/\/api.w.org\/{rel}","templated":true}]}}