{"id":72,"date":"2016-04-07T15:43:50","date_gmt":"2016-04-07T18:43:50","guid":{"rendered":"https:\/\/wp.ufpel.edu.br\/fpharter\/?page_id=72"},"modified":"2020-03-02T11:24:46","modified_gmt":"2020-03-02T14:24:46","slug":"apresentacao","status":"publish","type":"page","link":"https:\/\/wp.ufpel.edu.br\/fpharter\/","title":{"rendered":"Apresenta\u00e7\u00e3o"},"content":{"rendered":"<p style=\"text-align: justify\"><span style=\"font-size: 12pt\"><a href=\"https:\/\/wp.ufpel.edu.br\/fpharter\/files\/2016\/04\/Eu-1.jpg\" rel=\"attachment wp-att-113\"><img class=\"alignnone size-full wp-image-113\" src=\"https:\/\/wp.ufpel.edu.br\/fpharter\/files\/2016\/04\/Eu-1.jpg\" alt=\"Eu\" width=\"302\" height=\"268\" srcset=\"https:\/\/wp.ufpel.edu.br\/fpharter\/files\/2016\/04\/Eu-1.jpg 302w, https:\/\/wp.ufpel.edu.br\/fpharter\/files\/2016\/04\/Eu-1-179x159.jpg 179w\" sizes=\"(max-width: 302px) 100vw, 302px\" \/><\/a>Graduado em Meteorologia pela Universidade Federal de Pelotas (1995), mestre em Meteorologia pelo Instituto Nacional de Pesquisas Espaciais (1999) e doutor em Computa\u00e7\u00e3o Aplicada pelo Instituto Nacional de Pesquisas Espaciais (2004) com p\u00f3s-doutorado pela University of Waterloo (2006). Trabalhou com previs\u00e3o de tempo voltada para meios de comunica\u00e7\u00e3o e agricultura, foi auxiliar de pesquisa num projeto sobre estimativas de precipita\u00e7\u00e3o por sat\u00e9lite, participou do Programa Ant\u00e1rtico Brasileiro e prestou consultoria a Organiza\u00e7\u00e3o Meteorol\u00f3gica Mundial, junto ao Instituto Nacional de Meteorologia. Tem como linha de pesquisa priorit\u00e1ria assimila\u00e7\u00e3o de dados meteorol\u00f3gicos (redes neurais, filtragem de Kalman e m\u00e9todos variacionais) e inicializa\u00e7\u00e3o de modelos num\u00e9ricos. Foi l\u00edder do projeto de Modelagem Num\u00e9rica da Atmosfera, Banco de Dados e Computa\u00e7\u00e3o do INMET, Vice-Diretor da Faculdade de Meteorologia e Chefe Adjunto do Centro de Pesquisas e Previs\u00f5es Meteorol\u00f3gicas (CPPMet). Atualmente \u00e9 professor Associado da Universidade Federal de Pelotas (UFPel), membro permanente do Programa de P\u00f3s-Gradua\u00e7\u00e3o em Modelagem Matem\u00e1tica, membro do N\u00facleo Docente Estruturante do colegiado do Curso de Gradua\u00e7\u00e3o em Meteorologia, do Conselho Departamental da Faculdade de Meteorologia, representante da Faculdade de Meteorologia no Conselho Universit\u00e1rio da UFPEL (CONSUN), representante adjunto no Conselho Coordenador do Ensino, da Pesquisa e da Extens\u00e3o (COCEPE) e Diretor da Faculdade de Meteorologia.<\/span><\/p>\n<p style=\"text-align: justify\"><strong>Curr\u00edculo<\/strong> <a href=\"http:\/\/buscatextual.cnpq.br\/buscatextual\/visualizacv.do?id=K4763574H7\" target=\"_blank\" rel=\"noopener noreferrer\">Lattes<\/a><\/p>\n<p style=\"text-align: justify\">\n","protected":false},"excerpt":{"rendered":"<p>Graduado em Meteorologia pela Universidade Federal de Pelotas (1995), mestre em Meteorologia pelo Instituto Nacional de Pesquisas Espaciais (1999) e doutor em Computa\u00e7\u00e3o Aplicada pelo Instituto Nacional de Pesquisas Espaciais (2004) com p\u00f3s-doutorado pela University of Waterloo (2006). Trabalhou com previs\u00e3o de tempo voltada para meios de comunica\u00e7\u00e3o e agricultura, foi auxiliar de pesquisa num [&hellip;]<\/p>\n","protected":false},"author":146,"featured_media":0,"parent":0,"menu_order":0,"comment_status":"closed","ping_status":"closed","template":"","meta":{"footnotes":""},"class_list":["post-72","page","type-page","status-publish","hentry"],"_links":{"self":[{"href":"https:\/\/wp.ufpel.edu.br\/fpharter\/wp-json\/wp\/v2\/pages\/72","targetHints":{"allow":["GET"]}}],"collection":[{"href":"https:\/\/wp.ufpel.edu.br\/fpharter\/wp-json\/wp\/v2\/pages"}],"about":[{"href":"https:\/\/wp.ufpel.edu.br\/fpharter\/wp-json\/wp\/v2\/types\/page"}],"author":[{"embeddable":true,"href":"https:\/\/wp.ufpel.edu.br\/fpharter\/wp-json\/wp\/v2\/users\/146"}],"replies":[{"embeddable":true,"href":"https:\/\/wp.ufpel.edu.br\/fpharter\/wp-json\/wp\/v2\/comments?post=72"}],"version-history":[{"count":10,"href":"https:\/\/wp.ufpel.edu.br\/fpharter\/wp-json\/wp\/v2\/pages\/72\/revisions"}],"predecessor-version":[{"id":137,"href":"https:\/\/wp.ufpel.edu.br\/fpharter\/wp-json\/wp\/v2\/pages\/72\/revisions\/137"}],"wp:attachment":[{"href":"https:\/\/wp.ufpel.edu.br\/fpharter\/wp-json\/wp\/v2\/media?parent=72"}],"curies":[{"name":"wp","href":"https:\/\/api.w.org\/{rel}","templated":true}]}}