{"id":738,"date":"2011-10-11T14:19:18","date_gmt":"2011-10-11T14:19:18","guid":{"rendered":"http:\/\/www.ufpel.edu.br\/ich\/fotografiaetrabalho\/beta05-01\/?page_id=6"},"modified":"2011-10-11T14:19:18","modified_gmt":"2011-10-11T14:19:18","slug":"links","status":"publish","type":"page","link":"https:\/\/wp.ufpel.edu.br\/fototrabalho\/links\/","title":{"rendered":"Links"},"content":{"rendered":"<p><strong>CNPQ &#8211; Conselho Nacional de Desenvolvimento Cient\u00edfico e Tecnol\u00f3gico<\/strong><br \/>\nAg\u00eancia do Minist\u00e9rio da Ci\u00eancia e Tecnologia (MCT) destinada ao fomento da pesquisa cient\u00edfica e tecnol\u00f3gica e \u00e0 forma\u00e7\u00e3o de recursos humanos para a pesquisa no pa\u00eds. Sua hist\u00f3ria est\u00e1 diretamente ligada ao desenvolvimento cient\u00edfico e tecnol\u00f3gico do Brasil contempor\u00e2neo.<br \/>\n<a href=\"http:\/\/www.cnpq.br\">www.cnpq.br<\/a><\/p>\n<p><strong>Faculdade de Filosofia y Letras, UNIVERSIDAD DE BUENOS AIRES<\/strong><br \/>\n<a title=\"www.filo.uba.ar\" href=\"http:\/\/www.filo.uba.ar\"> www.filo.uba.ar<\/a><\/p>\n<p><strong>Google Grupos dos Administradores<\/strong><br \/>\n<a title=\"groups.google.com\/group\/fotografiaetrabalho\" href=\"http:\/\/groups.google.com\/group\/fotografiaetrabalho\"> groups.google.com\/group\/fotografiaetrabalho<\/a><\/p>\n<p><strong>IBRAM<\/strong><br \/>\nInstituto Brasileiro de Museus<br \/>\n<a title=\"www1.museus.gov.br\" href=\"http:\/\/www1.museus.gov.br\"> www1.museus.gov.br<\/a><\/p>\n<p><strong>IPHAN<\/strong><br \/>\n\u00d3rg\u00e3o do Minist\u00e9rio da Cultura que tem a miss\u00e3o de preservar o patrim\u00f4nio cultural brasileiro.<br \/>\n<a title=\"www.iphan.gov.br\" href=\"http:\/\/www.iphan.gov.br\"> www.iphan.gov.br<\/a><\/p>\n<p><strong>LASMIC<\/strong><br \/>\nLaborat\u00f3rio coordenado pelo antrop\u00f3logo Joel Candau da Universidade de Nice, Fran\u00e7a. Estudos sobre mem\u00f3ria, Antropologia cognitiva, estudos multiculturais.<br \/>\n<a title=\"lasmic.unice.fr\" href=\"http:\/\/lasmic.unice.fr\"> lasmic.unice.fr<\/a><\/p>\n<p>&nbsp;<\/p>\n<p><strong>NAYA<\/strong><br \/>\nSite latino-americano de divulga\u00e7\u00e3o cient\u00edfica em Antropologia, Arqueologia e \u00e1reas afins.<br \/>\n<a title=\"www.naya.org.ar\" href=\"http:\/\/www.naya.org.ar\">www.naya.org.ar<\/a><\/p>\n<p>&nbsp;<\/p>\n<p>&nbsp;<\/p>\n<p><strong>Revista Mem\u00f3ria em Rede<\/strong><br \/>\nRevista quadrimestral do Programa de P\u00f3s-gradua\u00e7\u00e3o em Mem\u00f3ria e Patrim\u00f4nio<br \/>\n<a title=\"ich.ufpel.edu.br\/memoriaemrede\" href=\"http:\/\/ich.ufpel.edu.br\/memoriaemrede\">ich.ufpel.edu.br\/memoriaemrede<\/a><\/p>\n<p><strong>Semin\u00e1rio Internacional sobre Mem\u00f3ria e Patrim\u00f4nio<\/strong><br \/>\n<a title=\"simp.ufpel.edu.br\" href=\"http:\/\/simp.ufpel.edu.br\"> simp.ufpel.edu.br<\/a><\/p>\n<p>&nbsp;<\/p>\n","protected":false},"excerpt":{"rendered":"<p>CNPQ &#8211; Conselho Nacional de Desenvolvimento Cient\u00edfico e Tecnol\u00f3gico Ag\u00eancia do Minist\u00e9rio da Ci\u00eancia e Tecnologia (MCT) destinada ao fomento da pesquisa cient\u00edfica e tecnol\u00f3gica e \u00e0 forma\u00e7\u00e3o de recursos humanos para a pesquisa no pa\u00eds. Sua hist\u00f3ria est\u00e1 diretamente &hellip; <a href=\"https:\/\/wp.ufpel.edu.br\/fototrabalho\/links\/\">Continue lendo <span class=\"meta-nav\">&rarr;<\/span><\/a><\/p>\n","protected":false},"author":744,"featured_media":0,"parent":0,"menu_order":0,"comment_status":"open","ping_status":"closed","template":"","meta":{"jetpack_post_was_ever_published":false,"footnotes":""},"class_list":["post-738","page","type-page","status-publish","hentry"],"jetpack_sharing_enabled":true,"jetpack_shortlink":"https:\/\/wp.me\/P8IwiC-bU","_links":{"self":[{"href":"https:\/\/wp.ufpel.edu.br\/fototrabalho\/wp-json\/wp\/v2\/pages\/738","targetHints":{"allow":["GET"]}}],"collection":[{"href":"https:\/\/wp.ufpel.edu.br\/fototrabalho\/wp-json\/wp\/v2\/pages"}],"about":[{"href":"https:\/\/wp.ufpel.edu.br\/fototrabalho\/wp-json\/wp\/v2\/types\/page"}],"author":[{"embeddable":true,"href":"https:\/\/wp.ufpel.edu.br\/fototrabalho\/wp-json\/wp\/v2\/users\/744"}],"replies":[{"embeddable":true,"href":"https:\/\/wp.ufpel.edu.br\/fototrabalho\/wp-json\/wp\/v2\/comments?post=738"}],"version-history":[{"count":0,"href":"https:\/\/wp.ufpel.edu.br\/fototrabalho\/wp-json\/wp\/v2\/pages\/738\/revisions"}],"wp:attachment":[{"href":"https:\/\/wp.ufpel.edu.br\/fototrabalho\/wp-json\/wp\/v2\/media?parent=738"}],"curies":[{"name":"wp","href":"https:\/\/api.w.org\/{rel}","templated":true}]}}