{"id":737,"date":"2011-10-11T14:14:39","date_gmt":"2011-10-11T14:14:39","guid":{"rendered":"http:\/\/www.ufpel.edu.br\/ich\/fotografiaetrabalho\/beta05-01\/?page_id=4"},"modified":"2017-05-11T14:06:22","modified_gmt":"2017-05-11T17:06:22","slug":"apresentacao","status":"publish","type":"page","link":"https:\/\/wp.ufpel.edu.br\/fototrabalho\/apresentacao\/","title":{"rendered":"Apresenta\u00e7\u00e3o"},"content":{"rendered":"<h2>As fun\u00e7\u00f5es e os sentidos do registro fotogr\u00e1fico sobre o trabalho durante o s\u00e9culo XX no Rio Grande do Sul<\/h2>\n<h3>Projeto de pesquisa apresentado no Edital CNPq N\u00ba 14\/2010 &#8211; UNIVERSAL<\/h3>\n<div class=\"tiled-gallery type-rectangular tiled-gallery-unresized\" data-original-width=\"584\" data-carousel-extra='{&quot;blog_id&quot;:756,&quot;permalink&quot;:&quot;https:\\\/\\\/wp.ufpel.edu.br\\\/fototrabalho\\\/apresentacao\\\/&quot;,&quot;likes_blog_id&quot;:128821282}' itemscope itemtype=\"http:\/\/schema.org\/ImageGallery\" > <div class=\"gallery-row\" style=\"width: 584px; height: 260px;\" data-original-width=\"584\" data-original-height=\"260\" > <div class=\"gallery-group images-1\" style=\"width: 390px; height: 260px;\" data-original-width=\"390\" data-original-height=\"260\" > <div class=\"tiled-gallery-item tiled-gallery-item-large\" itemprop=\"associatedMedia\" itemscope itemtype=\"http:\/\/schema.org\/ImageObject\"> <a href=\"https:\/\/i0.wp.com\/wp.ufpel.edu.br\/fototrabalho\/files\/2011\/10\/not0001.jpg?ssl=1\" border=\"0\" itemprop=\"url\"> <meta itemprop=\"width\" content=\"386\"> <meta itemprop=\"height\" content=\"256\"> <img decoding=\"async\" class=\"\" data-attachment-id=\"157\" data-orig-file=\"https:\/\/wp.ufpel.edu.br\/fototrabalho\/files\/2011\/10\/not0001.jpg\" data-orig-size=\"1054,700\" data-comments-opened=\"\" data-image-meta=\"{&quot;aperture&quot;:&quot;0&quot;,&quot;credit&quot;:&quot;&quot;,&quot;camera&quot;:&quot;&quot;,&quot;caption&quot;:&quot;&quot;,&quot;created_timestamp&quot;:&quot;0&quot;,&quot;copyright&quot;:&quot;&quot;,&quot;focal_length&quot;:&quot;0&quot;,&quot;iso&quot;:&quot;0&quot;,&quot;shutter_speed&quot;:&quot;0&quot;,&quot;title&quot;:&quot;&quot;,&quot;orientation&quot;:&quot;0&quot;}\" data-image-title=\"not0001\" data-image-description=\"&lt;p&gt;Foto por Denise Bujes Stumwoll&lt;\/p&gt; \" data-medium-file=\"https:\/\/i0.wp.com\/wp.ufpel.edu.br\/fototrabalho\/files\/2011\/10\/not0001.jpg?fit=424%2C282&#038;ssl=1\" data-large-file=\"https:\/\/i0.wp.com\/wp.ufpel.edu.br\/fototrabalho\/files\/2011\/10\/not0001.jpg?fit=584%2C131&#038;ssl=1\" src=\"https:\/\/i0.wp.com\/wp.ufpel.edu.br\/fototrabalho\/files\/2011\/10\/not0001.jpg?w=386&#038;h=256&#038;ssl=1\" srcset=\"https:\/\/i0.wp.com\/wp.ufpel.edu.br\/fototrabalho\/files\/2011\/10\/not0001.jpg?w=1054&amp;ssl=1 1054w, https:\/\/i0.wp.com\/wp.ufpel.edu.br\/fototrabalho\/files\/2011\/10\/not0001.jpg?resize=212%2C141&amp;ssl=1 212w, https:\/\/i0.wp.com\/wp.ufpel.edu.br\/fototrabalho\/files\/2011\/10\/not0001.jpg?resize=424%2C282&amp;ssl=1 424w, https:\/\/i0.wp.com\/wp.ufpel.edu.br\/fototrabalho\/files\/2011\/10\/not0001.jpg?resize=768%2C510&amp;ssl=1 768w\" width=\"386\" height=\"256\" loading=\"lazy\" data-original-width=\"386\" data-original-height=\"256\" itemprop=\"http:\/\/schema.org\/image\" title=\"not0001\" alt=\"not0001\" style=\"width: 386px; height: 256px;\" \/> <\/a> <\/div> <\/div> <!-- close group --> <div class=\"gallery-group images-2\" style=\"width: 194px; height: 260px;\" data-original-width=\"194\" data-original-height=\"260\" > <div class=\"tiled-gallery-item tiled-gallery-item-small\" itemprop=\"associatedMedia\" itemscope itemtype=\"http:\/\/schema.org\/ImageObject\"> <a href=\"https:\/\/i0.wp.com\/wp.ufpel.edu.br\/fototrabalho\/files\/2011\/10\/not0009.jpg?ssl=1\" border=\"0\" itemprop=\"url\"> <meta itemprop=\"width\" content=\"190\"> <meta itemprop=\"height\" content=\"126\"> <img decoding=\"async\" class=\"\" data-attachment-id=\"320\" data-orig-file=\"https:\/\/wp.ufpel.edu.br\/fototrabalho\/files\/2011\/10\/not0009.jpg\" data-orig-size=\"795,529\" data-comments-opened=\"\" data-image-meta=\"{&quot;aperture&quot;:&quot;0&quot;,&quot;credit&quot;:&quot;&quot;,&quot;camera&quot;:&quot;&quot;,&quot;caption&quot;:&quot;&quot;,&quot;created_timestamp&quot;:&quot;0&quot;,&quot;copyright&quot;:&quot;&quot;,&quot;focal_length&quot;:&quot;0&quot;,&quot;iso&quot;:&quot;0&quot;,&quot;shutter_speed&quot;:&quot;0&quot;,&quot;title&quot;:&quot;&quot;,&quot;orientation&quot;:&quot;0&quot;}\" data-image-title=\"not0009\" data-image-description=\"\" data-medium-file=\"https:\/\/i0.wp.com\/wp.ufpel.edu.br\/fototrabalho\/files\/2011\/10\/not0009.jpg?fit=424%2C282&#038;ssl=1\" data-large-file=\"https:\/\/i0.wp.com\/wp.ufpel.edu.br\/fototrabalho\/files\/2011\/10\/not0009.jpg?fit=584%2C162&#038;ssl=1\" src=\"https:\/\/i0.wp.com\/wp.ufpel.edu.br\/fototrabalho\/files\/2011\/10\/not0009.jpg?w=190&#038;h=126&#038;ssl=1\" srcset=\"https:\/\/i0.wp.com\/wp.ufpel.edu.br\/fototrabalho\/files\/2011\/10\/not0009.jpg?w=795&amp;ssl=1 795w, https:\/\/i0.wp.com\/wp.ufpel.edu.br\/fototrabalho\/files\/2011\/10\/not0009.jpg?resize=212%2C141&amp;ssl=1 212w, https:\/\/i0.wp.com\/wp.ufpel.edu.br\/fototrabalho\/files\/2011\/10\/not0009.jpg?resize=424%2C282&amp;ssl=1 424w, https:\/\/i0.wp.com\/wp.ufpel.edu.br\/fototrabalho\/files\/2011\/10\/not0009.jpg?resize=768%2C511&amp;ssl=1 768w\" width=\"190\" height=\"126\" loading=\"lazy\" data-original-width=\"190\" data-original-height=\"126\" itemprop=\"http:\/\/schema.org\/image\" title=\"not0009\" alt=\"not0009\" style=\"width: 190px; height: 126px;\" \/> <\/a> <div class=\"tiled-gallery-caption\" itemprop=\"caption description\"> not0009 <\/div> <\/div> <div class=\"tiled-gallery-item tiled-gallery-item-small\" itemprop=\"associatedMedia\" itemscope itemtype=\"http:\/\/schema.org\/ImageObject\"> <a href=\"https:\/\/i0.wp.com\/wp.ufpel.edu.br\/fototrabalho\/files\/2011\/10\/Equipe-com-a-respons%C3%A1vel-pela.jpg?ssl=1\" border=\"0\" itemprop=\"url\"> <meta itemprop=\"width\" content=\"190\"> <meta itemprop=\"height\" content=\"126\"> <img decoding=\"async\" class=\"\" data-attachment-id=\"317\" data-orig-file=\"https:\/\/wp.ufpel.edu.br\/fototrabalho\/files\/2011\/10\/Equipe-com-a-respons\u00e1vel-pela.jpg\" data-orig-size=\"921,612\" data-comments-opened=\"\" data-image-meta=\"{&quot;aperture&quot;:&quot;0&quot;,&quot;credit&quot;:&quot;&quot;,&quot;camera&quot;:&quot;&quot;,&quot;caption&quot;:&quot;&quot;,&quot;created_timestamp&quot;:&quot;0&quot;,&quot;copyright&quot;:&quot;&quot;,&quot;focal_length&quot;:&quot;0&quot;,&quot;iso&quot;:&quot;0&quot;,&quot;shutter_speed&quot;:&quot;0&quot;,&quot;title&quot;:&quot;&quot;,&quot;orientation&quot;:&quot;0&quot;}\" data-image-title=\"Equipe com a respons\u00e1vel pela\" data-image-description=\"\" data-medium-file=\"https:\/\/i0.wp.com\/wp.ufpel.edu.br\/fototrabalho\/files\/2011\/10\/Equipe-com-a-respons%C3%A1vel-pela.jpg?fit=424%2C282&#038;ssl=1\" data-large-file=\"https:\/\/i0.wp.com\/wp.ufpel.edu.br\/fototrabalho\/files\/2011\/10\/Equipe-com-a-respons%C3%A1vel-pela.jpg?fit=584%2C140&#038;ssl=1\" src=\"https:\/\/i0.wp.com\/wp.ufpel.edu.br\/fototrabalho\/files\/2011\/10\/Equipe-com-a-respons%C3%A1vel-pela.jpg?w=190&#038;h=126&#038;ssl=1\" width=\"190\" height=\"126\" loading=\"lazy\" data-original-width=\"190\" data-original-height=\"126\" itemprop=\"http:\/\/schema.org\/image\" title=\"Equipe com a respons\u00e1vel pela\" alt=\"Equipe com a respons\u00e1vel pela\" style=\"width: 190px; height: 126px;\" \/> <\/a> <div class=\"tiled-gallery-caption\" itemprop=\"caption description\"> Equipe com a respons\u00e1vel pela <\/div> <\/div> <\/div> <!-- close group --> <\/div> <!-- close row --> <div class=\"gallery-row\" style=\"width: 584px; height: 213px;\" data-original-width=\"584\" data-original-height=\"213\" > <div class=\"gallery-group images-1\" style=\"width: 318px; height: 213px;\" data-original-width=\"318\" data-original-height=\"213\" > <div class=\"tiled-gallery-item tiled-gallery-item-large\" itemprop=\"associatedMedia\" itemscope itemtype=\"http:\/\/schema.org\/ImageObject\"> <a href=\"https:\/\/i0.wp.com\/wp.ufpel.edu.br\/fototrabalho\/files\/2011\/10\/A-responsavel-pela-Fototeca.jpg?ssl=1\" border=\"0\" itemprop=\"url\"> <meta itemprop=\"width\" content=\"314\"> <meta itemprop=\"height\" content=\"209\"> <img decoding=\"async\" class=\"\" data-attachment-id=\"316\" data-orig-file=\"https:\/\/wp.ufpel.edu.br\/fototrabalho\/files\/2011\/10\/A-responsavel-pela-Fototeca.jpg\" data-orig-size=\"904,600\" data-comments-opened=\"\" data-image-meta=\"{&quot;aperture&quot;:&quot;0&quot;,&quot;credit&quot;:&quot;&quot;,&quot;camera&quot;:&quot;&quot;,&quot;caption&quot;:&quot;&quot;,&quot;created_timestamp&quot;:&quot;0&quot;,&quot;copyright&quot;:&quot;&quot;,&quot;focal_length&quot;:&quot;0&quot;,&quot;iso&quot;:&quot;0&quot;,&quot;shutter_speed&quot;:&quot;0&quot;,&quot;title&quot;:&quot;&quot;,&quot;orientation&quot;:&quot;0&quot;}\" data-image-title=\"A responsavel pela Fototeca\" data-image-description=\"\" data-medium-file=\"https:\/\/i0.wp.com\/wp.ufpel.edu.br\/fototrabalho\/files\/2011\/10\/A-responsavel-pela-Fototeca.jpg?fit=424%2C281&#038;ssl=1\" data-large-file=\"https:\/\/i0.wp.com\/wp.ufpel.edu.br\/fototrabalho\/files\/2011\/10\/A-responsavel-pela-Fototeca.jpg?fit=584%2C142&#038;ssl=1\" src=\"https:\/\/i0.wp.com\/wp.ufpel.edu.br\/fototrabalho\/files\/2011\/10\/A-responsavel-pela-Fototeca.jpg?w=314&#038;h=209&#038;ssl=1\" srcset=\"https:\/\/i0.wp.com\/wp.ufpel.edu.br\/fototrabalho\/files\/2011\/10\/A-responsavel-pela-Fototeca.jpg?w=904&amp;ssl=1 904w, https:\/\/i0.wp.com\/wp.ufpel.edu.br\/fototrabalho\/files\/2011\/10\/A-responsavel-pela-Fototeca.jpg?resize=212%2C141&amp;ssl=1 212w, https:\/\/i0.wp.com\/wp.ufpel.edu.br\/fototrabalho\/files\/2011\/10\/A-responsavel-pela-Fototeca.jpg?resize=424%2C281&amp;ssl=1 424w, https:\/\/i0.wp.com\/wp.ufpel.edu.br\/fototrabalho\/files\/2011\/10\/A-responsavel-pela-Fototeca.jpg?resize=768%2C510&amp;ssl=1 768w\" width=\"314\" height=\"209\" loading=\"lazy\" data-original-width=\"314\" data-original-height=\"209\" itemprop=\"http:\/\/schema.org\/image\" title=\"A responsavel pela Fototeca\" alt=\"A responsavel pela Fototeca\" style=\"width: 314px; height: 209px;\" \/> <\/a> <div class=\"tiled-gallery-caption\" itemprop=\"caption description\"> A responsavel pela Fototeca <\/div> <\/div> <\/div> <!-- close group --> <div class=\"gallery-group images-1\" style=\"width: 266px; height: 213px;\" data-original-width=\"266\" data-original-height=\"213\" > <div class=\"tiled-gallery-item tiled-gallery-item-large\" itemprop=\"associatedMedia\" itemscope itemtype=\"http:\/\/schema.org\/ImageObject\"> <a href=\"https:\/\/i0.wp.com\/wp.ufpel.edu.br\/fototrabalho\/files\/2011\/10\/Visita-t%C2%AEcnica-Museu-da-Ufrgs-Foto-Denise-Stumvoll.jpg?ssl=1\" border=\"0\" itemprop=\"url\"> <meta itemprop=\"width\" content=\"262\"> <meta itemprop=\"height\" content=\"209\"> <img decoding=\"async\" class=\"\" data-attachment-id=\"315\" data-orig-file=\"https:\/\/wp.ufpel.edu.br\/fototrabalho\/files\/2011\/10\/Visita-t\u00aecnica-Museu-da-Ufrgs-Foto-Denise-Stumvoll.jpg\" data-orig-size=\"660,526\" data-comments-opened=\"\" data-image-meta=\"{&quot;aperture&quot;:&quot;0&quot;,&quot;credit&quot;:&quot;&quot;,&quot;camera&quot;:&quot;&quot;,&quot;caption&quot;:&quot;&quot;,&quot;created_timestamp&quot;:&quot;0&quot;,&quot;copyright&quot;:&quot;&quot;,&quot;focal_length&quot;:&quot;0&quot;,&quot;iso&quot;:&quot;0&quot;,&quot;shutter_speed&quot;:&quot;0&quot;,&quot;title&quot;:&quot;&quot;,&quot;orientation&quot;:&quot;1&quot;}\" data-image-title=\"Visita t+\u00aecnica Museu da Ufrgs Foto Denise Stumvoll\" data-image-description=\"\" data-medium-file=\"https:\/\/i0.wp.com\/wp.ufpel.edu.br\/fototrabalho\/files\/2011\/10\/Visita-t%C2%AEcnica-Museu-da-Ufrgs-Foto-Denise-Stumvoll.jpg?fit=399%2C318&#038;ssl=1\" data-large-file=\"https:\/\/i0.wp.com\/wp.ufpel.edu.br\/fototrabalho\/files\/2011\/10\/Visita-t%C2%AEcnica-Museu-da-Ufrgs-Foto-Denise-Stumvoll.jpg?fit=584%2C195&#038;ssl=1\" src=\"https:\/\/i0.wp.com\/wp.ufpel.edu.br\/fototrabalho\/files\/2011\/10\/Visita-t%C2%AEcnica-Museu-da-Ufrgs-Foto-Denise-Stumvoll.jpg?w=262&#038;h=209&#038;ssl=1\" width=\"262\" height=\"209\" loading=\"lazy\" data-original-width=\"262\" data-original-height=\"209\" itemprop=\"http:\/\/schema.org\/image\" title=\"Visita t+\u00aecnica Museu da Ufrgs Foto Denise Stumvoll\" alt=\"Visita t\u00e9cnica Museu da Ufrgs Foto Denise Stumvoll\" style=\"width: 262px; height: 209px;\" \/> <\/a> <div class=\"tiled-gallery-caption\" itemprop=\"caption description\"> Visita t\u00e9cnica Museu da Ufrgs Foto Denise Stumvoll <\/div> <\/div> <\/div> <!-- close group --> <\/div> <!-- close row --> <div class=\"gallery-row\" style=\"width: 584px; height: 363px;\" data-original-width=\"584\" data-original-height=\"363\" > <div class=\"gallery-group images-1\" style=\"width: 584px; height: 363px;\" data-original-width=\"584\" data-original-height=\"363\" > <div class=\"tiled-gallery-item tiled-gallery-item-large\" itemprop=\"associatedMedia\" itemscope itemtype=\"http:\/\/schema.org\/ImageObject\"> <a href=\"https:\/\/i0.wp.com\/wp.ufpel.edu.br\/fototrabalho\/files\/2011\/10\/Montenegro-4-Foto-Denise-Stumvoll.jpg?ssl=1\" border=\"0\" itemprop=\"url\"> <meta itemprop=\"width\" content=\"580\"> <meta itemprop=\"height\" content=\"359\"> <img decoding=\"async\" class=\"\" data-attachment-id=\"314\" data-orig-file=\"https:\/\/wp.ufpel.edu.br\/fototrabalho\/files\/2011\/10\/Montenegro-4-Foto-Denise-Stumvoll.jpg\" data-orig-size=\"784,485\" data-comments-opened=\"\" data-image-meta=\"{&quot;aperture&quot;:&quot;0&quot;,&quot;credit&quot;:&quot;&quot;,&quot;camera&quot;:&quot;&quot;,&quot;caption&quot;:&quot;&quot;,&quot;created_timestamp&quot;:&quot;0&quot;,&quot;copyright&quot;:&quot;&quot;,&quot;focal_length&quot;:&quot;0&quot;,&quot;iso&quot;:&quot;0&quot;,&quot;shutter_speed&quot;:&quot;0&quot;,&quot;title&quot;:&quot;&quot;,&quot;orientation&quot;:&quot;1&quot;}\" data-image-title=\"Montenegro 4 Foto Denise Stumvoll\" data-image-description=\"\" data-medium-file=\"https:\/\/i0.wp.com\/wp.ufpel.edu.br\/fototrabalho\/files\/2011\/10\/Montenegro-4-Foto-Denise-Stumvoll.jpg?fit=424%2C262&#038;ssl=1\" data-large-file=\"https:\/\/i0.wp.com\/wp.ufpel.edu.br\/fototrabalho\/files\/2011\/10\/Montenegro-4-Foto-Denise-Stumvoll.jpg?fit=584%2C164&#038;ssl=1\" src=\"https:\/\/i0.wp.com\/wp.ufpel.edu.br\/fototrabalho\/files\/2011\/10\/Montenegro-4-Foto-Denise-Stumvoll.jpg?w=580&#038;h=359&#038;ssl=1\" srcset=\"https:\/\/i0.wp.com\/wp.ufpel.edu.br\/fototrabalho\/files\/2011\/10\/Montenegro-4-Foto-Denise-Stumvoll.jpg?w=784&amp;ssl=1 784w, https:\/\/i0.wp.com\/wp.ufpel.edu.br\/fototrabalho\/files\/2011\/10\/Montenegro-4-Foto-Denise-Stumvoll.jpg?resize=212%2C131&amp;ssl=1 212w, https:\/\/i0.wp.com\/wp.ufpel.edu.br\/fototrabalho\/files\/2011\/10\/Montenegro-4-Foto-Denise-Stumvoll.jpg?resize=424%2C262&amp;ssl=1 424w, https:\/\/i0.wp.com\/wp.ufpel.edu.br\/fototrabalho\/files\/2011\/10\/Montenegro-4-Foto-Denise-Stumvoll.jpg?resize=768%2C475&amp;ssl=1 768w\" width=\"580\" height=\"359\" loading=\"lazy\" data-original-width=\"580\" data-original-height=\"359\" itemprop=\"http:\/\/schema.org\/image\" title=\"Montenegro 4 Foto Denise Stumvoll\" alt=\"Montenegro 4 Foto Denise Stumvoll\" style=\"width: 580px; height: 359px;\" \/> <\/a> <div class=\"tiled-gallery-caption\" itemprop=\"caption description\"> Montenegro 4 Foto Denise Stumvoll <\/div> <\/div> <\/div> <!-- close group --> <\/div> <!-- close row --> <\/div>\n<p>O projeto de pesquisa <strong>As fun\u00e7\u00f5es e os sentidos do registro fotogr\u00e1fico sobre o trabalho durante o s\u00e9culo XX no Rio Grande do Sul<\/strong>, apoiado no Edital CNPq N\u00ba 14\/2010 \u2013 UNIVERSAL, lotado no Departamento de Museologia, Conserva\u00e7\u00e3o e Restauro do Instituto de Ci\u00eancias Humanas da Universidade Federal de Pelotas, constitui uma proposta de investiga\u00e7\u00e3o sobre os acervos residentes em institui\u00e7\u00f5es do Rio Grande do Sul, j\u00e1 sistematizados ou em fase de sistematiza\u00e7\u00e3o, que apresentam o tema Trabalho como um dos indexadores dos documentos visuais. A proposta originou-se do acervo de tr\u00eas institui\u00e7\u00f5es: do Arquivo Fotogr\u00e1fico Mem\u00f3ria da Universidade Federal de Pelotas; do Memorial da Sociedade de Gin\u00e1stica Porto Alegre \u2013 SOGIPA e do Museu da Comunica\u00e7\u00e3o Hip\u00f3lito Jos\u00e9 da Costa. Nesses acervos fotogr\u00e1ficos se plasmam situa\u00e7\u00f5es que tanto elucidam os contextos da cidade como os seus agentes sociais ao longo do tempo. O trabalho, desde meados do s\u00e9culo XIX, vem se configurando como um tema da fotografia, especialmente no g\u00eanero documenta\u00e7\u00e3o. E com muita frequ\u00eancia, as documenta\u00e7\u00f5es se originaram alheias aos prop\u00f3sitos da den\u00fancia social ou das injusti\u00e7as imputadas aos trabalhadores. \u00c9 isso o que se observou nos acervos das institui\u00e7\u00f5es parceiras desse projeto. Muitas dessas documenta\u00e7\u00f5es objetivavam registrar a ocorr\u00eancia de grandes obras que os governos estavam realizando ou apenas gerar registros para fins de relat\u00f3rios de empreendimentos e de servi\u00e7os. Boa parte do registro do trabalho feito ao longo da hist\u00f3ria da fotografia n\u00e3o esteve motivada a registrar o trabalhador, sua atividade ou suas condi\u00e7\u00f5es para exerc\u00ea-las, portanto. Mas hoje, apartadas dos motivos que as geraram, essas fotografias mostram aspectos de realidades pregressas que podem n\u00e3o ter sido registrados por outros meios, ou ainda, podem confirmar ou ampliar aspectos j\u00e1 conhecidos. Assim, a rela\u00e7\u00e3o entre o que essas fotografias apresentam e a forma como s\u00e3o disponibilizadas est\u00e1 diretamente ligada \u00e0 apreens\u00e3o das fun\u00e7\u00f5es que elas deveriam ter quando foram feitas.<\/p>\n<p>Atribuir sentidos a essas fun\u00e7\u00f5es configura, portanto, um recurso para dar corpo ao conjunto fotogr\u00e1fico que existe no Rio Grande do Sul, regendo-se como finalidade torn\u00e1-lo dispon\u00edvel ao p\u00fablico. O objetivo geral desse projeto \u00e9 investigar as profundas e continuadas rela\u00e7\u00f5es entre a fotografia e o registro do trabalho durante o s\u00e9culo XX, no Rio Grande do Sul, tendo em vista o que h\u00e1 reunido nas institui\u00e7\u00f5es de documenta\u00e7\u00e3o e mem\u00f3ria do Estado. Na investiga\u00e7\u00e3o deseja-se depreender tanto fun\u00e7\u00f5es como os sentidos dessas fun\u00e7\u00f5es que definiam os registros no momento de sua ocorr\u00eancia e as revela\u00e7\u00f5es sobre o \u00e2mbito dessas, apreendidas no presente. Pretende-se, portanto, atribuir valor e significado aos conjuntos fotogr\u00e1ficos que versem sobre o trabalho, existentes no Estado, propor uma l\u00f3gica de busca para a sistematiza\u00e7\u00e3o dos que n\u00e3o estiverem sistematizados e para a disponibiliza\u00e7\u00e3o dos que j\u00e1 estiverem. Por \u00faltimo, pretende-se contribuir para os estudos em curso que discutem a natureza dos documentos fotogr\u00e1ficos.<\/p>\n<hr \/>\n<p><a href=\"http:\/\/www.ufpel.edu.br\/ich\/fotografiaetrabalho\">www.ufpel.edu.br\/ich\/fotografiaetrabalho<\/a><\/p>\n","protected":false},"excerpt":{"rendered":"<p>As fun\u00e7\u00f5es e os sentidos do registro fotogr\u00e1fico sobre o trabalho durante o s\u00e9culo XX no Rio Grande do Sul Projeto de pesquisa apresentado no Edital CNPq N\u00ba 14\/2010 &#8211; UNIVERSAL O projeto de pesquisa As fun\u00e7\u00f5es e os sentidos &hellip; <a href=\"https:\/\/wp.ufpel.edu.br\/fototrabalho\/apresentacao\/\">Continue lendo <span class=\"meta-nav\">&rarr;<\/span><\/a><\/p>\n","protected":false},"author":744,"featured_media":0,"parent":0,"menu_order":0,"comment_status":"closed","ping_status":"closed","template":"","meta":{"jetpack_post_was_ever_published":false,"footnotes":""},"class_list":["post-737","page","type-page","status-publish","hentry"],"jetpack_sharing_enabled":true,"jetpack_shortlink":"https:\/\/wp.me\/P8IwiC-bT","_links":{"self":[{"href":"https:\/\/wp.ufpel.edu.br\/fototrabalho\/wp-json\/wp\/v2\/pages\/737","targetHints":{"allow":["GET"]}}],"collection":[{"href":"https:\/\/wp.ufpel.edu.br\/fototrabalho\/wp-json\/wp\/v2\/pages"}],"about":[{"href":"https:\/\/wp.ufpel.edu.br\/fototrabalho\/wp-json\/wp\/v2\/types\/page"}],"author":[{"embeddable":true,"href":"https:\/\/wp.ufpel.edu.br\/fototrabalho\/wp-json\/wp\/v2\/users\/744"}],"replies":[{"embeddable":true,"href":"https:\/\/wp.ufpel.edu.br\/fototrabalho\/wp-json\/wp\/v2\/comments?post=737"}],"version-history":[{"count":4,"href":"https:\/\/wp.ufpel.edu.br\/fototrabalho\/wp-json\/wp\/v2\/pages\/737\/revisions"}],"predecessor-version":[{"id":831,"href":"https:\/\/wp.ufpel.edu.br\/fototrabalho\/wp-json\/wp\/v2\/pages\/737\/revisions\/831"}],"wp:attachment":[{"href":"https:\/\/wp.ufpel.edu.br\/fototrabalho\/wp-json\/wp\/v2\/media?parent=737"}],"curies":[{"name":"wp","href":"https:\/\/api.w.org\/{rel}","templated":true}]}}