{"id":277,"date":"2024-03-01T23:09:41","date_gmt":"2024-03-02T02:09:41","guid":{"rendered":"https:\/\/wp.ufpel.edu.br\/fototecaufpel\/?page_id=277"},"modified":"2024-03-05T00:42:40","modified_gmt":"2024-03-05T03:42:40","slug":"apresentacao","status":"publish","type":"page","link":"https:\/\/wp.ufpel.edu.br\/fototecaufpel\/","title":{"rendered":"APRESENTA\u00c7\u00c3O"},"content":{"rendered":"<h2 style=\"text-align: center;\"><span style=\"color: #6b1522;\"><strong>Fototeca Mem\u00f3ria da Universidade Federal de Pelotas\u00a0<\/strong><\/span><\/h2>\n<p style=\"text-align: justify;\">A atual Fototeca Mem\u00f3ria da Universidade Federal de Pelotas surgiu com o t\u00edtulo de Arquivo Fotogr\u00e1fico Mem\u00f3ria da Universidade Federal de Pelotas em junho de 2009, como projeto de extens\u00e3o vinculado ao Museu de Arte Leopoldo Gotuzzo. Em outubro de 2011 migrou para o Departamento de Museologia, Conserva\u00e7\u00e3o e Restauro do Instituto de Ci\u00eancias Humanas, mantendo-se como projeto de extens\u00e3o continuado, a partir de ent\u00e3o vinculado aos Cursos de Museologia, Bacharelado em Conserva\u00e7\u00e3o e Restauro e Programa de P\u00f3s-Gradua\u00e7\u00e3o em Mem\u00f3ria Social e Patrim\u00f4nio Cultural. Foi neste momento que o seu nome mudou para Fototeca em decorr\u00eancia de sua miss\u00e3o em recolher e sistematizar cole\u00e7\u00f5es fotogr\u00e1ficas sobre a hist\u00f3ria da UFPel, tratando-as segundo os princ\u00edpios da documenta\u00e7\u00e3o museol\u00f3gica.<\/p>\n<p style=\"text-align: justify;\">Os trabalhos de investiga\u00e7\u00e3o gerados na Fototeca analisam as cole\u00e7\u00f5es fotogr\u00e1ficas como suportes para a constru\u00e7\u00e3o de narrativas memoriais sobre as unidades fundadoras da UFPel, bem como as demais, surgidas ap\u00f3s a funda\u00e7\u00e3o e investigam, transversalmente, as rela\u00e7\u00f5es entre a fotografia como documento e a mem\u00f3ria da Institui\u00e7\u00e3o.<\/p>\n<p style=\"text-align: justify;\">A principal meta da Fototeca \u00e9 disponibilizar ao p\u00fablico o cat\u00e1logo das cole\u00e7\u00f5es tratadas. Esta meta \u00e9 cumprida por meio da disponibiliza\u00e7\u00e3o atrav\u00e9s do site do projeto ou da reprodu\u00e7\u00e3o em m\u00eddia eletr\u00f4nica do cat\u00e1logo ou ainda outras que possam vir a oportunizar-se.<\/p>\n","protected":false},"excerpt":{"rendered":"<p>Fototeca Mem\u00f3ria da Universidade Federal de Pelotas\u00a0 A atual Fototeca Mem\u00f3ria da Universidade Federal de Pelotas surgiu com o t\u00edtulo de Arquivo Fotogr\u00e1fico Mem\u00f3ria da Universidade Federal de Pelotas em junho de 2009, como projeto de extens\u00e3o vinculado ao Museu de Arte Leopoldo Gotuzzo. Em outubro de 2011 migrou para o Departamento de Museologia, Conserva\u00e7\u00e3o [&hellip;]<\/p>\n","protected":false},"author":1349,"featured_media":0,"parent":0,"menu_order":0,"comment_status":"closed","ping_status":"closed","template":"","meta":{"footnotes":""},"class_list":["post-277","page","type-page","status-publish","hentry","post"],"_links":{"self":[{"href":"https:\/\/wp.ufpel.edu.br\/fototecaufpel\/wp-json\/wp\/v2\/pages\/277","targetHints":{"allow":["GET"]}}],"collection":[{"href":"https:\/\/wp.ufpel.edu.br\/fototecaufpel\/wp-json\/wp\/v2\/pages"}],"about":[{"href":"https:\/\/wp.ufpel.edu.br\/fototecaufpel\/wp-json\/wp\/v2\/types\/page"}],"author":[{"embeddable":true,"href":"https:\/\/wp.ufpel.edu.br\/fototecaufpel\/wp-json\/wp\/v2\/users\/1349"}],"replies":[{"embeddable":true,"href":"https:\/\/wp.ufpel.edu.br\/fototecaufpel\/wp-json\/wp\/v2\/comments?post=277"}],"version-history":[{"count":5,"href":"https:\/\/wp.ufpel.edu.br\/fototecaufpel\/wp-json\/wp\/v2\/pages\/277\/revisions"}],"predecessor-version":[{"id":351,"href":"https:\/\/wp.ufpel.edu.br\/fototecaufpel\/wp-json\/wp\/v2\/pages\/277\/revisions\/351"}],"wp:attachment":[{"href":"https:\/\/wp.ufpel.edu.br\/fototecaufpel\/wp-json\/wp\/v2\/media?parent=277"}],"curies":[{"name":"wp","href":"https:\/\/api.w.org\/{rel}","templated":true}]}}