{"id":227,"date":"2024-03-01T22:32:23","date_gmt":"2024-03-02T01:32:23","guid":{"rendered":"https:\/\/wp.ufpel.edu.br\/fototecaufpel\/?page_id=227"},"modified":"2024-06-02T16:21:22","modified_gmt":"2024-06-02T19:21:22","slug":"marina-de-moraes-pires","status":"publish","type":"page","link":"https:\/\/wp.ufpel.edu.br\/fototecaufpel\/marina-de-moraes-pires\/","title":{"rendered":"Marina de Moraes Pires"},"content":{"rendered":"\n<div class=\"wp-block-cover alignfull\" style=\"margin-top:0;padding-top:5vw;padding-right:5vw;padding-bottom:5vw;padding-left:5vw\"><span aria-hidden=\"true\" class=\"wp-block-cover__background has-background-dim\" style=\"background-color:#6b1522\"><\/span><img loading=\"lazy\" decoding=\"async\" width=\"2456\" height=\"1653\" class=\"wp-block-cover__image-background wp-image-733\" alt=\"\" src=\"https:\/\/wp.ufpel.edu.br\/fototecaufpel\/files\/2024\/05\/MMP.F.13.189.jpg\" data-object-fit=\"cover\" srcset=\"https:\/\/wp.ufpel.edu.br\/fototecaufpel\/files\/2024\/05\/MMP.F.13.189.jpg 2456w, https:\/\/wp.ufpel.edu.br\/fototecaufpel\/files\/2024\/05\/MMP.F.13.189-400x269.jpg 400w, https:\/\/wp.ufpel.edu.br\/fototecaufpel\/files\/2024\/05\/MMP.F.13.189-1024x689.jpg 1024w, https:\/\/wp.ufpel.edu.br\/fototecaufpel\/files\/2024\/05\/MMP.F.13.189-768x517.jpg 768w, https:\/\/wp.ufpel.edu.br\/fototecaufpel\/files\/2024\/05\/MMP.F.13.189-1536x1034.jpg 1536w, https:\/\/wp.ufpel.edu.br\/fototecaufpel\/files\/2024\/05\/MMP.F.13.189-2048x1378.jpg 2048w, https:\/\/wp.ufpel.edu.br\/fototecaufpel\/files\/2024\/05\/MMP.F.13.189-272x182.jpg 272w\" sizes=\"auto, (max-width: 2456px) 100vw, 2456px\" \/><div class=\"wp-block-cover__inner-container is-layout-flow wp-block-cover-is-layout-flow\">\n<div class=\"wp-block-group is-layout-flex wp-container-core-group-is-layout-87ee99ac wp-block-group-is-layout-flex\">\n<div class=\"wp-block-group wp-container-content-8eb0bdf3\"><div class=\"wp-block-group__inner-container is-layout-flow wp-block-group-is-layout-flow\">\n<p class=\"wp-container-content-aeb25491\" style=\"font-size:17px;font-style:normal;font-weight:300;letter-spacing:0px;line-height:1.4;text-decoration:none;text-transform:none\"><mark style=\"background-color:rgba(0, 0, 0, 0)\" class=\"has-inline-color has-white-color\">Para utilizar o acervo em pesquisa ou produ\u00e7\u00e3o de conte\u00fado, pedir direito de uso da imagem logo abaixo.<\/mark><\/p>\n\n\n\n<div class=\"wp-block-buttons is-layout-flex wp-block-buttons-is-layout-flex\">\n<div class=\"wp-block-button has-custom-font-size\" style=\"font-size:17px;font-style:normal;font-weight:700;letter-spacing:0px;text-decoration:none;text-transform:uppercase\"><a class=\"wp-block-button__link has-white-color has-black-background-color has-text-color has-background wp-element-button\" style=\"border-radius:0px;border-top-style:none;border-top-width:0px;border-right-style:none;border-right-width:0px;border-bottom-style:none;border-bottom-width:0px;border-left-style:none;border-left-width:0px;padding-top:14px;padding-right:36px;padding-bottom:14px;padding-left:36px\">termo de uso de imagem<\/a><\/div>\n<\/div>\n<\/div><\/div>\n\n\n\n<div class=\"wp-block-group wp-container-content-9cfa9a5a\"><div class=\"wp-block-group__inner-container is-layout-flow wp-block-group-is-layout-flow\">\n<p class=\"has-text-align-right has-black-color has-text-color\" style=\"font-size:148px;font-style:normal;font-weight:700;letter-spacing:-4px;line-height:0.8;text-transform:uppercase\">cole\u00e7\u00e3o<\/p>\n\n\n\n<p class=\"has-text-align-right has-white-color has-text-color\" style=\"font-size:148px;font-style:normal;font-weight:700;letter-spacing:-4px;line-height:0.8;text-transform:uppercase\">Marina de Moraes Pires<\/p>\n<\/div><\/div>\n<\/div>\n<\/div><\/div>\n","protected":false},"excerpt":{"rendered":"","protected":false},"author":1349,"featured_media":0,"parent":0,"menu_order":0,"comment_status":"closed","ping_status":"closed","template":"","meta":{"footnotes":""},"class_list":["post-227","page","type-page","status-publish","hentry","post"],"_links":{"self":[{"href":"https:\/\/wp.ufpel.edu.br\/fototecaufpel\/wp-json\/wp\/v2\/pages\/227","targetHints":{"allow":["GET"]}}],"collection":[{"href":"https:\/\/wp.ufpel.edu.br\/fototecaufpel\/wp-json\/wp\/v2\/pages"}],"about":[{"href":"https:\/\/wp.ufpel.edu.br\/fototecaufpel\/wp-json\/wp\/v2\/types\/page"}],"author":[{"embeddable":true,"href":"https:\/\/wp.ufpel.edu.br\/fototecaufpel\/wp-json\/wp\/v2\/users\/1349"}],"replies":[{"embeddable":true,"href":"https:\/\/wp.ufpel.edu.br\/fototecaufpel\/wp-json\/wp\/v2\/comments?post=227"}],"version-history":[{"count":4,"href":"https:\/\/wp.ufpel.edu.br\/fototecaufpel\/wp-json\/wp\/v2\/pages\/227\/revisions"}],"predecessor-version":[{"id":758,"href":"https:\/\/wp.ufpel.edu.br\/fototecaufpel\/wp-json\/wp\/v2\/pages\/227\/revisions\/758"}],"wp:attachment":[{"href":"https:\/\/wp.ufpel.edu.br\/fototecaufpel\/wp-json\/wp\/v2\/media?parent=227"}],"curies":[{"name":"wp","href":"https:\/\/api.w.org\/{rel}","templated":true}]}}