{"id":518,"date":"2018-09-19T11:04:24","date_gmt":"2018-09-19T14:04:24","guid":{"rendered":"https:\/\/wp.ufpel.edu.br\/forumedunocampo\/?page_id=518"},"modified":"2018-09-19T11:04:24","modified_gmt":"2018-09-19T14:04:24","slug":"evento-2","status":"publish","type":"page","link":"https:\/\/wp.ufpel.edu.br\/forumedunocampo\/evento-2\/","title":{"rendered":"Evento"},"content":{"rendered":"<p style=\"text-align: justify\">Neste ano,\u00a0 os F\u00f3runs Regionais da Educa\u00e7\u00e3o do Campo ser\u00e3o realizados em quatro regi\u00f5es do nosso estado, o Rio Grande do Sul. Sendo a tem\u00e1tica desta edi\u00e7\u00e3o do evento, a comemora\u00e7\u00e3o dos 20 anos da exist\u00eancia da Educa\u00e7\u00e3o do Campo!<\/p>\n<p style=\"text-align: justify\">Os F\u00f3runs Regionais acontecer\u00e3o nos seguintes locais e datas:<br \/>\n<strong>Sul:<\/strong>\u00a0na cidade de Pelotas, a cargo da Universidade Federal de Pelotas (UFPel), nos dias 24 e 25 de agosto.<br \/>\n<strong>Centro:<\/strong>\u00a0na cidade de Santa Maria, a cargo da Universidade Federal de Santa Maria (UFSM), nos dias 30 e 31 de agosto.<br \/>\n<strong>Grande Porto Alegre:<\/strong> a cargo da Universidade Federal do Rio Grande do Sul (UFRGS), no campus Litoral, nos dias 10 e 11 de setembro.<br \/>\n<strong>Norte:<\/strong>\u00a0na cidade de Erechim, a cargo da\u00a0Universidade Federal da Fronteira Sul (UFFS), nos dias 13 e 14 de setembro.<\/p>\n<p style=\"text-align: justify\">Todos os F\u00f3runs estar\u00e3o trabalhando os seguintes temas:<br \/>\na) a leitura da atualidade brasileira;<br \/>\nb) o balan\u00e7o da Educa\u00e7\u00e3o do Campo, nesses 20 anos de exist\u00eancia;<br \/>\nc) an\u00e1lise recente das diretrizes da Educa\u00e7\u00e3o do Campo no Rio Grande do Sul.<\/p>\n<p style=\"text-align: justify\">Os demais temas ficam a cargo das especificidades regionais.<\/p>\n<p style=\"text-align: justify\">Dessa forma, os F\u00f3runs t\u00eam como meta propiciar um momento importante de articula\u00e7\u00e3o, atualiza\u00e7\u00e3o, socializa\u00e7\u00e3o e produ\u00e7\u00e3o de conhecimento; assim como de forma\u00e7\u00e3o dos participantes: professores das redes e Institui\u00e7\u00f5es de Ensino Superior (IES), estudantes de gradua\u00e7\u00e3o e p\u00f3s-gradua\u00e7\u00e3o, educadores dos movimentos sociais e demais organiza\u00e7\u00f5es.<\/p>\n<p style=\"text-align: justify\">Continuando a usar a metodologia de sempre: mesas de discuss\u00e3o, apresenta\u00e7\u00f5es de trabalhos nas modalidades de p\u00f4ster, relatos de experi\u00eancias e pesquisas acad\u00eamicas, apresenta\u00e7\u00f5es culturais, feira de livros e economia solid\u00e1ria, m\u00edsticas e exposi\u00e7\u00e3o de trabalhos das escolas do campo.<\/p>\n<p style=\"text-align: justify\">As organiza\u00e7\u00f5es regionais, como\u00a0movimentos sociais, secretarias de educa\u00e7\u00e3o, IES, entre outros, s\u00e3o chamadas a contribuir no processo de constru\u00e7\u00e3o do Semin\u00e1rio Internacional de Educa\u00e7\u00e3o do Campo e F\u00f3rum Regional do Centro e Sul do Rio Grande do Sul (SIFEDOC).<\/p>\n<p style=\"text-align: justify\">Contamos com o empenho e a participa\u00e7\u00e3o de todos.<br \/>\nLembramos que em 2019 ser\u00e1 realizado o IV Semin\u00e1rio Internacional, sendo sediado no estado do Paran\u00e1!<\/p>\n","protected":false},"excerpt":{"rendered":"<p>Neste ano,\u00a0 os F\u00f3runs Regionais da Educa\u00e7\u00e3o do Campo ser\u00e3o realizados em quatro regi\u00f5es do nosso estado, o Rio Grande do Sul. Sendo a tem\u00e1tica desta edi\u00e7\u00e3o do evento, a comemora\u00e7\u00e3o dos 20 anos da exist\u00eancia da Educa\u00e7\u00e3o do Campo! Os F\u00f3runs Regionais acontecer\u00e3o nos seguintes locais e datas: Sul:\u00a0na cidade de Pelotas, a cargo &hellip; <\/p>\n<p><a class=\"more-link btn\" href=\"https:\/\/wp.ufpel.edu.br\/forumedunocampo\/evento-2\/\">Continue lendo<\/a><\/p>\n","protected":false},"author":856,"featured_media":0,"parent":0,"menu_order":0,"comment_status":"closed","ping_status":"closed","template":"","meta":{"footnotes":""},"class_list":["post-518","page","type-page","status-publish","hentry","nodate","item-wrap"],"_links":{"self":[{"href":"https:\/\/wp.ufpel.edu.br\/forumedunocampo\/wp-json\/wp\/v2\/pages\/518","targetHints":{"allow":["GET"]}}],"collection":[{"href":"https:\/\/wp.ufpel.edu.br\/forumedunocampo\/wp-json\/wp\/v2\/pages"}],"about":[{"href":"https:\/\/wp.ufpel.edu.br\/forumedunocampo\/wp-json\/wp\/v2\/types\/page"}],"author":[{"embeddable":true,"href":"https:\/\/wp.ufpel.edu.br\/forumedunocampo\/wp-json\/wp\/v2\/users\/856"}],"replies":[{"embeddable":true,"href":"https:\/\/wp.ufpel.edu.br\/forumedunocampo\/wp-json\/wp\/v2\/comments?post=518"}],"version-history":[{"count":1,"href":"https:\/\/wp.ufpel.edu.br\/forumedunocampo\/wp-json\/wp\/v2\/pages\/518\/revisions"}],"predecessor-version":[{"id":520,"href":"https:\/\/wp.ufpel.edu.br\/forumedunocampo\/wp-json\/wp\/v2\/pages\/518\/revisions\/520"}],"wp:attachment":[{"href":"https:\/\/wp.ufpel.edu.br\/forumedunocampo\/wp-json\/wp\/v2\/media?parent=518"}],"curies":[{"name":"wp","href":"https:\/\/api.w.org\/{rel}","templated":true}]}}