{"id":30,"date":"2018-05-17T19:23:39","date_gmt":"2018-05-17T22:23:39","guid":{"rendered":"https:\/\/wp.ufpel.edu.br\/forumedunocampo\/?page_id=30"},"modified":"2018-08-03T18:17:56","modified_gmt":"2018-08-03T21:17:56","slug":"inscricao","status":"publish","type":"page","link":"https:\/\/wp.ufpel.edu.br\/forumedunocampo\/inscricao\/","title":{"rendered":"INSCRI\u00c7\u00c3O"},"content":{"rendered":"<p><strong>Inscri\u00e7\u00f5es encerradas!<\/strong><\/p>\n<p>______________________________________________________________________________<\/p>\n<p>Para realizar a inscri\u00e7\u00e3o, \u00e9 necess\u00e1rio responder o seguinte formul\u00e1rio:<\/p>\n<p><a href=\"https:\/\/goo.gl\/forms\/16RwhOvpH93TC5vN2\">https:\/\/goo.gl\/forms\/16RwhOvpH93TC5vN2<\/a><\/p>\n<p>Confira as normas para submiss\u00e3o de trabalhos <a href=\"https:\/\/wp.ufpel.edu.br\/forumedunocampo\/2018\/05\/19\/submissao-de-trabalhos\/\">aqui.<\/a><\/p>\n<p align=\"justify\"><span style=\"font-family: Arial, sans-serif\"><b>Prazos das inscri\u00e7\u00f5es\u00a0<\/b><\/span><\/p>\n<p align=\"justify\"><strong><span style=\"font-family: Arial, sans-serif\">Envio de trabalhos (incluindo todas as categorias: p\u00f4ster, relato e trabalho completo):<\/span><\/strong><span style=\"font-family: Arial, sans-serif\">\u00a001 de junho a 31 de julho de 2018 ou at\u00e9 esgotarem as vagas. (Este per\u00edodo \u00e9 o prorrogado)<\/span><\/p>\n<p align=\"justify\"><span style=\"font-family: Arial, sans-serif\"><strong>Inscri\u00e7\u00e3o de ouvintes:<\/strong> 01 de junho a 15 de agosto de 2018<\/span><\/p>\n<p align=\"justify\"><span style=\"font-family: Arial, sans-serif\"><b>Limite de inscri\u00e7\u00f5es:\u00a0300 pessoas\u00a0\u00a0<\/b><\/span><\/p>\n<p><strong>ATEN\u00c7\u00c3O:<\/strong><\/p>\n<p style=\"text-align: justify\">Neste ano, a comiss\u00e3o organizadora do IV Semin\u00e1rio de Educa\u00e7\u00e3o do Campo da Regi\u00e3o Sul do Rio Grande do Sul optou por n\u00e3o cobrar taxa de inscri\u00e7\u00e3o devido ao momento de crise que nosso pa\u00eds enfrenta. Nesse sentido, tamb\u00e9m queremos refor\u00e7ar um esp\u00edrito de coletividade que nos une como diferentes sujeitos lutando por princ\u00edpios comuns.<\/p>\n<p style=\"text-align: justify\">Os materiais para o credenciamento ser\u00e3o organizados pelo Programa de Educa\u00e7\u00e3o Tutorial &#8211; Grupo de A\u00e7\u00e3o e Pesquisa em Educa\u00e7\u00e3o Popular, bem como disponibilizados com a ajuda de muitos colegas, professores e estudantes.<\/p>\n<p style=\"text-align: justify\">Aproveitamos a oportunidade para dizer que teremos livros, artesanatos, camisetas e demais produtos para venda durante o evento.<\/p>\n<p style=\"text-align: justify\">Caso voc\u00ea realize a inscri\u00e7\u00e3o, mas, posteriormente, ocorra algum impedimento que inviabilize a sua participa\u00e7\u00e3o, pedimos que nos avise, por e-mail, o mais r\u00e1pido poss\u00edvel, pois estamos com um n\u00famero limitado de inscri\u00e7\u00f5es.<\/p>\n<p style=\"text-align: justify\">Atenciosamente,<\/p>\n<p style=\"text-align: justify\">Comiss\u00e3o organizadora do IV Semin\u00e1rio de Educa\u00e7\u00e3o do Campo da Regi\u00e3o Sul do Rio Grande do Sul.<\/p>\n","protected":false},"excerpt":{"rendered":"<p>Inscri\u00e7\u00f5es encerradas! ______________________________________________________________________________ Para realizar a inscri\u00e7\u00e3o, \u00e9 necess\u00e1rio responder o seguinte formul\u00e1rio: https:\/\/goo.gl\/forms\/16RwhOvpH93TC5vN2 Confira as normas para submiss\u00e3o de trabalhos aqui. Prazos das inscri\u00e7\u00f5es\u00a0 Envio de trabalhos (incluindo todas as categorias: p\u00f4ster, relato e trabalho completo):\u00a001 de junho a 31 de julho de 2018 ou at\u00e9 esgotarem as vagas. (Este per\u00edodo \u00e9 o prorrogado) &hellip; <\/p>\n<p><a class=\"more-link btn\" href=\"https:\/\/wp.ufpel.edu.br\/forumedunocampo\/inscricao\/\">Continue lendo<\/a><\/p>\n","protected":false},"author":856,"featured_media":0,"parent":0,"menu_order":0,"comment_status":"closed","ping_status":"closed","template":"","meta":{"footnotes":""},"class_list":["post-30","page","type-page","status-publish","hentry","nodate","item-wrap"],"_links":{"self":[{"href":"https:\/\/wp.ufpel.edu.br\/forumedunocampo\/wp-json\/wp\/v2\/pages\/30","targetHints":{"allow":["GET"]}}],"collection":[{"href":"https:\/\/wp.ufpel.edu.br\/forumedunocampo\/wp-json\/wp\/v2\/pages"}],"about":[{"href":"https:\/\/wp.ufpel.edu.br\/forumedunocampo\/wp-json\/wp\/v2\/types\/page"}],"author":[{"embeddable":true,"href":"https:\/\/wp.ufpel.edu.br\/forumedunocampo\/wp-json\/wp\/v2\/users\/856"}],"replies":[{"embeddable":true,"href":"https:\/\/wp.ufpel.edu.br\/forumedunocampo\/wp-json\/wp\/v2\/comments?post=30"}],"version-history":[{"count":15,"href":"https:\/\/wp.ufpel.edu.br\/forumedunocampo\/wp-json\/wp\/v2\/pages\/30\/revisions"}],"predecessor-version":[{"id":447,"href":"https:\/\/wp.ufpel.edu.br\/forumedunocampo\/wp-json\/wp\/v2\/pages\/30\/revisions\/447"}],"wp:attachment":[{"href":"https:\/\/wp.ufpel.edu.br\/forumedunocampo\/wp-json\/wp\/v2\/media?parent=30"}],"curies":[{"name":"wp","href":"https:\/\/api.w.org\/{rel}","templated":true}]}}