{"id":24,"date":"2018-05-17T19:22:13","date_gmt":"2018-05-17T22:22:13","guid":{"rendered":"https:\/\/wp.ufpel.edu.br\/forumedunocampo\/?page_id=24"},"modified":"2018-08-21T14:57:17","modified_gmt":"2018-08-21T17:57:17","slug":"programacao","status":"publish","type":"page","link":"https:\/\/wp.ufpel.edu.br\/forumedunocampo\/programacao\/","title":{"rendered":"PROGRAMA\u00c7\u00c3O"},"content":{"rendered":"<p><img loading=\"lazy\" decoding=\"async\" class=\"aligncenter wp-image-448 size-full\" src=\"https:\/\/wp.ufpel.edu.br\/forumedunocampo\/files\/2018\/08\/Sem-t\u00edtulo-1.png\" alt=\"\" width=\"666\" height=\"889\" srcset=\"https:\/\/wp.ufpel.edu.br\/forumedunocampo\/files\/2018\/08\/Sem-t\u00edtulo-1.png 666w, https:\/\/wp.ufpel.edu.br\/forumedunocampo\/files\/2018\/08\/Sem-t\u00edtulo-1-300x400.png 300w\" sizes=\"auto, (max-width: 666px) 100vw, 666px\" \/><\/p>\n<p>Programa\u00e7\u00e3o atualizada em 6 de agosto de 2018.<\/p>\n<p>Endere\u00e7o do evento:\u00a0Campus II da Universidade Federal de\u00a0Pelotas (Rua Almirante Barroso, 1202).<\/p>\n<p>Confira o folder do evento clicando <a href=\"https:\/\/wp.ufpel.edu.br\/forumedunocampo\/files\/2018\/08\/Folder-Vers\u00e3o-Corrigida.pdf\">aqui.<\/a><\/p>\n","protected":false},"excerpt":{"rendered":"<p>Programa\u00e7\u00e3o atualizada em 6 de agosto de 2018. Endere\u00e7o do evento:\u00a0Campus II da Universidade Federal de\u00a0Pelotas (Rua Almirante Barroso, 1202). Confira o folder do evento clicando aqui.<\/p>\n","protected":false},"author":856,"featured_media":0,"parent":0,"menu_order":0,"comment_status":"closed","ping_status":"closed","template":"template-onecolumn.php","meta":{"footnotes":""},"class_list":["post-24","page","type-page","status-publish","hentry","nodate","item-wrap"],"_links":{"self":[{"href":"https:\/\/wp.ufpel.edu.br\/forumedunocampo\/wp-json\/wp\/v2\/pages\/24","targetHints":{"allow":["GET"]}}],"collection":[{"href":"https:\/\/wp.ufpel.edu.br\/forumedunocampo\/wp-json\/wp\/v2\/pages"}],"about":[{"href":"https:\/\/wp.ufpel.edu.br\/forumedunocampo\/wp-json\/wp\/v2\/types\/page"}],"author":[{"embeddable":true,"href":"https:\/\/wp.ufpel.edu.br\/forumedunocampo\/wp-json\/wp\/v2\/users\/856"}],"replies":[{"embeddable":true,"href":"https:\/\/wp.ufpel.edu.br\/forumedunocampo\/wp-json\/wp\/v2\/comments?post=24"}],"version-history":[{"count":17,"href":"https:\/\/wp.ufpel.edu.br\/forumedunocampo\/wp-json\/wp\/v2\/pages\/24\/revisions"}],"predecessor-version":[{"id":515,"href":"https:\/\/wp.ufpel.edu.br\/forumedunocampo\/wp-json\/wp\/v2\/pages\/24\/revisions\/515"}],"wp:attachment":[{"href":"https:\/\/wp.ufpel.edu.br\/forumedunocampo\/wp-json\/wp\/v2\/media?parent=24"}],"curies":[{"name":"wp","href":"https:\/\/api.w.org\/{rel}","templated":true}]}}