{"id":77,"date":"2019-05-30T00:26:43","date_gmt":"2019-05-30T03:26:43","guid":{"rendered":"https:\/\/wp.ufpel.edu.br\/forumdeintegracao\/?page_id=77"},"modified":"2021-09-14T11:14:13","modified_gmt":"2021-09-14T14:14:13","slug":"documentos","status":"publish","type":"page","link":"https:\/\/wp.ufpel.edu.br\/forumdeintegracao\/documentos\/","title":{"rendered":"Documentos"},"content":{"rendered":"<p><a href=\"https:\/\/wp.ufpel.edu.br\/forumdeintegracao\/files\/2019\/05\/4_Carta-\u00e0-comunidade-escolar-e-acad\u00eamica_F\u00f3rum-de-Integra\u00e7\u00e3o_set.2018.pdf\" target=\"_blank\" rel=\"noopener noreferrer\">2018. Carta \u00e0 comunidade escolar e acad\u00eamica<\/a><\/p>\n<p><a href=\"https:\/\/wp.ufpel.edu.br\/forumdeintegracao\/files\/2021\/05\/CARTA-2-FORUM-VERSAO-FINAL.pdf\">2019. Carta \u00e0 comunidade escolar e acad\u00eamica<\/a><\/p>\n<p><a href=\"https:\/\/wp.ufpel.edu.br\/forumdeintegracao\/files\/2021\/09\/CARTA-ABERTA-DO-III-FORUM.pdf\">2021. Carta \u00e0 comunidade escolar e acad\u00eamica<\/a><\/p>\n","protected":false},"excerpt":{"rendered":"<p>2018. Carta \u00e0 comunidade escolar e acad\u00eamica 2019. Carta \u00e0 comunidade escolar e acad\u00eamica 2021. Carta \u00e0 comunidade escolar e acad\u00eamica<\/p>\n","protected":false},"author":939,"featured_media":0,"parent":0,"menu_order":5,"comment_status":"closed","ping_status":"closed","template":"","meta":{"footnotes":""},"class_list":["post-77","page","type-page","status-publish","hentry"],"_links":{"self":[{"href":"https:\/\/wp.ufpel.edu.br\/forumdeintegracao\/wp-json\/wp\/v2\/pages\/77","targetHints":{"allow":["GET"]}}],"collection":[{"href":"https:\/\/wp.ufpel.edu.br\/forumdeintegracao\/wp-json\/wp\/v2\/pages"}],"about":[{"href":"https:\/\/wp.ufpel.edu.br\/forumdeintegracao\/wp-json\/wp\/v2\/types\/page"}],"author":[{"embeddable":true,"href":"https:\/\/wp.ufpel.edu.br\/forumdeintegracao\/wp-json\/wp\/v2\/users\/939"}],"replies":[{"embeddable":true,"href":"https:\/\/wp.ufpel.edu.br\/forumdeintegracao\/wp-json\/wp\/v2\/comments?post=77"}],"version-history":[{"count":6,"href":"https:\/\/wp.ufpel.edu.br\/forumdeintegracao\/wp-json\/wp\/v2\/pages\/77\/revisions"}],"predecessor-version":[{"id":131,"href":"https:\/\/wp.ufpel.edu.br\/forumdeintegracao\/wp-json\/wp\/v2\/pages\/77\/revisions\/131"}],"wp:attachment":[{"href":"https:\/\/wp.ufpel.edu.br\/forumdeintegracao\/wp-json\/wp\/v2\/media?parent=77"}],"curies":[{"name":"wp","href":"https:\/\/api.w.org\/{rel}","templated":true}]}}