{"id":34,"date":"2019-05-29T23:39:18","date_gmt":"2019-05-30T02:39:18","guid":{"rendered":"https:\/\/wp.ufpel.edu.br\/forumdeintegracao\/?page_id=34"},"modified":"2019-06-11T00:55:28","modified_gmt":"2019-06-11T03:55:28","slug":"ii-forum-de-integracao-2019","status":"publish","type":"page","link":"https:\/\/wp.ufpel.edu.br\/forumdeintegracao\/eventos\/ii-forum-de-integracao-2019\/","title":{"rendered":"II F\u00f3rum de Integra\u00e7\u00e3o &#8211; 2019"},"content":{"rendered":"<p>&nbsp;<\/p>\n<p>Cartaz do 2\u00ba F\u00f3rum de Integra\u00e7\u00e3o<\/p>\n<p><img loading=\"lazy\" decoding=\"async\" class=\"alignnone size-medium wp-image-61\" src=\"https:\/\/wp.ufpel.edu.br\/forumdeintegracao\/files\/2019\/05\/IMG-20190514-WA0036-283x400.jpg\" alt=\"\" width=\"283\" height=\"400\" srcset=\"https:\/\/wp.ufpel.edu.br\/forumdeintegracao\/files\/2019\/05\/IMG-20190514-WA0036-283x400.jpg 283w, https:\/\/wp.ufpel.edu.br\/forumdeintegracao\/files\/2019\/05\/IMG-20190514-WA0036-768x1087.jpg 768w, https:\/\/wp.ufpel.edu.br\/forumdeintegracao\/files\/2019\/05\/IMG-20190514-WA0036-723x1024.jpg 723w, https:\/\/wp.ufpel.edu.br\/forumdeintegracao\/files\/2019\/05\/IMG-20190514-WA0036.jpg 904w\" sizes=\"auto, (max-width: 283px) 100vw, 283px\" \/><\/p>\n<p><a href=\"https:\/\/wp.ufpel.edu.br\/forumdeintegracao\/files\/2019\/05\/1\u00aa-Circular-do-Evento.pdf\" target=\"_blank\" rel=\"noopener noreferrer\">Acesse aqui a 1\u00aa Circular do Evento!<\/a><\/p>\n<p>Acesse aqui a\u00a0<a href=\"https:\/\/wp.ufpel.edu.br\/forumdeintegracao\/files\/2019\/06\/Programa\u00e7\u00e3o-completa-II-FIESEB_2019_atualizada.pdf\">Programa\u00e7\u00e3o<\/a><\/p>\n","protected":false},"excerpt":{"rendered":"<p>&nbsp; Cartaz do 2\u00ba F\u00f3rum de Integra\u00e7\u00e3o Acesse aqui a 1\u00aa Circular do Evento! Acesse aqui a\u00a0Programa\u00e7\u00e3o<\/p>\n","protected":false},"author":939,"featured_media":0,"parent":44,"menu_order":0,"comment_status":"closed","ping_status":"closed","template":"","meta":{"footnotes":""},"class_list":["post-34","page","type-page","status-publish","hentry"],"_links":{"self":[{"href":"https:\/\/wp.ufpel.edu.br\/forumdeintegracao\/wp-json\/wp\/v2\/pages\/34","targetHints":{"allow":["GET"]}}],"collection":[{"href":"https:\/\/wp.ufpel.edu.br\/forumdeintegracao\/wp-json\/wp\/v2\/pages"}],"about":[{"href":"https:\/\/wp.ufpel.edu.br\/forumdeintegracao\/wp-json\/wp\/v2\/types\/page"}],"author":[{"embeddable":true,"href":"https:\/\/wp.ufpel.edu.br\/forumdeintegracao\/wp-json\/wp\/v2\/users\/939"}],"replies":[{"embeddable":true,"href":"https:\/\/wp.ufpel.edu.br\/forumdeintegracao\/wp-json\/wp\/v2\/comments?post=34"}],"version-history":[{"count":8,"href":"https:\/\/wp.ufpel.edu.br\/forumdeintegracao\/wp-json\/wp\/v2\/pages\/34\/revisions"}],"predecessor-version":[{"id":119,"href":"https:\/\/wp.ufpel.edu.br\/forumdeintegracao\/wp-json\/wp\/v2\/pages\/34\/revisions\/119"}],"up":[{"embeddable":true,"href":"https:\/\/wp.ufpel.edu.br\/forumdeintegracao\/wp-json\/wp\/v2\/pages\/44"}],"wp:attachment":[{"href":"https:\/\/wp.ufpel.edu.br\/forumdeintegracao\/wp-json\/wp\/v2\/media?parent=34"}],"curies":[{"name":"wp","href":"https:\/\/api.w.org\/{rel}","templated":true}]}}