{"id":30,"date":"2019-05-29T23:37:47","date_gmt":"2019-05-30T02:37:47","guid":{"rendered":"https:\/\/wp.ufpel.edu.br\/forumdeintegracao\/?page_id=30"},"modified":"2019-05-30T00:58:38","modified_gmt":"2019-05-30T03:58:38","slug":"i-forum-de-integracao-2018","status":"publish","type":"page","link":"https:\/\/wp.ufpel.edu.br\/forumdeintegracao\/eventos\/i-forum-de-integracao-2018\/","title":{"rendered":"I F\u00f3rum de Integra\u00e7\u00e3o &#8211; 2018"},"content":{"rendered":"<p>Acesse aqui a <a href=\"https:\/\/wp.ufpel.edu.br\/forumdeintegracao\/files\/2019\/05\/Programa\u00e7\u00e3o_I-f\u00f3rum_-integra\u00e7\u00e3ofinalizado-1.pdf\" target=\"_blank\" rel=\"noopener noreferrer\">Programa\u00e7\u00e3o<\/a><\/p>\n<p>Clique abaixo para o <em>folder<\/em> de divulga\u00e7\u00e3o do I F\u00f3rum de Integra\u00e7\u00e3o:<\/p>\n<p><a href=\"https:\/\/wp.ufpel.edu.br\/forumdeintegracao\/files\/2019\/05\/Folder-Imagem-frente.jpg\" target=\"_blank\" rel=\"noopener noreferrer\">Frente<\/a> &amp;\u00a0<a href=\"https:\/\/wp.ufpel.edu.br\/forumdeintegracao\/files\/2019\/05\/Folder-Imagemdentro.jpg\" target=\"_blank\" rel=\"noopener noreferrer\">Verso<\/a><\/p>\n<p>&nbsp;<\/p>\n","protected":false},"excerpt":{"rendered":"<p>Acesse aqui a Programa\u00e7\u00e3o Clique abaixo para o folder de divulga\u00e7\u00e3o do I F\u00f3rum de Integra\u00e7\u00e3o: Frente &amp;\u00a0Verso &nbsp;<\/p>\n","protected":false},"author":939,"featured_media":0,"parent":44,"menu_order":0,"comment_status":"closed","ping_status":"closed","template":"","meta":{"footnotes":""},"class_list":["post-30","page","type-page","status-publish","hentry"],"_links":{"self":[{"href":"https:\/\/wp.ufpel.edu.br\/forumdeintegracao\/wp-json\/wp\/v2\/pages\/30","targetHints":{"allow":["GET"]}}],"collection":[{"href":"https:\/\/wp.ufpel.edu.br\/forumdeintegracao\/wp-json\/wp\/v2\/pages"}],"about":[{"href":"https:\/\/wp.ufpel.edu.br\/forumdeintegracao\/wp-json\/wp\/v2\/types\/page"}],"author":[{"embeddable":true,"href":"https:\/\/wp.ufpel.edu.br\/forumdeintegracao\/wp-json\/wp\/v2\/users\/939"}],"replies":[{"embeddable":true,"href":"https:\/\/wp.ufpel.edu.br\/forumdeintegracao\/wp-json\/wp\/v2\/comments?post=30"}],"version-history":[{"count":8,"href":"https:\/\/wp.ufpel.edu.br\/forumdeintegracao\/wp-json\/wp\/v2\/pages\/30\/revisions"}],"predecessor-version":[{"id":103,"href":"https:\/\/wp.ufpel.edu.br\/forumdeintegracao\/wp-json\/wp\/v2\/pages\/30\/revisions\/103"}],"up":[{"embeddable":true,"href":"https:\/\/wp.ufpel.edu.br\/forumdeintegracao\/wp-json\/wp\/v2\/pages\/44"}],"wp:attachment":[{"href":"https:\/\/wp.ufpel.edu.br\/forumdeintegracao\/wp-json\/wp\/v2\/media?parent=30"}],"curies":[{"name":"wp","href":"https:\/\/api.w.org\/{rel}","templated":true}]}}