{"id":129,"date":"2021-05-13T11:09:27","date_gmt":"2021-05-13T14:09:27","guid":{"rendered":"https:\/\/wp.ufpel.edu.br\/forumdeintegracao\/?page_id=129"},"modified":"2021-05-13T11:18:31","modified_gmt":"2021-05-13T14:18:31","slug":"projetos","status":"publish","type":"page","link":"https:\/\/wp.ufpel.edu.br\/forumdeintegracao\/projetos\/","title":{"rendered":"Projetos"},"content":{"rendered":"<p>Esse local \u00e9 destinado \u00e0 divulga\u00e7\u00e3o de projetos das Institui\u00e7\u00f5es para dar visibilidade e oferecer espa\u00e7os de forma\u00e7\u00e3o aos professores.<br \/>\nCaso sua Institui\u00e7\u00e3o tenha interesse em divulgar seus projetos, entre em contato pelo e-mail: forumintegracaoufpel@gmail.com<\/p>\n<p><a href=\"https:\/\/wp.ufpel.edu.br\/forumdeintegracao\/files\/2021\/05\/projetos-das-licenciaturas-da-UFPel.pdf\">projetos das licenciaturas da UFPel<\/a><\/p>\n","protected":false},"excerpt":{"rendered":"<p>Esse local \u00e9 destinado \u00e0 divulga\u00e7\u00e3o de projetos das Institui\u00e7\u00f5es para dar visibilidade e oferecer espa\u00e7os de forma\u00e7\u00e3o aos professores. Caso sua Institui\u00e7\u00e3o tenha interesse em divulgar seus projetos, entre em contato pelo e-mail: forumintegracaoufpel@gmail.com projetos das licenciaturas da UFPel<\/p>\n","protected":false},"author":939,"featured_media":0,"parent":0,"menu_order":5,"comment_status":"closed","ping_status":"closed","template":"","meta":{"footnotes":""},"class_list":["post-129","page","type-page","status-publish","hentry"],"_links":{"self":[{"href":"https:\/\/wp.ufpel.edu.br\/forumdeintegracao\/wp-json\/wp\/v2\/pages\/129","targetHints":{"allow":["GET"]}}],"collection":[{"href":"https:\/\/wp.ufpel.edu.br\/forumdeintegracao\/wp-json\/wp\/v2\/pages"}],"about":[{"href":"https:\/\/wp.ufpel.edu.br\/forumdeintegracao\/wp-json\/wp\/v2\/types\/page"}],"author":[{"embeddable":true,"href":"https:\/\/wp.ufpel.edu.br\/forumdeintegracao\/wp-json\/wp\/v2\/users\/939"}],"replies":[{"embeddable":true,"href":"https:\/\/wp.ufpel.edu.br\/forumdeintegracao\/wp-json\/wp\/v2\/comments?post=129"}],"version-history":[{"count":6,"href":"https:\/\/wp.ufpel.edu.br\/forumdeintegracao\/wp-json\/wp\/v2\/pages\/129\/revisions"}],"predecessor-version":[{"id":188,"href":"https:\/\/wp.ufpel.edu.br\/forumdeintegracao\/wp-json\/wp\/v2\/pages\/129\/revisions\/188"}],"wp:attachment":[{"href":"https:\/\/wp.ufpel.edu.br\/forumdeintegracao\/wp-json\/wp\/v2\/media?parent=129"}],"curies":[{"name":"wp","href":"https:\/\/api.w.org\/{rel}","templated":true}]}}