{"id":6,"date":"2015-01-13T11:16:29","date_gmt":"2015-01-13T13:16:29","guid":{"rendered":"https:\/\/wp.ufpel.edu.br\/forumdeextensaoecultura\/?page_id=6"},"modified":"2019-10-07T13:40:06","modified_gmt":"2019-10-07T16:40:06","slug":"galeria","status":"publish","type":"page","link":"https:\/\/wp.ufpel.edu.br\/forumdeextensaoecultura\/galeria\/","title":{"rendered":"Galeria"},"content":{"rendered":"<p>&nbsp;<\/p>\n<ul>\n<li><a href=\"https:\/\/wp.ufpel.edu.br\/forumdeextensaoecultura\/galeria\/forum-social-junho\/\">F\u00f3rum Social | Junho<\/a><\/li>\n<li><a href=\"https:\/\/wp.ufpel.edu.br\/forumdeextensaoecultura\/forum-social-julho\/\">F\u00f3rum Social | Julho<\/a><\/li>\n<li><a href=\"https:\/\/wp.ufpel.edu.br\/forumdeextensaoecultura\/forum-social-julho-carta-mobilidade-urbana\/\">F\u00f3rum Social | Carta de Mobilidade Urbana<\/a><\/li>\n<li><a href=\"https:\/\/wp.ufpel.edu.br\/forumdeextensaoecultura\/galeria\/forum-social-agosto\/\">F\u00f3rum Social | Agosto<\/a><\/li>\n<li><a href=\"https:\/\/wp.ufpel.edu.br\/forumdeextensaoecultura\/galeria\/forum-social-setembro\/\">F\u00f3rum Social | Setembro<\/a><\/li>\n<li><a href=\"https:\/\/wp.ufpel.edu.br\/forumdeextensaoecultura\/galeria\/forum-social-outubro-manha\/\">F\u00f3rum Social | Outubro (Manh\u00e3)<\/a><\/li>\n<li><a href=\"https:\/\/wp.ufpel.edu.br\/forumdeextensaoecultura\/galeria\/forum-social-outubro-tarde\/\">F\u00f3rum Social | Outubro (Tarde)<\/a><\/li>\n<li><a href=\"https:\/\/wp.ufpel.edu.br\/forumdeextensaoecultura\/visita-cras\/\">Visita CRAS<\/a><\/li>\n<li><a href=\"https:\/\/wp.ufpel.edu.br\/forumdeextensaoecultura\/ii-congresso-do-forum-social-da-ufpel\/\">II Congresso do F\u00f3rum Social da UFPel<\/a><\/li>\n<li><a href=\"https:\/\/wp.ufpel.edu.br\/forumdeextensaoecultura\/forum-social-maio-2019\">F\u00f3rum Social Maio (2019)<\/a><\/li>\n<li><a href=\"https:\/\/wp.ufpel.edu.br\/forumdeextensaoecultura\/galeria\/forum-social-junho-2019\/\">F\u00f3rum Social Junho (2019)<\/a><\/li>\n<li><a href=\"https:\/\/wp.ufpel.edu.br\/forumdeextensaoecultura\/galeria\/forum-social-l-setembro-2019\/\">F\u00f3rum Social Setembro (2019)<\/a><\/li>\n<li><a href=\"https:\/\/wp.ufpel.edu.br\/forumdeextensaoecultura\/galeria\/forum-social-setembro-2\/\">II F\u00f3rum Social Setembro (2019)<\/a><\/li>\n<\/ul>\n<p>&nbsp;<\/p>\n","protected":false},"excerpt":{"rendered":"<p>&nbsp; F\u00f3rum Social | Junho F\u00f3rum Social | Julho F\u00f3rum Social | Carta de Mobilidade Urbana F\u00f3rum Social | Agosto F\u00f3rum Social | Setembro F\u00f3rum Social | Outubro (Manh\u00e3) F\u00f3rum Social | Outubro (Tarde) Visita CRAS II Congresso do F\u00f3rum Social da UFPel F\u00f3rum Social Maio (2019) F\u00f3rum Social Junho (2019) F\u00f3rum Social Setembro (2019) [&hellip;]<\/p>\n","protected":false},"author":474,"featured_media":0,"parent":0,"menu_order":0,"comment_status":"closed","ping_status":"closed","template":"page-sem-sidebar.php","meta":{"footnotes":""},"class_list":["post-6","page","type-page","status-publish","hentry"],"_links":{"self":[{"href":"https:\/\/wp.ufpel.edu.br\/forumdeextensaoecultura\/wp-json\/wp\/v2\/pages\/6","targetHints":{"allow":["GET"]}}],"collection":[{"href":"https:\/\/wp.ufpel.edu.br\/forumdeextensaoecultura\/wp-json\/wp\/v2\/pages"}],"about":[{"href":"https:\/\/wp.ufpel.edu.br\/forumdeextensaoecultura\/wp-json\/wp\/v2\/types\/page"}],"author":[{"embeddable":true,"href":"https:\/\/wp.ufpel.edu.br\/forumdeextensaoecultura\/wp-json\/wp\/v2\/users\/474"}],"replies":[{"embeddable":true,"href":"https:\/\/wp.ufpel.edu.br\/forumdeextensaoecultura\/wp-json\/wp\/v2\/comments?post=6"}],"version-history":[{"count":43,"href":"https:\/\/wp.ufpel.edu.br\/forumdeextensaoecultura\/wp-json\/wp\/v2\/pages\/6\/revisions"}],"predecessor-version":[{"id":1213,"href":"https:\/\/wp.ufpel.edu.br\/forumdeextensaoecultura\/wp-json\/wp\/v2\/pages\/6\/revisions\/1213"}],"wp:attachment":[{"href":"https:\/\/wp.ufpel.edu.br\/forumdeextensaoecultura\/wp-json\/wp\/v2\/media?parent=6"}],"curies":[{"name":"wp","href":"https:\/\/api.w.org\/{rel}","templated":true}]}}