{"id":2,"date":"2015-01-12T18:05:02","date_gmt":"2015-01-12T20:05:02","guid":{"rendered":"https:\/\/wp.ufpel.edu.br\/forumdeextensaoecultura\/?page_id=2"},"modified":"2025-06-02T19:15:00","modified_gmt":"2025-06-02T22:15:00","slug":"pagina-exemplo","status":"publish","type":"page","link":"https:\/\/wp.ufpel.edu.br\/forumdeextensaoecultura\/pagina-exemplo\/","title":{"rendered":"Quem Somos"},"content":{"rendered":"<p data-start=\"251\" data-end=\"761\">O F\u00f3rum Social da Universidade Federal de Pelotas (UFPel) \u00e9 um espa\u00e7o permanente de articula\u00e7\u00e3o entre a universidade e a sociedade civil, voltado \u00e0 constru\u00e7\u00e3o coletiva de cidadania, justi\u00e7a social e fortalecimento da democracia participativa. Surgido em <strong data-start=\"505\" data-end=\"513\">2016,<\/strong> como um \u00f3rg\u00e3o consultivo da Pr\u00f3- Reitoria de Extens\u00e3o e Cultura (PREC). O F\u00f3rum nasceu da necessidade de estreitar os la\u00e7os entre a universidade p\u00fablica e as comunidades que a cercam, valorizando saberes diversos e escutando as vozes historicamente silenciadas.<\/p>\n<p data-start=\"763\" data-end=\"1134\">Desde sua cria\u00e7\u00e3o, o F\u00f3rum se consolidou como um territ\u00f3rio de encontro entre projetos de extens\u00e3o, lideran\u00e7as comunit\u00e1rias, movimentos sociais, estudantes, professores, t\u00e9cnicos e cidad\u00e3os. \u00c9 nesse espa\u00e7o plural que se compartilham experi\u00eancias, identificam-se demandas, constroem-se a\u00e7\u00f5es conjuntas e se promove a troca entre o conhecimento acad\u00eamico e o saber popular.<\/p>\n<p data-start=\"1136\" data-end=\"1563\">As reuni\u00f5es do F\u00f3rum acontecem mensalmente e s\u00e3o abertas a todos os interessados. A cada encontro, s\u00e3o discutidas quest\u00f5es que atravessam a realidade de Pelotas e regi\u00e3o: sa\u00fade, moradia, alimenta\u00e7\u00e3o, seguran\u00e7a, educa\u00e7\u00e3o, cultura e pol\u00edticas p\u00fablicas. O objetivo \u00e9 dar visibilidade a essas pautas, promover articula\u00e7\u00f5es concretas entre projetos e comunidades e fortalecer a universidade como instrumento de transforma\u00e7\u00e3o social.<\/p>\n<p data-start=\"1565\" data-end=\"1877\">O F\u00f3rum Social da UFPel n\u00e3o \u00e9 um evento isolado, mas sim um processo cont\u00ednuo, vivo e afetivo. Um espa\u00e7o onde o cuidado \u00e9 pr\u00e1tica pol\u00edtica, a escuta \u00e9 metodologia e o compromisso com a dignidade humana \u00e9 princ\u00edpio orientador. Aqui, n\u00e3o se trata apenas de falar sobre a comunidade \u2014 trata-se de construir com ela.<\/p>\n<p data-start=\"1879\" data-end=\"2149\">Mais que um projeto, o F\u00f3rum \u00e9 movimento:<\/p>\n<p data-start=\"1879\" data-end=\"2149\">&#x27a1;&#xfe0f; Movimento por uma universidade p\u00fablica mais presente nas ruas e nas casas.<br data-start=\"2000\" data-end=\"2003\" \/>&#x27a1;&#xfe0f; Movimento por pol\u00edticas p\u00fablicas constru\u00eddas com quem mais precisa delas.<br data-start=\"2079\" data-end=\"2082\" \/>&#x27a1;&#xfe0f; Movimento por uma Pelotas mais justa, solid\u00e1ria e participativa.<\/p>\n<p>&nbsp;<\/p>\n<p>&nbsp;<\/p>\n<p>&nbsp;<\/p>\n","protected":false},"excerpt":{"rendered":"<p>O F\u00f3rum Social da Universidade Federal de Pelotas (UFPel) \u00e9 um espa\u00e7o permanente de articula\u00e7\u00e3o entre a universidade e a sociedade civil, voltado \u00e0 constru\u00e7\u00e3o coletiva de cidadania, justi\u00e7a social e fortalecimento da democracia participativa. Surgido em 2016, como um \u00f3rg\u00e3o consultivo da Pr\u00f3- Reitoria de Extens\u00e3o e Cultura (PREC). O F\u00f3rum nasceu da necessidade [&hellip;]<\/p>\n","protected":false},"author":474,"featured_media":0,"parent":0,"menu_order":2,"comment_status":"closed","ping_status":"closed","template":"","meta":{"footnotes":""},"class_list":["post-2","page","type-page","status-publish","hentry"],"_links":{"self":[{"href":"https:\/\/wp.ufpel.edu.br\/forumdeextensaoecultura\/wp-json\/wp\/v2\/pages\/2","targetHints":{"allow":["GET"]}}],"collection":[{"href":"https:\/\/wp.ufpel.edu.br\/forumdeextensaoecultura\/wp-json\/wp\/v2\/pages"}],"about":[{"href":"https:\/\/wp.ufpel.edu.br\/forumdeextensaoecultura\/wp-json\/wp\/v2\/types\/page"}],"author":[{"embeddable":true,"href":"https:\/\/wp.ufpel.edu.br\/forumdeextensaoecultura\/wp-json\/wp\/v2\/users\/474"}],"replies":[{"embeddable":true,"href":"https:\/\/wp.ufpel.edu.br\/forumdeextensaoecultura\/wp-json\/wp\/v2\/comments?post=2"}],"version-history":[{"count":11,"href":"https:\/\/wp.ufpel.edu.br\/forumdeextensaoecultura\/wp-json\/wp\/v2\/pages\/2\/revisions"}],"predecessor-version":[{"id":1648,"href":"https:\/\/wp.ufpel.edu.br\/forumdeextensaoecultura\/wp-json\/wp\/v2\/pages\/2\/revisions\/1648"}],"wp:attachment":[{"href":"https:\/\/wp.ufpel.edu.br\/forumdeextensaoecultura\/wp-json\/wp\/v2\/media?parent=2"}],"curies":[{"name":"wp","href":"https:\/\/api.w.org\/{rel}","templated":true}]}}