{"id":1639,"date":"2025-06-02T17:47:27","date_gmt":"2025-06-02T20:47:27","guid":{"rendered":"https:\/\/wp.ufpel.edu.br\/forumdeextensaoecultura\/?page_id=1639"},"modified":"2025-06-02T17:55:33","modified_gmt":"2025-06-02T20:55:33","slug":"instagram","status":"publish","type":"page","link":"https:\/\/wp.ufpel.edu.br\/forumdeextensaoecultura\/instagram\/","title":{"rendered":"Instagram"},"content":{"rendered":"<h3 data-start=\"179\" data-end=\"215\"><span style=\"font-size: 24pt; font-family: 'comic sans ms', sans-serif;\">&#x1f4f2; Nos acompanhe pelo Instagram!<\/span><\/h3>\n<p data-start=\"217\" data-end=\"499\">O<strong><span style=\"font-size: 18pt; font-family: 'comic sans ms', sans-serif;\"> F\u00f3rum Social da UFPel<\/span><\/strong> tamb\u00e9m vive nas redes!<strong><span style=\"font-family: 'comic sans ms', sans-serif; font-size: 18pt;\"> No nosso Instagram<\/span><\/strong>, <span style=\"font-size: 18pt; font-family: 'comic sans ms', sans-serif;\">compartilhamos<\/span> os <span style=\"font-size: 14pt; font-family: 'comic sans ms', sans-serif;\">bastidores<\/span> das<strong><span style=\"font-size: 24pt; font-family: 'comic sans ms', sans-serif;\"> a\u00e7\u00f5es<\/span><\/strong>, registros das <span style=\"font-size: 36pt; font-family: 'comic sans ms', sans-serif;\"><strong>reuni\u00f5es<\/strong><\/span>, <strong><span style=\"font-size: 24pt; font-family: 'comic sans ms', sans-serif;\">depoimentos<\/span><\/strong>, <strong><span style=\"font-family: 'comic sans ms', sans-serif; font-size: 18pt;\">conte\u00fados educativos<\/span><\/strong> e<strong><span style=\"font-size: 36pt;\"> convites<\/span> <\/strong>para participar conosco da <strong><span style=\"font-family: 'comic sans ms', sans-serif; font-size: 18pt;\">constru\u00e7\u00e3o de uma universidade mais aberta<\/span><\/strong>, <span style=\"font-family: 'comic sans ms', sans-serif;\"><strong><span style=\"font-size: 36pt;\">humana<\/span><\/strong><\/span> e <span style=\"font-family: 'comic sans ms', sans-serif;\"><strong><span style=\"font-size: 18pt;\">conectada<\/span><\/strong><\/span> com a <strong><span style=\"font-size: 24pt;\">sociedade<\/span><\/strong>.<\/p>\n<p data-start=\"501\" data-end=\"761\">L\u00e1 voc\u00ea encontra:<br data-start=\"518\" data-end=\"521\" \/>&#x2728; Atualiza\u00e7\u00f5es das reuni\u00f5es e encaminhamentos<br data-start=\"566\" data-end=\"569\" \/>&#x1f4f8; Fotos das atividades e encontros com a comunidade<br data-start=\"621\" data-end=\"624\" \/>&#x1f3a5; Bastidores e curiosidades do projeto<br data-start=\"663\" data-end=\"666\" \/>&#x1f4da; Conte\u00fados sobre temas sociais e pol\u00edticas p\u00fablicas<br data-start=\"719\" data-end=\"722\" \/>&#x1f4e2; Chamadas para participa\u00e7\u00e3o e eventos<\/p>\n<p data-start=\"763\" data-end=\"855\">Siga, interaja e ajude a fortalecer esse espa\u00e7o coletivo de escuta, di\u00e1logo e transforma\u00e7\u00e3o!<\/p>\n<p data-start=\"857\" data-end=\"980\"><span style=\"font-size: 36pt; font-family: 'comic sans ms', sans-serif;\"><strong>&#x1f449;<em> <a class=\"\" href=\"https:\/\/www.instagram.com\/forumsocial.ufpel\" target=\"_new\" rel=\"noopener\" data-start=\"860\" data-end=\"925\">@forumsocial.ufpel<\/a><\/em><\/strong><\/span><\/p>\n<p data-start=\"857\" data-end=\"980\">\n<p data-start=\"857\" data-end=\"980\"><em data-start=\"928\" data-end=\"980\">Juntos por uma Pelotas mais equitativa<\/em><em data-start=\"928\" data-end=\"980\"> e participativa.<\/em><\/p>\n<p data-start=\"857\" data-end=\"980\">\n<p data-start=\"857\" data-end=\"980\">\n<p data-start=\"857\" data-end=\"980\"><span style=\"font-size: 36pt; font-family: 'comic sans ms', sans-serif;\"><strong><em><a class=\"\" href=\"https:\/\/www.instagram.com\/forumsocial.ufpel\" target=\"_new\" rel=\"noopener\" data-start=\"860\" data-end=\"925\"><img loading=\"lazy\" decoding=\"async\" class=\"alignnone  wp-image-1581\" src=\"https:\/\/wp.ufpel.edu.br\/forumdeextensaoecultura\/files\/2025\/05\/Captura-de-tela-2025-04-30-122050-400x211.png\" alt=\"\" width=\"664\" height=\"350\" srcset=\"https:\/\/wp.ufpel.edu.br\/forumdeextensaoecultura\/files\/2025\/05\/Captura-de-tela-2025-04-30-122050-400x211.png 400w, https:\/\/wp.ufpel.edu.br\/forumdeextensaoecultura\/files\/2025\/05\/Captura-de-tela-2025-04-30-122050-768x406.png 768w, https:\/\/wp.ufpel.edu.br\/forumdeextensaoecultura\/files\/2025\/05\/Captura-de-tela-2025-04-30-122050.png 995w\" sizes=\"auto, (max-width: 664px) 100vw, 664px\" \/><\/a><\/em><\/strong><\/span><\/p>\n<p data-start=\"857\" data-end=\"980\">\n","protected":false},"excerpt":{"rendered":"<p>&#x1f4f2; Nos acompanhe pelo Instagram! O F\u00f3rum Social da UFPel tamb\u00e9m vive nas redes! No nosso Instagram, compartilhamos os bastidores das a\u00e7\u00f5es, registros das reuni\u00f5es, depoimentos, conte\u00fados educativos e convites para participar conosco da constru\u00e7\u00e3o de uma universidade mais aberta, humana e conectada com a sociedade. L\u00e1 voc\u00ea encontra:&#x2728; Atualiza\u00e7\u00f5es das reuni\u00f5es e encaminhamentos&#x1f4f8; Fotos [&hellip;]<\/p>\n","protected":false},"author":474,"featured_media":0,"parent":0,"menu_order":0,"comment_status":"closed","ping_status":"closed","template":"","meta":{"footnotes":""},"class_list":["post-1639","page","type-page","status-publish","hentry"],"_links":{"self":[{"href":"https:\/\/wp.ufpel.edu.br\/forumdeextensaoecultura\/wp-json\/wp\/v2\/pages\/1639","targetHints":{"allow":["GET"]}}],"collection":[{"href":"https:\/\/wp.ufpel.edu.br\/forumdeextensaoecultura\/wp-json\/wp\/v2\/pages"}],"about":[{"href":"https:\/\/wp.ufpel.edu.br\/forumdeextensaoecultura\/wp-json\/wp\/v2\/types\/page"}],"author":[{"embeddable":true,"href":"https:\/\/wp.ufpel.edu.br\/forumdeextensaoecultura\/wp-json\/wp\/v2\/users\/474"}],"replies":[{"embeddable":true,"href":"https:\/\/wp.ufpel.edu.br\/forumdeextensaoecultura\/wp-json\/wp\/v2\/comments?post=1639"}],"version-history":[{"count":3,"href":"https:\/\/wp.ufpel.edu.br\/forumdeextensaoecultura\/wp-json\/wp\/v2\/pages\/1639\/revisions"}],"predecessor-version":[{"id":1644,"href":"https:\/\/wp.ufpel.edu.br\/forumdeextensaoecultura\/wp-json\/wp\/v2\/pages\/1639\/revisions\/1644"}],"wp:attachment":[{"href":"https:\/\/wp.ufpel.edu.br\/forumdeextensaoecultura\/wp-json\/wp\/v2\/media?parent=1639"}],"curies":[{"name":"wp","href":"https:\/\/api.w.org\/{rel}","templated":true}]}}