{"id":63,"date":"2016-03-30T02:06:40","date_gmt":"2016-03-30T05:06:40","guid":{"rendered":"https:\/\/wp.ufpel.edu.br\/forumdediretores\/?page_id=63"},"modified":"2016-03-31T01:22:13","modified_gmt":"2016-03-31T04:22:13","slug":"matriz-orcamentaria","status":"publish","type":"page","link":"https:\/\/wp.ufpel.edu.br\/forumdediretores\/matriz-orcamentaria\/","title":{"rendered":"Matriz Or\u00e7ament\u00e1ria"},"content":{"rendered":"<p>Os documentos nesta p\u00e1gina se referem ao tema da Matriz Or\u00e7ament\u00e1ria e servem de subs\u00eddios para a discuss\u00e3o.<\/p>\n<div>No link abaixo, podem ser acessados os dados que alimentaram a matriz or\u00e7ament\u00e1ria de 2016:<\/div>\n<div><a href=\"https:\/\/wp.ufpel.edu.br\/proplan\/cpdi\/ninfi\/matriz-orcamentaria\/\" target=\"_blank\">https:\/\/wp.ufpel.edu.br\/proplan\/cpdi\/ninfi\/matriz-orcamentaria\/<\/a><\/div>\n<div><\/div>\n<div>Ou baixe diretamente daqui:<\/div>\n<div><span style=\"font-size: 14pt\"><strong>Documentos<\/strong><\/span><\/div>\n<div><a href=\"https:\/\/wp.ufpel.edu.br\/forumdediretores\/files\/2016\/03\/Documento_Matriz.pdf\" rel=\"\">Documento_Matriz<\/a><\/div>\n<div><a href=\"https:\/\/wp.ufpel.edu.br\/forumdediretores\/files\/2016\/03\/Gloss\u00e1rio-Matriz-Or\u00e7ament\u00e1ria.pdf\" rel=\"\">Gloss\u00e1rio-Matriz-Or\u00e7ament\u00e1ria<\/a><\/div>\n<div><a href=\"https:\/\/wp.ufpel.edu.br\/forumdediretores\/files\/2016\/03\/Matriz-Or\u00e7ament\u00e1ria-20161.xlsx\" rel=\"\">Matriz-Or\u00e7ament\u00e1ria-2016(1)<\/a><\/div>\n","protected":false},"excerpt":{"rendered":"<p>Os documentos nesta p\u00e1gina se referem ao tema da Matriz Or\u00e7ament\u00e1ria e servem de subs\u00eddios para a discuss\u00e3o. No link abaixo, podem ser acessados os dados que alimentaram a matriz or\u00e7ament\u00e1ria de 2016: https:\/\/wp.ufpel.edu.br\/proplan\/cpdi\/ninfi\/matriz-orcamentaria\/ Ou baixe diretamente daqui: Documentos Documento_Matriz Gloss\u00e1rio-Matriz-Or\u00e7ament\u00e1ria Matriz-Or\u00e7ament\u00e1ria-2016(1)<\/p>\n","protected":false},"author":633,"featured_media":0,"parent":0,"menu_order":0,"comment_status":"closed","ping_status":"closed","template":"","meta":{"jetpack_post_was_ever_published":false,"footnotes":""},"class_list":["post-63","page","type-page","status-publish","hentry"],"jetpack_sharing_enabled":true,"jetpack_shortlink":"https:\/\/wp.me\/P7oCfD-11","jetpack-related-posts":[],"_links":{"self":[{"href":"https:\/\/wp.ufpel.edu.br\/forumdediretores\/wp-json\/wp\/v2\/pages\/63","targetHints":{"allow":["GET"]}}],"collection":[{"href":"https:\/\/wp.ufpel.edu.br\/forumdediretores\/wp-json\/wp\/v2\/pages"}],"about":[{"href":"https:\/\/wp.ufpel.edu.br\/forumdediretores\/wp-json\/wp\/v2\/types\/page"}],"author":[{"embeddable":true,"href":"https:\/\/wp.ufpel.edu.br\/forumdediretores\/wp-json\/wp\/v2\/users\/633"}],"replies":[{"embeddable":true,"href":"https:\/\/wp.ufpel.edu.br\/forumdediretores\/wp-json\/wp\/v2\/comments?post=63"}],"version-history":[{"count":4,"href":"https:\/\/wp.ufpel.edu.br\/forumdediretores\/wp-json\/wp\/v2\/pages\/63\/revisions"}],"predecessor-version":[{"id":78,"href":"https:\/\/wp.ufpel.edu.br\/forumdediretores\/wp-json\/wp\/v2\/pages\/63\/revisions\/78"}],"wp:attachment":[{"href":"https:\/\/wp.ufpel.edu.br\/forumdediretores\/wp-json\/wp\/v2\/media?parent=63"}],"curies":[{"name":"wp","href":"https:\/\/api.w.org\/{rel}","templated":true}]}}