{"id":46,"date":"2016-03-29T14:04:42","date_gmt":"2016-03-29T17:04:42","guid":{"rendered":"https:\/\/wp.ufpel.edu.br\/forumdediretores\/?page_id=46"},"modified":"2016-05-09T09:04:48","modified_gmt":"2016-05-09T12:04:48","slug":"agenda-de-reunioes","status":"publish","type":"page","link":"https:\/\/wp.ufpel.edu.br\/forumdediretores\/agenda-de-reunioes\/","title":{"rendered":"Agenda de Reuni\u00f5es"},"content":{"rendered":"<p>As reuni\u00f5es do F\u00f3rum de Diretores da UFPEL s\u00e3o marcadas ordinariamente no in\u00edcio de cada semestre. Ocasionalmente, em fun\u00e7\u00e3o de demandas espec\u00edficas, reuni\u00f5es extraordin\u00e1rias poder\u00e3o ser agendadas.<\/p>\n<p>S\u00e3o as seguintes as reuni\u00f5es agendadas:<\/p>\n<p><strong>05 de abril de 2016<\/strong>, 08 H 30 min, Faculdade de Nutri\u00e7\u00e3o, Tema: STAs<\/p>\n<p><strong>20 de abril de 2016<\/strong>, 14 H 30 min, Faculdade de Veterin\u00e1rias, Tema: Or\u00e7amento<\/p>\n<p><strong>12 de maio de 2016<\/strong>, 19 H, Instituto de Ci\u00eancias Humanas, Rua Alberto Rosa, 154<\/p>\n<p><strong>03 de junho de 2016<\/strong>, 08 H 30 min, Instituto de Biologia<\/p>\n","protected":false},"excerpt":{"rendered":"<p>As reuni\u00f5es do F\u00f3rum de Diretores da UFPEL s\u00e3o marcadas ordinariamente no in\u00edcio de cada semestre. Ocasionalmente, em fun\u00e7\u00e3o de demandas espec\u00edficas, reuni\u00f5es extraordin\u00e1rias poder\u00e3o ser agendadas. S\u00e3o as seguintes as reuni\u00f5es agendadas: 05 de abril de 2016, 08 H 30 min, Faculdade de Nutri\u00e7\u00e3o, Tema: STAs 20 de abril de 2016, 14 H 30 [&hellip;]<\/p>\n","protected":false},"author":633,"featured_media":0,"parent":0,"menu_order":0,"comment_status":"closed","ping_status":"closed","template":"","meta":{"jetpack_post_was_ever_published":false,"footnotes":""},"class_list":["post-46","page","type-page","status-publish","hentry"],"jetpack_sharing_enabled":true,"jetpack_shortlink":"https:\/\/wp.me\/P7oCfD-K","jetpack-related-posts":[],"_links":{"self":[{"href":"https:\/\/wp.ufpel.edu.br\/forumdediretores\/wp-json\/wp\/v2\/pages\/46","targetHints":{"allow":["GET"]}}],"collection":[{"href":"https:\/\/wp.ufpel.edu.br\/forumdediretores\/wp-json\/wp\/v2\/pages"}],"about":[{"href":"https:\/\/wp.ufpel.edu.br\/forumdediretores\/wp-json\/wp\/v2\/types\/page"}],"author":[{"embeddable":true,"href":"https:\/\/wp.ufpel.edu.br\/forumdediretores\/wp-json\/wp\/v2\/users\/633"}],"replies":[{"embeddable":true,"href":"https:\/\/wp.ufpel.edu.br\/forumdediretores\/wp-json\/wp\/v2\/comments?post=46"}],"version-history":[{"count":4,"href":"https:\/\/wp.ufpel.edu.br\/forumdediretores\/wp-json\/wp\/v2\/pages\/46\/revisions"}],"predecessor-version":[{"id":128,"href":"https:\/\/wp.ufpel.edu.br\/forumdediretores\/wp-json\/wp\/v2\/pages\/46\/revisions\/128"}],"wp:attachment":[{"href":"https:\/\/wp.ufpel.edu.br\/forumdediretores\/wp-json\/wp\/v2\/media?parent=46"}],"curies":[{"name":"wp","href":"https:\/\/api.w.org\/{rel}","templated":true}]}}