{"id":42,"date":"2016-03-29T12:07:03","date_gmt":"2016-03-29T15:07:03","guid":{"rendered":"https:\/\/wp.ufpel.edu.br\/forumdediretores\/?page_id=42"},"modified":"2016-03-29T12:07:03","modified_gmt":"2016-03-29T15:07:03","slug":"documentos","status":"publish","type":"page","link":"https:\/\/wp.ufpel.edu.br\/forumdediretores\/documentos\/","title":{"rendered":"DOCUMENTOS"},"content":{"rendered":"<p>Os arquivos a seguir, s\u00e3o documentos p\u00fablicos de trabalho do F\u00f3rum de\u00a0 Diretores da UFPEL.<\/p>\n<p>&nbsp;<\/p>\n","protected":false},"excerpt":{"rendered":"<p>Os arquivos a seguir, s\u00e3o documentos p\u00fablicos de trabalho do F\u00f3rum de\u00a0 Diretores da UFPEL. &nbsp;<\/p>\n","protected":false},"author":633,"featured_media":0,"parent":0,"menu_order":0,"comment_status":"closed","ping_status":"closed","template":"","meta":{"jetpack_post_was_ever_published":false,"footnotes":""},"class_list":["post-42","page","type-page","status-publish","hentry"],"jetpack_sharing_enabled":true,"jetpack_shortlink":"https:\/\/wp.me\/P7oCfD-G","jetpack-related-posts":[],"_links":{"self":[{"href":"https:\/\/wp.ufpel.edu.br\/forumdediretores\/wp-json\/wp\/v2\/pages\/42","targetHints":{"allow":["GET"]}}],"collection":[{"href":"https:\/\/wp.ufpel.edu.br\/forumdediretores\/wp-json\/wp\/v2\/pages"}],"about":[{"href":"https:\/\/wp.ufpel.edu.br\/forumdediretores\/wp-json\/wp\/v2\/types\/page"}],"author":[{"embeddable":true,"href":"https:\/\/wp.ufpel.edu.br\/forumdediretores\/wp-json\/wp\/v2\/users\/633"}],"replies":[{"embeddable":true,"href":"https:\/\/wp.ufpel.edu.br\/forumdediretores\/wp-json\/wp\/v2\/comments?post=42"}],"version-history":[{"count":1,"href":"https:\/\/wp.ufpel.edu.br\/forumdediretores\/wp-json\/wp\/v2\/pages\/42\/revisions"}],"predecessor-version":[{"id":44,"href":"https:\/\/wp.ufpel.edu.br\/forumdediretores\/wp-json\/wp\/v2\/pages\/42\/revisions\/44"}],"wp:attachment":[{"href":"https:\/\/wp.ufpel.edu.br\/forumdediretores\/wp-json\/wp\/v2\/media?parent=42"}],"curies":[{"name":"wp","href":"https:\/\/api.w.org\/{rel}","templated":true}]}}