{"id":14,"date":"2016-03-29T10:49:34","date_gmt":"2016-03-29T13:49:34","guid":{"rendered":"https:\/\/wp.ufpel.edu.br\/forumdediretores\/?page_id=14"},"modified":"2016-05-12T23:14:54","modified_gmt":"2016-05-13T02:14:54","slug":"memoria-das-reunioes","status":"publish","type":"page","link":"https:\/\/wp.ufpel.edu.br\/forumdediretores\/memoria-das-reunioes\/","title":{"rendered":"MEM\u00d3RIA DAS REUNI\u00d5ES"},"content":{"rendered":"<p><span style=\"font-size: 18pt\"><strong>Mem\u00f3ria das Reuni\u00f5es<\/strong><\/span><\/p>\n<p>Os arquivos a seguir cont\u00e9m o registro das reuni\u00f5es do F\u00f3rum de Diretores da UFPEL. Tais registros servem apenas para historiar as discuss\u00f5es e os temas tratados, n\u00e3o possuem efeito deliberativo sobre os integrantes do F\u00f3rum de Diretores ou em qualquer outra inst\u00e2ncia da Universidade.<\/p>\n<p><span style=\"font-size: 14pt\"><strong>2016<\/strong><\/span><\/p>\n<p><a href=\"https:\/\/wp.ufpel.edu.br\/forumdediretores\/files\/2016\/03\/Mem\u00f3ria_01_08032016_IFM.pdf\" rel=\"\">Mem\u00f3ria_01_08032016_ESEF<\/a><\/p>\n<p><a href=\"https:\/\/wp.ufpel.edu.br\/forumdediretores\/files\/2016\/03\/Mem\u00f3ria_02_11032016_IFM-1.pdf\" rel=\"\">Mem\u00f3ria_02_11032016_IFM<\/a><\/p>\n<p><a href=\"https:\/\/wp.ufpel.edu.br\/forumdediretores\/files\/2016\/03\/Mem\u00f3ria_04_05042016_Nutri\u00e7\u00e3o.pdf\" rel=\"\">Mem\u00f3ria_04_05042016_Nutri\u00e7\u00e3o<\/a><\/p>\n<p><a href=\"https:\/\/wp.ufpel.edu.br\/forumdediretores\/files\/2016\/03\/Mem\u00f3ria_06_12052016_ICH.pdf\">Mem\u00f3ria_06_12052016_ICH<\/a><\/p>\n","protected":false},"excerpt":{"rendered":"<p>Mem\u00f3ria das Reuni\u00f5es Os arquivos a seguir cont\u00e9m o registro das reuni\u00f5es do F\u00f3rum de Diretores da UFPEL. Tais registros servem apenas para historiar as discuss\u00f5es e os temas tratados, n\u00e3o possuem efeito deliberativo sobre os integrantes do F\u00f3rum de Diretores ou em qualquer outra inst\u00e2ncia da Universidade. 2016 Mem\u00f3ria_01_08032016_ESEF Mem\u00f3ria_02_11032016_IFM Mem\u00f3ria_04_05042016_Nutri\u00e7\u00e3o Mem\u00f3ria_06_12052016_ICH<\/p>\n","protected":false},"author":633,"featured_media":0,"parent":0,"menu_order":0,"comment_status":"closed","ping_status":"closed","template":"","meta":{"jetpack_post_was_ever_published":false,"footnotes":""},"class_list":["post-14","page","type-page","status-publish","hentry"],"jetpack_sharing_enabled":true,"jetpack_shortlink":"https:\/\/wp.me\/P7oCfD-e","jetpack-related-posts":[],"_links":{"self":[{"href":"https:\/\/wp.ufpel.edu.br\/forumdediretores\/wp-json\/wp\/v2\/pages\/14","targetHints":{"allow":["GET"]}}],"collection":[{"href":"https:\/\/wp.ufpel.edu.br\/forumdediretores\/wp-json\/wp\/v2\/pages"}],"about":[{"href":"https:\/\/wp.ufpel.edu.br\/forumdediretores\/wp-json\/wp\/v2\/types\/page"}],"author":[{"embeddable":true,"href":"https:\/\/wp.ufpel.edu.br\/forumdediretores\/wp-json\/wp\/v2\/users\/633"}],"replies":[{"embeddable":true,"href":"https:\/\/wp.ufpel.edu.br\/forumdediretores\/wp-json\/wp\/v2\/comments?post=14"}],"version-history":[{"count":7,"href":"https:\/\/wp.ufpel.edu.br\/forumdediretores\/wp-json\/wp\/v2\/pages\/14\/revisions"}],"predecessor-version":[{"id":143,"href":"https:\/\/wp.ufpel.edu.br\/forumdediretores\/wp-json\/wp\/v2\/pages\/14\/revisions\/143"}],"wp:attachment":[{"href":"https:\/\/wp.ufpel.edu.br\/forumdediretores\/wp-json\/wp\/v2\/media?parent=14"}],"curies":[{"name":"wp","href":"https:\/\/api.w.org\/{rel}","templated":true}]}}