{"id":939,"date":"2024-11-06T10:52:14","date_gmt":"2024-11-06T13:52:14","guid":{"rendered":"https:\/\/wp.ufpel.edu.br\/formaturas\/?page_id=939"},"modified":"2024-11-06T11:10:25","modified_gmt":"2024-11-06T14:10:25","slug":"formatura-2024-1-de-outubro","status":"publish","type":"page","link":"https:\/\/wp.ufpel.edu.br\/formaturas\/formatura-2024-1-de-outubro","title":{"rendered":"Formatura 2024\/1 de Outubro"},"content":{"rendered":"<p><a href=\"https:\/\/wp.ufpel.edu.br\/formaturas\/2024\/09\/03\/divulgacao-da-lista-de-inscritos-para-as-formaturas-institucionais-da-ufpel-2024-1\/\">Lista de inscritos<\/a><\/p>\n<p><a href=\"https:\/\/wp.ufpel.edu.br\/formaturas\/2024\/09\/23\/indicacoes-para-paraninfo-patrono-homenageado-e-orador-formaturas-externas-2024-1\/\">Indica\u00e7\u00f5es para paraninfo(a), patrono ou patronesse, homenageado(a) e orador(a)<\/a><\/p>\n<p><a href=\"https:\/\/wp.ufpel.edu.br\/formaturas\/2024\/09\/12\/datas-e-horarios-das-formaturas-2024-1-em-outubro\/\">Datas e hor\u00e1rios<\/a><\/p>\n<p><a href=\"https:\/\/wp.ufpel.edu.br\/formaturas\/2024\/09\/23\/divulgacao-de-convites-para-as-formaturas-externas-2024-1-de-outubro\/\">Convites<\/a><\/p>\n<p><a href=\"https:\/\/wp.ufpel.edu.br\/formaturas\/2024\/10\/05\/horarios-dos-transportes-de-apoio\/\">Hor\u00e1rios dos transportes de apoio para ensaios e formaturas<\/a><\/p>\n<p><a href=\"https:\/\/wp.ufpel.edu.br\/formaturas\/2024\/10\/05\/orientacoes-e-protocolos-para-a-formatura-de-outubro\/\">PDF e v\u00eddeo com orienta\u00e7\u00f5es ao formandos sobre a formatura<\/a><\/p>\n<p><a href=\"https:\/\/wp.ufpel.edu.br\/formaturas\/2024\/10\/11\/links-de-transmissao-para-assistir-as-formaturas-externas-2024-1-de-outubro\/\">Link de transmiss\u00e3o das solenidades<\/a><\/p>\n<p>Fotografias (em breve)<\/p>\n<p>&nbsp;<\/p>\n","protected":false},"excerpt":{"rendered":"<p>Lista de inscritos Indica\u00e7\u00f5es para paraninfo(a), patrono ou patronesse, homenageado(a) e orador(a) Datas e hor\u00e1rios Convites Hor\u00e1rios dos transportes de apoio para ensaios e formaturas PDF e v\u00eddeo com orienta\u00e7\u00f5es ao formandos sobre a formatura Link de transmiss\u00e3o das solenidades Fotografias (em breve) &nbsp;<\/p>\n","protected":false},"author":1321,"featured_media":0,"parent":0,"menu_order":0,"comment_status":"closed","ping_status":"closed","template":"","meta":{"footnotes":""},"class_list":["post-939","page","type-page","status-publish","hentry"],"_links":{"self":[{"href":"https:\/\/wp.ufpel.edu.br\/formaturas\/wp-json\/wp\/v2\/pages\/939","targetHints":{"allow":["GET"]}}],"collection":[{"href":"https:\/\/wp.ufpel.edu.br\/formaturas\/wp-json\/wp\/v2\/pages"}],"about":[{"href":"https:\/\/wp.ufpel.edu.br\/formaturas\/wp-json\/wp\/v2\/types\/page"}],"author":[{"embeddable":true,"href":"https:\/\/wp.ufpel.edu.br\/formaturas\/wp-json\/wp\/v2\/users\/1321"}],"replies":[{"embeddable":true,"href":"https:\/\/wp.ufpel.edu.br\/formaturas\/wp-json\/wp\/v2\/comments?post=939"}],"version-history":[{"count":2,"href":"https:\/\/wp.ufpel.edu.br\/formaturas\/wp-json\/wp\/v2\/pages\/939\/revisions"}],"predecessor-version":[{"id":944,"href":"https:\/\/wp.ufpel.edu.br\/formaturas\/wp-json\/wp\/v2\/pages\/939\/revisions\/944"}],"wp:attachment":[{"href":"https:\/\/wp.ufpel.edu.br\/formaturas\/wp-json\/wp\/v2\/media?parent=939"}],"curies":[{"name":"wp","href":"https:\/\/api.w.org\/{rel}","templated":true}]}}