{"id":92,"date":"2023-08-18T18:09:58","date_gmt":"2023-08-18T21:09:58","guid":{"rendered":"https:\/\/wp.ufpel.edu.br\/formaturas\/?page_id=92"},"modified":"2023-12-04T09:31:44","modified_gmt":"2023-12-04T12:31:44","slug":"formatura-2022-2","status":"publish","type":"page","link":"https:\/\/wp.ufpel.edu.br\/formaturas\/edicoes-anteriores\/formaturas-anteriores\/formatura-2022-2","title":{"rendered":"Formatura 2022\/2"},"content":{"rendered":"<p><strong>FORMATURA INSTITUCIONAL EXTERNA \u2013 GRADUANDOS 2022\/2<\/strong><\/p>\n<ul>\n<li><strong>Per\u00edodo de inscri\u00e7\u00f5es (FINALIZADO):\u00a0<\/strong>de 20 at\u00e9 26 de mar\u00e7o de 2023<\/li>\n<li><strong>Per\u00edodo de altera\u00e7\u00e3o\/corre\u00e7\u00e3o da inscri\u00e7\u00e3o (FINALIZADO):<\/strong> at\u00e9 5 de abril de 2023<\/li>\n<\/ul>\n<p><b>LISTA DE ESTUDANTES INSCRITOS PARA FORMATURA INSTITUCIONAL EXTERNA:\u00a0<\/b>\u00a0<a class=\"mtli_attachment mtli_pdf\" href=\"https:\/\/wp.ufpel.edu.br\/prae\/files\/2023\/05\/LISTA-FORMATURA-ATUALIZADA.pdf\" target=\"_blank\" rel=\"noopener\">FORMATURA INSTITUCIONAL EXTERNA 2022_2 FINAL(ao abrir o arquivo atualize a p\u00e1gina, pois este arquivo foi ALTERADO)<\/a><\/p>\n<p><b>LISTA DE ESTUDANTES INSCRITOS PARA FORMATURA INSTITUCIONAL INTERNA (DE GABINETE) E ANTERIORES A 2018\/1:\u00a0<\/b><a class=\"mtli_attachment mtli_pdf\" href=\"https:\/\/wp.ufpel.edu.br\/prae\/files\/2023\/04\/LISTA-INST.-INTERNA-E-ANTERIOR-2018_1.pdf\" target=\"_blank\" rel=\"noopener\">LISTA INST. INTERNA E ANTERIOR 2018_1<\/a><\/p>\n<ul>\n<li><b>Prazo de desist\u00eancia da Formatura Institucional Externa:\u00a0<\/b>at\u00e9 dia 26 de maio de 2023 (ap\u00f3s esta data, sujeito a multa em dinheiro)<\/li>\n<li><b>Dias e hor\u00e1rios de realiza\u00e7\u00e3o das cerim\u00f4nias e quantidade de convites por grupo:<\/b><\/li>\n<\/ul>\n<table>\n<tbody>\n<tr>\n<td><\/td>\n<td><b>GRUPO A<\/b><\/td>\n<td><b>GRUPO B<\/b><\/td>\n<td><b>GRUPO C<\/b><\/td>\n<td><b>GRUPO D<\/b><\/td>\n<td><b>GRUPO E<\/b><\/td>\n<td><b>GRUPO F<\/b><\/td>\n<\/tr>\n<tr>\n<td><b>DATA \u2013 HORA<\/b><\/td>\n<td>29\/06\/2023 \u2013 14h<\/td>\n<td>29\/06\/2023 \u2013 17h<\/td>\n<td>29\/06\/2023 \u2013 20h<\/td>\n<td>30\/06\/2023 \u2013 14h<\/td>\n<td>30\/06\/2023 \u2013 17h<\/td>\n<td>30\/06\/2023 \u2013 20h<\/td>\n<\/tr>\n<tr>\n<td><b>CONVITES<\/b><\/td>\n<td>5<\/td>\n<td>5<\/td>\n<td>5<\/td>\n<td>6<\/td>\n<td>5<\/td>\n<td>5<\/td>\n<\/tr>\n<\/tbody>\n<\/table>\n<ul>\n<li><strong>Links de transmiss\u00e3o:<\/strong><\/li>\n<\/ul>\n<p>Grupo A \u2013\u00a0<a href=\"https:\/\/youtube.com\/live\/6XppSaQsm0E?feature=share\">https:\/\/youtube.com\/live\/6XppSaQsm0E?feature=share<\/a><\/p>\n<p>Grupo B \u2013\u00a0<a href=\"https:\/\/youtube.com\/live\/Yrqg4FD_mjE?feature=share\">https:\/\/youtube.com\/live\/Yrqg4FD_mjE?feature=share<\/a><\/p>\n<p>Grupo C \u2013\u00a0<a href=\"https:\/\/youtube.com\/live\/i59r19MeZ68?feature=share\">https:\/\/youtube.com\/live\/i59r19MeZ68?feature=share<\/a><\/p>\n<p>Grupo D \u2013\u00a0<a href=\"https:\/\/youtube.com\/live\/MywNfUM9Hbs?feature=share\">https:\/\/youtube.com\/live\/MywNfUM9Hbs?feature=share<\/a><\/p>\n<p>Grupo E \u2013\u00a0<a href=\"https:\/\/youtube.com\/live\/Q4noLilhoMc?feature=share\">https:\/\/youtube.com\/live\/Q4noLilhoMc?feature=share<\/a><\/p>\n<p>Grupo F \u2013\u00a0<a href=\"https:\/\/youtube.com\/live\/VfbT1FEeHRc?feature=share\">https:\/\/youtube.com\/live\/VfbT1FEeHRc?feature=share<\/a><\/p>\n<p>&nbsp;<\/p>\n<ul>\n<li><strong>Itiner\u00e1rio do transporte de apoio:<\/strong>\u00a0<a class=\"mtli_attachment mtli_pdf\" href=\"https:\/\/wp.ufpel.edu.br\/prae\/files\/2023\/06\/ITINERARIO-DO-TRANSPORTE-PELOTAS_CAPAO-ENSAIOS-26-E-27_06-CERIMONIAS-29-E-30_06.docx.pdf\">ITINER\u00c1RIO DO TRANSPORTE PELOTAS_CAP\u00c3O ENSAIOS 26 E 27_06 CERIMONIAS 29 E 30_06.docx<\/a><\/li>\n<\/ul>\n<p>&nbsp;<\/p>\n<ul>\n<li><strong>Per\u00edodo para retirada dos CONVITES:\u00a0<\/strong>A PARTIR DO DIA 12\/06\/2023. Local: PRAE (Campus II. Rua Alm. Barroso, n\u00ba1202, Centro, Pelotas). Hor\u00e1rio: 08h \u00e0s 20hN\u00e3o pode retirar seu convite pessoalmente? Autorize outra pessoa a retirar por voc\u00ea AQUI:\u00a0<a href=\"https:\/\/docs.google.com\/forms\/d\/e\/1FAIpQLSef4HTAQD51OBGtOcdscWWWCOrswp4ohgRDX0Ck7ucsRkNVyw\/viewform\" target=\"_blank\" rel=\"noopener\">https:\/\/docs.google.com\/forms\/d\/e\/1FAIpQLSef4HTAQD51OBGtOcdscWWWCOrswp4ohgRDX0Ck7ucsRkNVyw\/viewform<\/a><\/li>\n<\/ul>\n<p><b>SLIDES COM INFORMA\u00c7\u00d5ES SOBRE A REUNI\u00c3O, INCLUINDO AUTORIDADES DEFINIDAS:\u00a0<\/b><a class=\"mtli_attachment mtli_pdf\" href=\"https:\/\/wp.ufpel.edu.br\/prae\/files\/2023\/06\/REUNIAO-formandos-2022_2.pdf\">REUNI\u00c3O formandos 2022_2 (ao abrir o arquivo, atualize a p\u00e1gina, pois este arquivo foi ALTERADO)<\/a><\/p>\n<p><strong>GRAVA\u00c7\u00c3O DA REUNI\u00c3O:\u00a0<\/strong><a href=\"https:\/\/www.youtube.com\/watch?v=njWdN2fxXTM\" target=\"_blank\" rel=\"noopener\">https:\/\/www.youtube.com\/watch?v=njWdN2fxXTM<\/a><\/p>\n<ul>\n<li><b>Convite \u00e0s autoridades:\u00a0<\/b>at\u00e9 dia 28 de abril de 2023\u00a0<strong>(PRORROGADO AT\u00c9 10\/05\/23)<\/strong>. Deve ser feito pelos pr\u00f3prios estudantes. Ap\u00f3s esta data a Comiss\u00e3o de Formatura Institucional Externa far\u00e1 os convites.<\/li>\n<\/ul>\n<p><strong>SLIDES COM INFORMA\u00c7\u00d5ES SOBRE OS DISCURSOS:<\/strong>\u00a0<a class=\"mtli_attachment mtli_pdf\" href=\"https:\/\/wp.ufpel.edu.br\/prae\/files\/2023\/06\/DISCURSOS.pdf\">DISCURSOS POR CERIM\u00d4NIA (ORADORES E PARANINFOS)<\/a><\/p>\n<p>&nbsp;<\/p>\n","protected":false},"excerpt":{"rendered":"<p>FORMATURA INSTITUCIONAL EXTERNA \u2013 GRADUANDOS 2022\/2 Per\u00edodo de inscri\u00e7\u00f5es (FINALIZADO):\u00a0de 20 at\u00e9 26 de mar\u00e7o de 2023 Per\u00edodo de altera\u00e7\u00e3o\/corre\u00e7\u00e3o da inscri\u00e7\u00e3o (FINALIZADO): at\u00e9 5 de abril de 2023 LISTA DE ESTUDANTES INSCRITOS PARA FORMATURA INSTITUCIONAL EXTERNA:\u00a0\u00a0FORMATURA INSTITUCIONAL EXTERNA 2022_2 FINAL(ao abrir o arquivo atualize a p\u00e1gina, pois este arquivo foi ALTERADO) LISTA DE ESTUDANTES [&hellip;]<\/p>\n","protected":false},"author":1321,"featured_media":0,"parent":274,"menu_order":0,"comment_status":"closed","ping_status":"closed","template":"","meta":{"footnotes":""},"class_list":["post-92","page","type-page","status-publish","hentry"],"_links":{"self":[{"href":"https:\/\/wp.ufpel.edu.br\/formaturas\/wp-json\/wp\/v2\/pages\/92","targetHints":{"allow":["GET"]}}],"collection":[{"href":"https:\/\/wp.ufpel.edu.br\/formaturas\/wp-json\/wp\/v2\/pages"}],"about":[{"href":"https:\/\/wp.ufpel.edu.br\/formaturas\/wp-json\/wp\/v2\/types\/page"}],"author":[{"embeddable":true,"href":"https:\/\/wp.ufpel.edu.br\/formaturas\/wp-json\/wp\/v2\/users\/1321"}],"replies":[{"embeddable":true,"href":"https:\/\/wp.ufpel.edu.br\/formaturas\/wp-json\/wp\/v2\/comments?post=92"}],"version-history":[{"count":1,"href":"https:\/\/wp.ufpel.edu.br\/formaturas\/wp-json\/wp\/v2\/pages\/92\/revisions"}],"predecessor-version":[{"id":94,"href":"https:\/\/wp.ufpel.edu.br\/formaturas\/wp-json\/wp\/v2\/pages\/92\/revisions\/94"}],"up":[{"embeddable":true,"href":"https:\/\/wp.ufpel.edu.br\/formaturas\/wp-json\/wp\/v2\/pages\/274"}],"wp:attachment":[{"href":"https:\/\/wp.ufpel.edu.br\/formaturas\/wp-json\/wp\/v2\/media?parent=92"}],"curies":[{"name":"wp","href":"https:\/\/api.w.org\/{rel}","templated":true}]}}