{"id":740,"date":"2024-09-03T17:25:20","date_gmt":"2024-09-03T20:25:20","guid":{"rendered":"https:\/\/wp.ufpel.edu.br\/formaturas\/?page_id=740"},"modified":"2024-09-03T17:31:07","modified_gmt":"2024-09-03T20:31:07","slug":"inscricao-fora-do-prazo-procedimento-para-inclusao-na-cerimonia-de-colacao-de-grau","status":"publish","type":"page","link":"https:\/\/wp.ufpel.edu.br\/formaturas\/inscricao-fora-do-prazo-procedimento-para-inclusao-na-cerimonia-de-colacao-de-grau","title":{"rendered":"Inscri\u00e7\u00e3o Fora do Prazo: Procedimento para Inclus\u00e3o na Cerim\u00f4nia de Cola\u00e7\u00e3o de Grau"},"content":{"rendered":"<p>Voc\u00ea \u00e9 um estudante que\u00a0<strong>deixou passar o prazo para solicitar a sua inscri\u00e7\u00e3o na Formatura Externa (05\/08 a 30\/08)<\/strong>?<\/p>\n<p>Preencha\u00a0<a href=\"https:\/\/forms.gle\/HQySUQXhoBJmF3xa7\">este formul\u00e1rio clicando aqui<\/a> para que a Comiss\u00e3o Organizadora possa analisar a sua solicita\u00e7\u00e3o e verificar a possibilidade de sua inclus\u00e3o na cerim\u00f4nia de cola\u00e7\u00e3o de grau.<\/p>\n<p>D\u00favidas e sugest\u00f5es para a Comiss\u00e3o Interna de Formaturas Institucionais devem ser enviadas para formatura.institucional@ufpel.edu.br<\/p>\n","protected":false},"excerpt":{"rendered":"<p>Voc\u00ea \u00e9 um estudante que\u00a0deixou passar o prazo para solicitar a sua inscri\u00e7\u00e3o na Formatura Externa (05\/08 a 30\/08)? Preencha\u00a0este formul\u00e1rio clicando aqui para que a Comiss\u00e3o Organizadora possa analisar a sua solicita\u00e7\u00e3o e verificar a possibilidade de sua inclus\u00e3o na cerim\u00f4nia de cola\u00e7\u00e3o de grau. D\u00favidas e sugest\u00f5es para a Comiss\u00e3o Interna de Formaturas [&hellip;]<\/p>\n","protected":false},"author":1321,"featured_media":0,"parent":0,"menu_order":0,"comment_status":"closed","ping_status":"closed","template":"","meta":{"footnotes":""},"class_list":["post-740","page","type-page","status-publish","hentry"],"_links":{"self":[{"href":"https:\/\/wp.ufpel.edu.br\/formaturas\/wp-json\/wp\/v2\/pages\/740","targetHints":{"allow":["GET"]}}],"collection":[{"href":"https:\/\/wp.ufpel.edu.br\/formaturas\/wp-json\/wp\/v2\/pages"}],"about":[{"href":"https:\/\/wp.ufpel.edu.br\/formaturas\/wp-json\/wp\/v2\/types\/page"}],"author":[{"embeddable":true,"href":"https:\/\/wp.ufpel.edu.br\/formaturas\/wp-json\/wp\/v2\/users\/1321"}],"replies":[{"embeddable":true,"href":"https:\/\/wp.ufpel.edu.br\/formaturas\/wp-json\/wp\/v2\/comments?post=740"}],"version-history":[{"count":2,"href":"https:\/\/wp.ufpel.edu.br\/formaturas\/wp-json\/wp\/v2\/pages\/740\/revisions"}],"predecessor-version":[{"id":748,"href":"https:\/\/wp.ufpel.edu.br\/formaturas\/wp-json\/wp\/v2\/pages\/740\/revisions\/748"}],"wp:attachment":[{"href":"https:\/\/wp.ufpel.edu.br\/formaturas\/wp-json\/wp\/v2\/media?parent=740"}],"curies":[{"name":"wp","href":"https:\/\/api.w.org\/{rel}","templated":true}]}}