{"id":730,"date":"2024-09-03T17:16:25","date_gmt":"2024-09-03T20:16:25","guid":{"rendered":"https:\/\/wp.ufpel.edu.br\/formaturas\/?page_id=730"},"modified":"2024-09-04T15:09:10","modified_gmt":"2024-09-04T18:09:10","slug":"formatura-externa-2024-1","status":"publish","type":"page","link":"https:\/\/wp.ufpel.edu.br\/formaturas\/formatura-externa-2024-1","title":{"rendered":"Formatura Externa 2024\/1"},"content":{"rendered":"<p><a href=\"https:\/\/wp.ufpel.edu.br\/formaturas\/2024\/09\/04\/datas-das-formaturas-externas-2024-1\/\">Datas das Formaturas<\/a><\/p>\n<p><a href=\"https:\/\/wp.ufpel.edu.br\/formaturas\/2024\/07\/19\/inscricoes\/\">Inscri\u00e7\u00f5es<\/a><\/p>\n<p><a href=\"https:\/\/wp.ufpel.edu.br\/formaturas\/2024\/08\/22\/prorrogacao-das-inscricoes-das-formaturas-institucionais-2024-1\/\">Prorroga\u00e7\u00e3o das Inscri\u00e7\u00f5es das Formaturas Institucionais &#8211; Interna e Externa<\/a><\/p>\n<p><a href=\"https:\/\/wp.ufpel.edu.br\/formaturas\/2024\/08\/26\/divulgacao-da-lista-preliminar-de-inscritos-nas-formaturas-institucionais-2024-1\/\">Listas Preliminares dos Inscritos para as Formaturas Institucionais &#8211; Interna e Externa<\/a><\/p>\n<p><a href=\"https:\/\/wp.ufpel.edu.br\/formaturas\/2024\/09\/03\/divulgacao-da-lista-de-inscritos-para-as-formaturas-institucionais-da-ufpel-2024-1\/\">Listas Definitivas dos Inscritos para as Formaturas Institucionais &#8211; Interna e Externa\u00a0<\/a><\/p>\n<p><a href=\"https:\/\/docs.google.com\/forms\/d\/e\/1FAIpQLSdMCeH3GyRU2GN2aM8QczVqcTij11tF9oH-3Nh9l-1MNtBe3w\/viewform\">Formul\u00e1rio para recurso fora do prazo de inscri\u00e7\u00e3o &#8211; Formatura Externa\u00a0<\/a><\/p>\n","protected":false},"excerpt":{"rendered":"<p>Datas das Formaturas Inscri\u00e7\u00f5es Prorroga\u00e7\u00e3o das Inscri\u00e7\u00f5es das Formaturas Institucionais &#8211; Interna e Externa Listas Preliminares dos Inscritos para as Formaturas Institucionais &#8211; Interna e Externa Listas Definitivas dos Inscritos para as Formaturas Institucionais &#8211; Interna e Externa\u00a0 Formul\u00e1rio para recurso fora do prazo de inscri\u00e7\u00e3o &#8211; Formatura Externa\u00a0<\/p>\n","protected":false},"author":1321,"featured_media":0,"parent":0,"menu_order":0,"comment_status":"closed","ping_status":"closed","template":"","meta":{"footnotes":""},"class_list":["post-730","page","type-page","status-publish","hentry"],"_links":{"self":[{"href":"https:\/\/wp.ufpel.edu.br\/formaturas\/wp-json\/wp\/v2\/pages\/730","targetHints":{"allow":["GET"]}}],"collection":[{"href":"https:\/\/wp.ufpel.edu.br\/formaturas\/wp-json\/wp\/v2\/pages"}],"about":[{"href":"https:\/\/wp.ufpel.edu.br\/formaturas\/wp-json\/wp\/v2\/types\/page"}],"author":[{"embeddable":true,"href":"https:\/\/wp.ufpel.edu.br\/formaturas\/wp-json\/wp\/v2\/users\/1321"}],"replies":[{"embeddable":true,"href":"https:\/\/wp.ufpel.edu.br\/formaturas\/wp-json\/wp\/v2\/comments?post=730"}],"version-history":[{"count":6,"href":"https:\/\/wp.ufpel.edu.br\/formaturas\/wp-json\/wp\/v2\/pages\/730\/revisions"}],"predecessor-version":[{"id":757,"href":"https:\/\/wp.ufpel.edu.br\/formaturas\/wp-json\/wp\/v2\/pages\/730\/revisions\/757"}],"wp:attachment":[{"href":"https:\/\/wp.ufpel.edu.br\/formaturas\/wp-json\/wp\/v2\/media?parent=730"}],"curies":[{"name":"wp","href":"https:\/\/api.w.org\/{rel}","templated":true}]}}