{"id":73,"date":"2023-08-18T17:16:59","date_gmt":"2023-08-18T20:16:59","guid":{"rendered":"https:\/\/wp.ufpel.edu.br\/formaturas\/?page_id=73"},"modified":"2023-09-04T09:57:12","modified_gmt":"2023-09-04T12:57:12","slug":"organizacao","status":"publish","type":"page","link":"https:\/\/wp.ufpel.edu.br\/formaturas\/pagina-inicial-estatica\/organizacao","title":{"rendered":"Organiza\u00e7\u00e3o"},"content":{"rendered":"<p><span style=\"font-weight: 400;\">A organiza\u00e7\u00e3o e as responsabilidades da realiza\u00e7\u00e3o da Formatura Institucional Externa s\u00e3o compartilhadas entre a <\/span><span style=\"font-weight: 400;\">Comiss\u00e3o Interna de Formaturas Institucionais, <\/span><span style=\"font-weight: 400;\">Formandos, <\/span><span style=\"font-weight: 400;\">Secretaria das Unidades Acad\u00eamicas e <\/span><span style=\"font-weight: 400;\">Colegiados de Curso.<\/span><\/p>\n<p>Cabe \u00e0 <span style=\"font-weight: 400;\">Comiss\u00e3o Interna de Formaturas Institucionais, institu\u00edda pela <a href=\"https:\/\/wp.ufpel.edu.br\/formaturas\/files\/2023\/09\/Portaria_2023_3310.pdf\">PORTARIA DE PESSOAL N\u00ba 3310\/UFPEL, DE 01 DE SETEMBRO DE 2023<\/a>,\u00a0 a organiza\u00e7\u00e3o dos atos solenes que acontecem semestralmente no Audit\u00f3rio Wilson de Oliveira na FAEM.<\/span><\/p>\n","protected":false},"excerpt":{"rendered":"<p>A organiza\u00e7\u00e3o e as responsabilidades da realiza\u00e7\u00e3o da Formatura Institucional Externa s\u00e3o compartilhadas entre a Comiss\u00e3o Interna de Formaturas Institucionais, Formandos, Secretaria das Unidades Acad\u00eamicas e Colegiados de Curso. Cabe \u00e0 Comiss\u00e3o Interna de Formaturas Institucionais, institu\u00edda pela PORTARIA DE PESSOAL N\u00ba 3310\/UFPEL, DE 01 DE SETEMBRO DE 2023,\u00a0 a organiza\u00e7\u00e3o dos atos solenes que [&hellip;]<\/p>\n","protected":false},"author":1321,"featured_media":0,"parent":7,"menu_order":0,"comment_status":"closed","ping_status":"closed","template":"","meta":{"footnotes":""},"class_list":["post-73","page","type-page","status-publish","hentry"],"_links":{"self":[{"href":"https:\/\/wp.ufpel.edu.br\/formaturas\/wp-json\/wp\/v2\/pages\/73","targetHints":{"allow":["GET"]}}],"collection":[{"href":"https:\/\/wp.ufpel.edu.br\/formaturas\/wp-json\/wp\/v2\/pages"}],"about":[{"href":"https:\/\/wp.ufpel.edu.br\/formaturas\/wp-json\/wp\/v2\/types\/page"}],"author":[{"embeddable":true,"href":"https:\/\/wp.ufpel.edu.br\/formaturas\/wp-json\/wp\/v2\/users\/1321"}],"replies":[{"embeddable":true,"href":"https:\/\/wp.ufpel.edu.br\/formaturas\/wp-json\/wp\/v2\/comments?post=73"}],"version-history":[{"count":3,"href":"https:\/\/wp.ufpel.edu.br\/formaturas\/wp-json\/wp\/v2\/pages\/73\/revisions"}],"predecessor-version":[{"id":160,"href":"https:\/\/wp.ufpel.edu.br\/formaturas\/wp-json\/wp\/v2\/pages\/73\/revisions\/160"}],"up":[{"embeddable":true,"href":"https:\/\/wp.ufpel.edu.br\/formaturas\/wp-json\/wp\/v2\/pages\/7"}],"wp:attachment":[{"href":"https:\/\/wp.ufpel.edu.br\/formaturas\/wp-json\/wp\/v2\/media?parent=73"}],"curies":[{"name":"wp","href":"https:\/\/api.w.org\/{rel}","templated":true}]}}