{"id":671,"date":"2024-08-02T17:30:19","date_gmt":"2024-08-02T20:30:19","guid":{"rendered":"https:\/\/wp.ufpel.edu.br\/formaturas\/?page_id=671"},"modified":"2024-09-03T17:30:28","modified_gmt":"2024-09-03T20:30:28","slug":"formatura-2023-2","status":"publish","type":"page","link":"https:\/\/wp.ufpel.edu.br\/formaturas\/edicoes-anteriores\/formaturas-anteriores\/formatura-2023-2","title":{"rendered":"Formatura 2023\/2"},"content":{"rendered":"<p><a href=\"https:\/\/wp.ufpel.edu.br\/formaturas\/2023\/09\/18\/203\/\">Inscritos<\/a><\/p>\n<p><a href=\"https:\/\/wp.ufpel.edu.br\/formaturas\/2024\/04\/11\/documento-para-download-da-reuniao-online-10-04\/\">Reuni\u00e3o online com os formandos e documento com orienta\u00e7\u00f5es<\/a><\/p>\n<p><a href=\"https:\/\/wp.ufpel.edu.br\/formaturas\/formatura-2023-2\/datas-das-cerimonias-e-ensaios\/\">Datas e hor\u00e1rios das cerim\u00f4nias<\/a><\/p>\n<p><a href=\"https:\/\/wp.ufpel.edu.br\/formaturas\/formatura-2023-2\/cronograma-e-prazos\/\">Cronograma e prazos<\/a><\/p>\n<p><a href=\"https:\/\/wp.ufpel.edu.br\/formaturas\/2024\/04\/11\/nao-podera-retirar-seus-convites-autorize-outra-pessoa-pelo-formulario\/\">Convites<\/a><\/p>\n<p><a href=\"https:\/\/wp.ufpel.edu.br\/formaturas\/2024\/07\/09\/links-de-transmissao-das-formaturas-externas\/\">Links de transmiss\u00e3o das cerim\u00f4nias de formatura<\/a><\/p>\n<p><a href=\"https:\/\/wp.ufpel.edu.br\/formaturas\/2024\/07\/07\/itinerario-dos-transportes-para-os-ensaios-e-para-as-cerimonias-de-formaturas-2023-2\/\">Itiner\u00e1rio do transporte de apoio<\/a><\/p>\n","protected":false},"excerpt":{"rendered":"<p>Inscritos Reuni\u00e3o online com os formandos e documento com orienta\u00e7\u00f5es Datas e hor\u00e1rios das cerim\u00f4nias Cronograma e prazos Convites Links de transmiss\u00e3o das cerim\u00f4nias de formatura Itiner\u00e1rio do transporte de apoio<\/p>\n","protected":false},"author":1321,"featured_media":0,"parent":274,"menu_order":0,"comment_status":"closed","ping_status":"closed","template":"","meta":{"footnotes":""},"class_list":["post-671","page","type-page","status-publish","hentry"],"_links":{"self":[{"href":"https:\/\/wp.ufpel.edu.br\/formaturas\/wp-json\/wp\/v2\/pages\/671","targetHints":{"allow":["GET"]}}],"collection":[{"href":"https:\/\/wp.ufpel.edu.br\/formaturas\/wp-json\/wp\/v2\/pages"}],"about":[{"href":"https:\/\/wp.ufpel.edu.br\/formaturas\/wp-json\/wp\/v2\/types\/page"}],"author":[{"embeddable":true,"href":"https:\/\/wp.ufpel.edu.br\/formaturas\/wp-json\/wp\/v2\/users\/1321"}],"replies":[{"embeddable":true,"href":"https:\/\/wp.ufpel.edu.br\/formaturas\/wp-json\/wp\/v2\/comments?post=671"}],"version-history":[{"count":5,"href":"https:\/\/wp.ufpel.edu.br\/formaturas\/wp-json\/wp\/v2\/pages\/671\/revisions"}],"predecessor-version":[{"id":747,"href":"https:\/\/wp.ufpel.edu.br\/formaturas\/wp-json\/wp\/v2\/pages\/671\/revisions\/747"}],"up":[{"embeddable":true,"href":"https:\/\/wp.ufpel.edu.br\/formaturas\/wp-json\/wp\/v2\/pages\/274"}],"wp:attachment":[{"href":"https:\/\/wp.ufpel.edu.br\/formaturas\/wp-json\/wp\/v2\/media?parent=671"}],"curies":[{"name":"wp","href":"https:\/\/api.w.org\/{rel}","templated":true}]}}