{"id":480,"date":"2024-01-12T11:05:01","date_gmt":"2024-01-12T14:05:01","guid":{"rendered":"https:\/\/wp.ufpel.edu.br\/formaturas\/?page_id=480"},"modified":"2024-06-12T16:56:08","modified_gmt":"2024-06-12T19:56:08","slug":"datas-das-cerimonias-e-ensaios","status":"publish","type":"page","link":"https:\/\/wp.ufpel.edu.br\/formaturas\/formatura-2023-2__trashed\/datas-das-cerimonias-e-ensaios","title":{"rendered":"Datas das Cerim\u00f4nias, Ensaios e Convites"},"content":{"rendered":"<h2><strong>CERIM\u00d4NIAS:<\/strong><\/h2>\n<p><strong>GRUPO A<\/strong><\/p>\n<ul>\n<li style=\"list-style-type: none;\">\n<ul>\n<li style=\"list-style-type: none;\">\n<ul>\n<li>Data: 10\/07\/2024<\/li>\n<li>Hor\u00e1rio:\u00a0 14h<\/li>\n<li>N\u00famero de convites: 5 convites por formando<\/li>\n<li>Cursos:\u00a0 Administra\u00e7\u00e3o, Gest\u00e3o P\u00fablica, Processos Gerenciais, Turismo; Ci\u00eancias Sociais, Filosofia e Rela\u00e7\u00f5es Internacionais.<\/li>\n<\/ul>\n<\/li>\n<\/ul>\n<\/li>\n<\/ul>\n<p><strong>GRUPO B<\/strong><\/p>\n<ul>\n<li style=\"list-style-type: none;\">\n<ul>\n<li style=\"list-style-type: none;\">\n<ul>\n<li>Data: 10\/07\/2024<\/li>\n<li>Hor\u00e1rio:\u00a0 17h<\/li>\n<li>N\u00famero de convites: 5 convites por formando<\/li>\n<li>Cursos:\u00a0 Direito, Gest\u00e3o Ambiental e Hotelaria<\/li>\n<\/ul>\n<\/li>\n<\/ul>\n<\/li>\n<\/ul>\n<p><strong>GRUPO C<\/strong><\/p>\n<ul>\n<li style=\"list-style-type: none;\">\n<ul>\n<li style=\"list-style-type: none;\">\n<ul>\n<li>Data: 10\/07\/2024<\/li>\n<li>Hor\u00e1rio:\u00a0 20h<\/li>\n<li>N\u00famero de convites: 5 convites por formando<\/li>\n<li>Cursos:\u00a0 Gastronomia, Nutri\u00e7\u00e3o, Educa\u00e7\u00e3o F\u00edsica e Odontologia.<\/li>\n<\/ul>\n<\/li>\n<\/ul>\n<\/li>\n<\/ul>\n<p><strong>GRUPO D<\/strong><\/p>\n<ul>\n<li style=\"list-style-type: none;\">\n<ul>\n<li style=\"list-style-type: none;\">\n<ul>\n<li>Data: 11\/07\/2024<\/li>\n<li>Hor\u00e1rio:\u00a0 14h<\/li>\n<li>N\u00famero de convites: 5 convites por formando<\/li>\n<li>Cursos: Arquitetura e Urbanismo, Artes Visuais, Cinema de Anima\u00e7\u00e3o, Cinema e Audiovisual, Dan\u00e7a, Design Digital, Design Gr\u00e1fico, M\u00fasica, M\u00fasica \u2013 Canto, M\u00fasica \u2013 Ci\u00eancias Musicais, M\u00fasica \u2013 Composi\u00e7\u00e3o, M\u00fasica Popular e Teatro.<\/li>\n<\/ul>\n<\/li>\n<\/ul>\n<\/li>\n<\/ul>\n<p><strong>GRUPO E\u00a0<\/strong><\/p>\n<ul>\n<li style=\"list-style-type: none;\">\n<ul>\n<li style=\"list-style-type: none;\">\n<ul>\n<li>Data: 11\/07\/2024<\/li>\n<li>Hor\u00e1rio:\u00a0 17h<\/li>\n<li>N\u00famero de convites: 6 convites por formando<\/li>\n<li>Cursos: Antropologia, Ci\u00eancias Econ\u00f4micas, Conserva\u00e7\u00e3o e Restaura\u00e7\u00e3o de Bens Culturais M\u00f3veis, Geografia , Hist\u00f3ria e Museologia.<\/li>\n<\/ul>\n<\/li>\n<\/ul>\n<\/li>\n<\/ul>\n<p><strong>GRUPO F<\/strong><\/p>\n<ul>\n<li style=\"list-style-type: none;\">\n<ul>\n<li style=\"list-style-type: none;\">\n<ul>\n<li>Data: 11\/07\/2024<\/li>\n<li>Hor\u00e1rio:\u00a0 20h<\/li>\n<li>N\u00famero de convites: 5 convites por formando<\/li>\n<li>Cursos:\u00a0 Jornalismo, Letras \u2013 Portugu\u00eas, Letras \u2013 Portugu\u00eas e Espanhol, Letras \u2013 Portugu\u00eas e Franc\u00eas, Letras \u2013 Portugu\u00eas e Ingl\u00eas, Letras \u2013 Reda\u00e7\u00e3o e Revis\u00e3o de Textos, Pedagogia, Medicina, Psicologia, Terapia Ocupacional e Enfermagem.<\/li>\n<\/ul>\n<\/li>\n<\/ul>\n<\/li>\n<\/ul>\n<p><strong>GRUPO G<\/strong><\/p>\n<ul>\n<li style=\"list-style-type: none;\">\n<ul>\n<li style=\"list-style-type: none;\">\n<ul>\n<li>Data: 12\/07\/2024<\/li>\n<li>Hor\u00e1rio:\u00a0 14h<\/li>\n<li>N\u00famero de convites:\u00a0 5 convites por formando<\/li>\n<li>Cursos:\u00a0 Agronomia, Zootecnia, Medicina Veterin\u00e1ria, Meteorologia, Matem\u00e1tica e F\u00edsica.<\/li>\n<\/ul>\n<\/li>\n<\/ul>\n<\/li>\n<\/ul>\n<p><strong>GRUPO H<\/strong><\/p>\n<ul>\n<li style=\"list-style-type: none;\">\n<ul>\n<li style=\"list-style-type: none;\">\n<ul>\n<li>Data: 12\/07\/2024<\/li>\n<li>Hor\u00e1rio:\u00a0 17h<\/li>\n<li>N\u00famero de convites:\u00a0 6 convites por formando<\/li>\n<li>Cursos:\u00a0 Ci\u00eancias Biol\u00f3gicas, Biotecnologia, Ci\u00eancia da Computa\u00e7\u00e3o, Engenharia de Computa\u00e7\u00e3o, Engenharia de Materiais e Engenharia H\u00eddrica.<\/li>\n<\/ul>\n<\/li>\n<\/ul>\n<\/li>\n<\/ul>\n<p><strong>GRUPO I<\/strong><\/p>\n<ul>\n<li style=\"list-style-type: none;\">\n<ul>\n<li style=\"list-style-type: none;\">\n<ul>\n<li>Data: 12\/07\/2024<\/li>\n<li>Hor\u00e1rio:\u00a0 20h<\/li>\n<li>N\u00famero de convites: 5 convites<\/li>\n<li>Cursos: Engenharia Ambiental e Sanit\u00e1ria, Engenharia Agr\u00edcola, Engenharia Civil, Engenharia de Controle e Automa\u00e7\u00e3o, Engenharia de Produ\u00e7\u00e3o, Engenharia Eletr\u00f4nica,\u00a0<span data-sheets-root=\"1\" data-sheets-value=\"{&quot;1&quot;:2,&quot;2&quot;:&quot;Engenharia Eletr\u00f4nica&quot;}\" data-sheets-userformat=\"{&quot;2&quot;:513,&quot;3&quot;:{&quot;1&quot;:0},&quot;12&quot;:0}\">Engenharia Geol\u00f3gica e Geoprocessamento, Alimentos, Farm\u00e1cia, Qu\u00edmica, Qu\u00edmica de Alimentos, Qu\u00edmica Forense e\u00a0 Qu\u00edmica Industrial.<\/span><\/li>\n<\/ul>\n<\/li>\n<\/ul>\n<\/li>\n<\/ul>\n<h2><b>ENSAIOS<\/b><\/h2>\n<ul>\n<li style=\"list-style-type: none;\">\n<ul>\n<li style=\"list-style-type: none;\">\n<ul>\n<li><b>GRUPO A: <span style=\"font-weight: 400;\">08\/07\/2024 \u00e0s 08:30<\/span><\/b><\/li>\n<li><b>GRUPO B: <span style=\"font-weight: 400;\">08\/07\/2024 \u00e0s 09:30<\/span><\/b><\/li>\n<li><b>GRUPO C: <\/b><span style=\"font-weight: 400;\">08\/07\/2024 \u00e0s 10:30<\/span><\/li>\n<li><b>GRUPO D: <span style=\"font-weight: 400;\">08\/07\/2024 \u00e0s 14:00<\/span><\/b><\/li>\n<li><b>GRUPO E: <span style=\"font-weight: 400;\">08\/07\/2024 \u00e0s 15:00<\/span><\/b><\/li>\n<li><b>GRUPO F: <span style=\"font-weight: 400;\">08\/07\/2024 \u00e0s 16:00<\/span><\/b><\/li>\n<li><strong>GRUPO G: <span style=\"font-weight: 400;\">09\/07\/2024 \u00e0s 08:30<\/span><\/strong><\/li>\n<li><strong>GRUPO H:<\/strong> <span style=\"font-weight: 400;\">09\/07\/2024 \u00e0s 09:30<\/span><\/li>\n<li><strong>GRUPO I:<\/strong> <span style=\"font-weight: 400;\">09\/07\/2024 \u00e0s 10:30<\/span><\/li>\n<\/ul>\n<\/li>\n<\/ul>\n<\/li>\n<\/ul>\n<h3 style=\"text-align: justify;\"><b>Desist\u00eancias<\/b><\/h3>\n<p style=\"text-align: left;\"><span style=\"font-weight: 400;\">Os formandos que n\u00e3o puderem ou n\u00e3o tem mais interesse em participar da cerim\u00f4nia, independente do motivo, devem informar a Comiss\u00e3o de Formatura pelo e-mail <\/span><a href=\"mailto:formatura.institucional@ufpel.edu.br\"><span style=\"font-weight: 400;\">formatura.institucional@ufpel.edu.br<\/span><\/a><span style=\"font-weight: 400;\"> at\u00e9 o dia <\/span><span style=\"font-weight: 400;\">\u00a020\/06\/2024<\/span><\/p>\n","protected":false},"excerpt":{"rendered":"<p>CERIM\u00d4NIAS: GRUPO A Data: 10\/07\/2024 Hor\u00e1rio:\u00a0 14h N\u00famero de convites: 5 convites por formando Cursos:\u00a0 Administra\u00e7\u00e3o, Gest\u00e3o P\u00fablica, Processos Gerenciais, Turismo; Ci\u00eancias Sociais, Filosofia e Rela\u00e7\u00f5es Internacionais. GRUPO B Data: 10\/07\/2024 Hor\u00e1rio:\u00a0 17h N\u00famero de convites: 5 convites por formando Cursos:\u00a0 Direito, Gest\u00e3o Ambiental e Hotelaria GRUPO C Data: 10\/07\/2024 Hor\u00e1rio:\u00a0 20h N\u00famero de convites: [&hellip;]<\/p>\n","protected":false},"author":1321,"featured_media":0,"parent":295,"menu_order":1,"comment_status":"closed","ping_status":"closed","template":"","meta":{"footnotes":""},"class_list":["post-480","page","type-page","status-publish","hentry"],"_links":{"self":[{"href":"https:\/\/wp.ufpel.edu.br\/formaturas\/wp-json\/wp\/v2\/pages\/480","targetHints":{"allow":["GET"]}}],"collection":[{"href":"https:\/\/wp.ufpel.edu.br\/formaturas\/wp-json\/wp\/v2\/pages"}],"about":[{"href":"https:\/\/wp.ufpel.edu.br\/formaturas\/wp-json\/wp\/v2\/types\/page"}],"author":[{"embeddable":true,"href":"https:\/\/wp.ufpel.edu.br\/formaturas\/wp-json\/wp\/v2\/users\/1321"}],"replies":[{"embeddable":true,"href":"https:\/\/wp.ufpel.edu.br\/formaturas\/wp-json\/wp\/v2\/comments?post=480"}],"version-history":[{"count":6,"href":"https:\/\/wp.ufpel.edu.br\/formaturas\/wp-json\/wp\/v2\/pages\/480\/revisions"}],"predecessor-version":[{"id":636,"href":"https:\/\/wp.ufpel.edu.br\/formaturas\/wp-json\/wp\/v2\/pages\/480\/revisions\/636"}],"up":[{"embeddable":true,"href":"https:\/\/wp.ufpel.edu.br\/formaturas\/wp-json\/wp\/v2\/pages\/295"}],"wp:attachment":[{"href":"https:\/\/wp.ufpel.edu.br\/formaturas\/wp-json\/wp\/v2\/media?parent=480"}],"curies":[{"name":"wp","href":"https:\/\/api.w.org\/{rel}","templated":true}]}}