{"id":46,"date":"2023-08-18T12:16:18","date_gmt":"2023-08-18T15:16:18","guid":{"rendered":"https:\/\/wp.ufpel.edu.br\/formaturas\/?page_id=46"},"modified":"2023-10-06T08:02:57","modified_gmt":"2023-10-06T11:02:57","slug":"datas-e-horarios-das-cerimonias","status":"publish","type":"page","link":"https:\/\/wp.ufpel.edu.br\/formaturas\/datas-e-horarios-das-cerimonias","title":{"rendered":"Datas e hor\u00e1rios das cerim\u00f4nias"},"content":{"rendered":"<p><span style=\"font-weight: 400;\">A Comiss\u00e3o Organizadora das Formaturas da UFPel, divulga nesta sexta-feira (22), as datas e os hor\u00e1rios dos ensaios e das cerim\u00f4nias das Formaturas Institucionais Externas. Agora, os formandos poder\u00e3o saber quando ir\u00e3o colar grau e o n\u00famero de convites por cerim\u00f4nia.\u00a0<\/span><\/p>\n<p><b>AVISO IMPORTANTE: <\/b><span style=\"font-weight: 400;\">No dia <\/span><b>06 de outubro, \u00e0s 18:30, acontecer\u00e1 a reuni\u00e3o online com os formandos<\/b><span style=\"font-weight: 400;\"> pelo YouTube. Nela ser\u00e3o conversados assuntos como os protocolos das cerim\u00f4nias, divulga\u00e7\u00e3o da lista dos homenageados, datas para retirada dos convites, informa\u00e7\u00f5es sobre fotos e outros temas referentes \u00e0s Formaturas. N\u00e3o perca! \u00c9 de extrema import\u00e2ncia sua participa\u00e7\u00e3o e contribui\u00e7\u00e3o!\u00a0<\/span><\/p>\n<p><span style=\"font-weight: 400;\">Confira a data e o hor\u00e1rio da cerim\u00f4nia do seu curso:<\/span><\/p>\n<p><b>GRUPO A<\/b><\/p>\n<ul>\n<li><b>Data:<\/b><span style=\"font-weight: 400;\"> 09 de novembro de 2023<\/span><\/li>\n<li><b>Hor\u00e1rio:<\/b><span style=\"font-weight: 400;\"> 14h\u00a0<\/span><\/li>\n<li><b>N\u00famero de convites por formando: <\/b><span style=\"font-weight: 400;\">5<\/span><\/li>\n<li><b>Cursos: <\/b><span style=\"font-weight: 400;\">Artes Visuais, Cinema e Anima\u00e7\u00e3o, Cinema e AudioVisual, Dan\u00e7a, Design Digital, Design Gr\u00e1fico, M\u00fasica, M\u00fasica &#8211; Ci\u00eancias Musicais, M\u00fasica &#8211; M\u00fasica Popular, M\u00fasica &#8211; Piano, M\u00fasica &#8211; Viol\u00e3o, Teatro<\/span><b>, <\/b><span style=\"font-weight: 400;\">Antropologia , Ci\u00eancias Econ\u00f4micas , Conserva\u00e7\u00e3o e Restaura\u00e7\u00e3o de Bens Culturais M\u00f3veis , Geografia, Hist\u00f3ria, Museologia<\/span><\/li>\n<\/ul>\n<p>&nbsp;<\/p>\n<p><b>GRUPO B<\/b><\/p>\n<ul>\n<li><b>Data:<\/b><span style=\"font-weight: 400;\"> 09 de novembro de 2023<\/span><\/li>\n<li><b>Hor\u00e1rio:<\/b><span style=\"font-weight: 400;\"> 17h<\/span><\/li>\n<li><b>N\u00famero de convites por formando:<\/b><span style=\"font-weight: 400;\"> 6<\/span><\/li>\n<li><b>Cursos:\u00a0 <\/b><span style=\"font-weight: 400;\">Administra\u00e7\u00e3o, Processos Gerenciais, Turismo, Gest\u00e3o Ambiental, Hotelaria, Transporte Terrestre<\/span><b>, <\/b><span style=\"font-weight: 400;\">Ci\u00eancias Sociais, Filosofia, Rela\u00e7\u00f5es Internacionais\u00a0<\/span><\/li>\n<\/ul>\n<p>&nbsp;<\/p>\n<p><b>GRUPO C<\/b><\/p>\n<ul>\n<li><b>Data:<\/b><span style=\"font-weight: 400;\"> 09 de novembro de 2023<\/span><\/li>\n<li><b>Hor\u00e1rio: <\/b><span style=\"font-weight: 400;\">20h<\/span><\/li>\n<li><b>N\u00famero de convites por formando: <\/b><span style=\"font-weight: 400;\">5<\/span><\/li>\n<li><b>Cursos: <\/b><span style=\"font-weight: 400;\">Psicologia , Terapia Ocupacional, Enfermagem, Gastronomia, Nutri\u00e7\u00e3o<\/span><b>, <\/b><span style=\"font-weight: 400;\">Odontologia\u00a0<\/span><\/li>\n<\/ul>\n<p>&nbsp;<\/p>\n<p><b>GRUPO D<\/b><\/p>\n<ul>\n<li><b>Data: <\/b><span style=\"font-weight: 400;\">10 de novembro de 2023<\/span><\/li>\n<li><b>Hor\u00e1rio:<\/b><span style=\"font-weight: 400;\"> 14h<\/span><\/li>\n<li><b>N\u00famero de convites por formando:<\/b><span style=\"font-weight: 400;\"> 5<\/span><\/li>\n<li><b>Cursos: <\/b><span style=\"font-weight: 400;\">Jornalismo, Letras &#8211; Portugu\u00eas, Letras &#8211; Portugu\u00eas e Alem\u00e3o, Letras &#8211; Portugu\u00eas e Espanhol, Letras &#8211; Portugu\u00eas e Ingl\u00eas, Letras &#8211; Tradu\u00e7\u00e3o Espanhol &#8211; Portugu\u00eas, ESEF, Educa\u00e7\u00e3o F\u00edsica, Pedagogia<\/span><\/li>\n<\/ul>\n<p>&nbsp;<\/p>\n<p><b>GRUPO E<\/b><\/p>\n<ul>\n<li><b>Data: <\/b><span style=\"font-weight: 400;\">10 de novembro de 2023<\/span><\/li>\n<li><b>Hor\u00e1rio:<\/b><span style=\"font-weight: 400;\"> 17h<\/span><\/li>\n<li><b>N\u00famero de convites por formando: <\/b><span style=\"font-weight: 400;\">5<\/span><\/li>\n<li><b>Cursos: <\/b><span style=\"font-weight: 400;\">Biotecnologia, Ci\u00eancia da Computa\u00e7\u00e3o, Engenharia da Computa\u00e7\u00e3o, Engenharias de Materiais, Engenharia H\u00eddrica, Engenharia Agr\u00edcola, Engenharia Civil, Engenharia de Controle e Automa\u00e7\u00e3o, Engenharia de Produ\u00e7\u00e3o, Engenharia Eletr\u00f4nica, Engenharia Geol\u00f3gica, Arquitetura e Urbanismo, F\u00edsica, Matem\u00e1tica\u00a0<\/span><\/li>\n<\/ul>\n<p>&nbsp;<\/p>\n<p><b>GRUPO F<\/b><\/p>\n<ul>\n<li><b>Data:<\/b><span style=\"font-weight: 400;\"> 10 de novembro de 2023<\/span><\/li>\n<li><b>Hor\u00e1rio:<\/b><span style=\"font-weight: 400;\"> 20h<\/span><\/li>\n<li><b>N\u00famero de convites por formando:<\/b><span style=\"font-weight: 400;\"> 5<\/span><\/li>\n<li><b>Cursos: <\/b><span style=\"font-weight: 400;\">Alimentos, Farm\u00e1cia, Qu\u00edmica, Qu\u00edmica de Alimentos, Qu\u00edmica Forense, Qu\u00edmica Industrial<\/span><b>, <\/b><span style=\"font-weight: 400;\">Agronomia, Zootecnia, Medicina Veterin\u00e1ria, Ci\u00eancias Biol\u00f3gicas<\/span><\/li>\n<\/ul>\n<p>&nbsp;<\/p>\n<p><b>ENSAIOS<\/b><\/p>\n<p><b>GRUPO A:<\/b><span style=\"font-weight: 400;\"> 06\/11\/23 \u00e0s 08:30<\/span><\/p>\n<p><b>GRUPO B: <\/b><span style=\"font-weight: 400;\">06\/11\/23 \u00e0s 09:30\u00a0<\/span><\/p>\n<p><b>GRUPO C:<\/b><span style=\"font-weight: 400;\"> 06\/11\/23 \u00e0s 10:30\u00a0<\/span><\/p>\n<p><b>GRUPO D: <\/b><span style=\"font-weight: 400;\">07\/11\/23 \u00e0s 08:30<\/span><\/p>\n<p><b>GRUPO E:<\/b><span style=\"font-weight: 400;\"> 07\/11\/23 \u00e0s 09:30<\/span><\/p>\n<p><b>GRUPO F: <\/b><span style=\"font-weight: 400;\">07\/11\/23 \u00e0s 10:30<\/span><\/p>\n<p><span style=\"font-weight: 400;\">\u00a0\u00a0<\/span><\/p>\n<p><b>Local: <\/b><span style=\"font-weight: 400;\">As cerim\u00f4nias e os ensaios acontecer\u00e3o no Audit\u00f3rio da FAEM, Campus Cap\u00e3o do Le\u00e3o. Haver\u00e1 transporte de apoio da UFPel exclusivo para os ensaios e para as solenidades, os hor\u00e1rios e local de sa\u00edda ser\u00e3o divulgados mais pr\u00f3ximo da data.<\/span><\/p>\n","protected":false},"excerpt":{"rendered":"<p>A Comiss\u00e3o Organizadora das Formaturas da UFPel, divulga nesta sexta-feira (22), as datas e os hor\u00e1rios dos ensaios e das cerim\u00f4nias das Formaturas Institucionais Externas. Agora, os formandos poder\u00e3o saber quando ir\u00e3o colar grau e o n\u00famero de convites por cerim\u00f4nia.\u00a0 AVISO IMPORTANTE: No dia 06 de outubro, \u00e0s 18:30, acontecer\u00e1 a reuni\u00e3o online com [&hellip;]<\/p>\n","protected":false},"author":1321,"featured_media":0,"parent":0,"menu_order":0,"comment_status":"closed","ping_status":"closed","template":"","meta":{"footnotes":""},"class_list":["post-46","page","type-page","status-publish","hentry"],"_links":{"self":[{"href":"https:\/\/wp.ufpel.edu.br\/formaturas\/wp-json\/wp\/v2\/pages\/46","targetHints":{"allow":["GET"]}}],"collection":[{"href":"https:\/\/wp.ufpel.edu.br\/formaturas\/wp-json\/wp\/v2\/pages"}],"about":[{"href":"https:\/\/wp.ufpel.edu.br\/formaturas\/wp-json\/wp\/v2\/types\/page"}],"author":[{"embeddable":true,"href":"https:\/\/wp.ufpel.edu.br\/formaturas\/wp-json\/wp\/v2\/users\/1321"}],"replies":[{"embeddable":true,"href":"https:\/\/wp.ufpel.edu.br\/formaturas\/wp-json\/wp\/v2\/comments?post=46"}],"version-history":[{"count":6,"href":"https:\/\/wp.ufpel.edu.br\/formaturas\/wp-json\/wp\/v2\/pages\/46\/revisions"}],"predecessor-version":[{"id":231,"href":"https:\/\/wp.ufpel.edu.br\/formaturas\/wp-json\/wp\/v2\/pages\/46\/revisions\/231"}],"wp:attachment":[{"href":"https:\/\/wp.ufpel.edu.br\/formaturas\/wp-json\/wp\/v2\/media?parent=46"}],"curies":[{"name":"wp","href":"https:\/\/api.w.org\/{rel}","templated":true}]}}