{"id":42,"date":"2023-08-18T12:14:43","date_gmt":"2023-08-18T15:14:43","guid":{"rendered":"https:\/\/wp.ufpel.edu.br\/formaturas\/?page_id=42"},"modified":"2023-09-18T15:57:07","modified_gmt":"2023-09-18T18:57:07","slug":"cronograma","status":"publish","type":"page","link":"https:\/\/wp.ufpel.edu.br\/formaturas\/cronograma","title":{"rendered":"Cronograma e prazos"},"content":{"rendered":"<p><b>1\u00b0 a 11\/09\/2023\u00a0 &#8211; <\/b><span style=\"font-weight: 400;\">Solicita\u00e7\u00e3o de formatura no Cobalto<\/span><\/p>\n<p><b>14\/09 \/2023 &#8211; <\/b><span style=\"font-weight: 400;\">Divulga\u00e7\u00e3o das listas preliminares dos inscritos<\/span><\/p>\n<p><b>15 a 17\/09\/2023 &#8211; <\/b><span style=\"font-weight: 400;\">Per\u00edodo para altera\u00e7\u00f5es e corre\u00e7\u00f5es no Cobalto<\/span><\/p>\n<p><b>18\/09\/2023 &#8211;\u00a0 <\/b><span style=\"font-weight: 400;\">Divulga\u00e7\u00e3o das listas finais dos inscritos<\/span><\/p>\n<p><b>22\/09\/2023 &#8211;<\/b> <span style=\"font-weight: 400;\">Divulga\u00e7\u00e3o das datas e hor\u00e1rios das cerim\u00f4nias de cada curso<\/span><\/p>\n<p><b>22\/09 a 29\/09\/2023 &#8211;<\/b><span style=\"font-weight: 400;\"> Cadastro e envio das cola\u00e7\u00f5es de grau, no Cobalto, pelos colegiados<\/span><\/p>\n<p><strong>06\/10\/2023 &#8211;<\/strong> Reuni\u00e3o virtual com todos os formandos<\/p>\n<p><strong>20\/10\/2023 &#8211;<\/strong> Prazo m\u00e1ximo para informar desist\u00eancias sem \u00f4nus<\/p>\n<p><strong>20\/10\/2023 &#8211;<\/strong> Prazo m\u00e1ximo para informar altera\u00e7\u00f5es de paraninfos(as), homenageados(as) e patronos(patronesses)<\/p>\n<p><b>06 a 10\/11\/2023\u00a0 &#8211; <\/b><span style=\"font-weight: 400;\">Semana dos ensaios e cerim\u00f4nias<\/span><\/p>\n<p>&nbsp;<\/p>\n","protected":false},"excerpt":{"rendered":"<p>1\u00b0 a 11\/09\/2023\u00a0 &#8211; Solicita\u00e7\u00e3o de formatura no Cobalto 14\/09 \/2023 &#8211; Divulga\u00e7\u00e3o das listas preliminares dos inscritos 15 a 17\/09\/2023 &#8211; Per\u00edodo para altera\u00e7\u00f5es e corre\u00e7\u00f5es no Cobalto 18\/09\/2023 &#8211;\u00a0 Divulga\u00e7\u00e3o das listas finais dos inscritos 22\/09\/2023 &#8211; Divulga\u00e7\u00e3o das datas e hor\u00e1rios das cerim\u00f4nias de cada curso 22\/09 a 29\/09\/2023 &#8211; Cadastro e [&hellip;]<\/p>\n","protected":false},"author":1321,"featured_media":0,"parent":0,"menu_order":0,"comment_status":"closed","ping_status":"closed","template":"","meta":{"footnotes":""},"class_list":["post-42","page","type-page","status-publish","hentry"],"_links":{"self":[{"href":"https:\/\/wp.ufpel.edu.br\/formaturas\/wp-json\/wp\/v2\/pages\/42","targetHints":{"allow":["GET"]}}],"collection":[{"href":"https:\/\/wp.ufpel.edu.br\/formaturas\/wp-json\/wp\/v2\/pages"}],"about":[{"href":"https:\/\/wp.ufpel.edu.br\/formaturas\/wp-json\/wp\/v2\/types\/page"}],"author":[{"embeddable":true,"href":"https:\/\/wp.ufpel.edu.br\/formaturas\/wp-json\/wp\/v2\/users\/1321"}],"replies":[{"embeddable":true,"href":"https:\/\/wp.ufpel.edu.br\/formaturas\/wp-json\/wp\/v2\/comments?post=42"}],"version-history":[{"count":10,"href":"https:\/\/wp.ufpel.edu.br\/formaturas\/wp-json\/wp\/v2\/pages\/42\/revisions"}],"predecessor-version":[{"id":213,"href":"https:\/\/wp.ufpel.edu.br\/formaturas\/wp-json\/wp\/v2\/pages\/42\/revisions\/213"}],"wp:attachment":[{"href":"https:\/\/wp.ufpel.edu.br\/formaturas\/wp-json\/wp\/v2\/media?parent=42"}],"curies":[{"name":"wp","href":"https:\/\/api.w.org\/{rel}","templated":true}]}}