{"id":328,"date":"2023-12-05T15:35:10","date_gmt":"2023-12-05T18:35:10","guid":{"rendered":"https:\/\/wp.ufpel.edu.br\/formaturas\/?page_id=328"},"modified":"2023-12-05T15:37:43","modified_gmt":"2023-12-05T18:37:43","slug":"noticias","status":"publish","type":"page","link":"https:\/\/wp.ufpel.edu.br\/formaturas\/formatura-2023-2__trashed\/noticias","title":{"rendered":"Not\u00edcias"},"content":{"rendered":"<p><a href=\"https:\/\/wp.ufpel.edu.br\/formaturas\/pagina-inicial-estatica\/ultimas-noticias\">Clique aqui para ser direcionado as \u00faltimas not\u00edcias referentes \u00e0s Formaturas Institucionais Externas<\/a><\/p>\n","protected":false},"excerpt":{"rendered":"<p>Clique aqui para ser direcionado as \u00faltimas not\u00edcias referentes \u00e0s Formaturas Institucionais Externas<\/p>\n","protected":false},"author":1321,"featured_media":0,"parent":295,"menu_order":0,"comment_status":"closed","ping_status":"closed","template":"","meta":{"footnotes":""},"class_list":["post-328","page","type-page","status-publish","hentry"],"_links":{"self":[{"href":"https:\/\/wp.ufpel.edu.br\/formaturas\/wp-json\/wp\/v2\/pages\/328","targetHints":{"allow":["GET"]}}],"collection":[{"href":"https:\/\/wp.ufpel.edu.br\/formaturas\/wp-json\/wp\/v2\/pages"}],"about":[{"href":"https:\/\/wp.ufpel.edu.br\/formaturas\/wp-json\/wp\/v2\/types\/page"}],"author":[{"embeddable":true,"href":"https:\/\/wp.ufpel.edu.br\/formaturas\/wp-json\/wp\/v2\/users\/1321"}],"replies":[{"embeddable":true,"href":"https:\/\/wp.ufpel.edu.br\/formaturas\/wp-json\/wp\/v2\/comments?post=328"}],"version-history":[{"count":2,"href":"https:\/\/wp.ufpel.edu.br\/formaturas\/wp-json\/wp\/v2\/pages\/328\/revisions"}],"predecessor-version":[{"id":332,"href":"https:\/\/wp.ufpel.edu.br\/formaturas\/wp-json\/wp\/v2\/pages\/328\/revisions\/332"}],"up":[{"embeddable":true,"href":"https:\/\/wp.ufpel.edu.br\/formaturas\/wp-json\/wp\/v2\/pages\/295"}],"wp:attachment":[{"href":"https:\/\/wp.ufpel.edu.br\/formaturas\/wp-json\/wp\/v2\/media?parent=328"}],"curies":[{"name":"wp","href":"https:\/\/api.w.org\/{rel}","templated":true}]}}