{"id":32,"date":"2023-08-18T12:07:48","date_gmt":"2023-08-18T15:07:48","guid":{"rendered":"https:\/\/wp.ufpel.edu.br\/formaturas\/?page_id=32"},"modified":"2024-02-06T14:49:53","modified_gmt":"2024-02-06T17:49:53","slug":"cores-e-simbolos-dos-cursos","status":"publish","type":"page","link":"https:\/\/wp.ufpel.edu.br\/formaturas\/elementos-da-solenidade\/cores-e-simbolos-dos-cursos","title":{"rendered":"Cores e s\u00edmbolos dos cursos"},"content":{"rendered":"<p>Acesse o arquivo com a lista de cores e s\u00edmbolos dos cursos da UFPel para formatura institucional:<\/p>\n<p><a href=\"https:\/\/wp.ufpel.edu.br\/formaturas\/files\/2024\/02\/Cores-e-Simbolos-dos-Cursos-da-UFPel.pdf\">Cores e S\u00edmbolos dos Cursos da UFPel<\/a><\/p>\n<p>Em caso de d\u00favidas e altera\u00e7\u00f5es, entrar em contato pelo e-mail <b>formatura.institucional@ufpel.edu.br<\/b><\/p>\n","protected":false},"excerpt":{"rendered":"<p>Acesse o arquivo com a lista de cores e s\u00edmbolos dos cursos da UFPel para formatura institucional: Cores e S\u00edmbolos dos Cursos da UFPel Em caso de d\u00favidas e altera\u00e7\u00f5es, entrar em contato pelo e-mail formatura.institucional@ufpel.edu.br<\/p>\n","protected":false},"author":1321,"featured_media":0,"parent":169,"menu_order":0,"comment_status":"closed","ping_status":"closed","template":"","meta":{"footnotes":""},"class_list":["post-32","page","type-page","status-publish","hentry"],"_links":{"self":[{"href":"https:\/\/wp.ufpel.edu.br\/formaturas\/wp-json\/wp\/v2\/pages\/32","targetHints":{"allow":["GET"]}}],"collection":[{"href":"https:\/\/wp.ufpel.edu.br\/formaturas\/wp-json\/wp\/v2\/pages"}],"about":[{"href":"https:\/\/wp.ufpel.edu.br\/formaturas\/wp-json\/wp\/v2\/types\/page"}],"author":[{"embeddable":true,"href":"https:\/\/wp.ufpel.edu.br\/formaturas\/wp-json\/wp\/v2\/users\/1321"}],"replies":[{"embeddable":true,"href":"https:\/\/wp.ufpel.edu.br\/formaturas\/wp-json\/wp\/v2\/comments?post=32"}],"version-history":[{"count":9,"href":"https:\/\/wp.ufpel.edu.br\/formaturas\/wp-json\/wp\/v2\/pages\/32\/revisions"}],"predecessor-version":[{"id":492,"href":"https:\/\/wp.ufpel.edu.br\/formaturas\/wp-json\/wp\/v2\/pages\/32\/revisions\/492"}],"up":[{"embeddable":true,"href":"https:\/\/wp.ufpel.edu.br\/formaturas\/wp-json\/wp\/v2\/pages\/169"}],"wp:attachment":[{"href":"https:\/\/wp.ufpel.edu.br\/formaturas\/wp-json\/wp\/v2\/media?parent=32"}],"curies":[{"name":"wp","href":"https:\/\/api.w.org\/{rel}","templated":true}]}}