{"id":281,"date":"2023-12-04T08:38:07","date_gmt":"2023-12-04T11:38:07","guid":{"rendered":"https:\/\/wp.ufpel.edu.br\/formaturas\/?page_id=281"},"modified":"2023-12-04T09:34:43","modified_gmt":"2023-12-04T12:34:43","slug":"formatura-2023-1-2","status":"publish","type":"page","link":"https:\/\/wp.ufpel.edu.br\/formaturas\/edicoes-anteriores\/formaturas-anteriores\/formatura-2023-1-2","title":{"rendered":"Formatura 2023\/1"},"content":{"rendered":"<p><a href=\"https:\/\/wp.ufpel.edu.br\/formaturas\/formatura-2023-1\/inscricoes\/\">Inscri\u00e7\u00f5es<\/a><\/p>\n<p><a href=\"https:\/\/wp.ufpel.edu.br\/formaturas\/formatura-2023-1\/orientacoes-da-reuniao\/\">Reuni\u00e3o online com os formandos e documento com orienta\u00e7\u00f5es<\/a><\/p>\n<p><a href=\"https:\/\/wp.ufpel.edu.br\/formaturas\/formatura-2023-1\/cronograma\/\">Cronograma e prazos<\/a><\/p>\n<p><a href=\"https:\/\/wp.ufpel.edu.br\/formaturas\/formatura-2023-1\/links-de-transmissao\/\">Links de transmiss\u00e3o das cerim\u00f4nias de formatura<\/a><\/p>\n<p><a href=\"https:\/\/wp.ufpel.edu.br\/formaturas\/formatura-2023-1\/itinerario-do-transporte-de-apoio\/\">Itiner\u00e1rio do transporte de apoio<\/a><\/p>\n<p><a href=\"https:\/\/wp.ufpel.edu.br\/formaturas\/category\/mural-de-avisos\/\">Mural de Avisos<\/a><\/p>\n","protected":false},"excerpt":{"rendered":"<p>Inscri\u00e7\u00f5es Reuni\u00e3o online com os formandos e documento com orienta\u00e7\u00f5es Cronograma e prazos Links de transmiss\u00e3o das cerim\u00f4nias de formatura Itiner\u00e1rio do transporte de apoio Mural de Avisos<\/p>\n","protected":false},"author":1321,"featured_media":0,"parent":274,"menu_order":0,"comment_status":"closed","ping_status":"closed","template":"","meta":{"footnotes":""},"class_list":["post-281","page","type-page","status-publish","hentry"],"_links":{"self":[{"href":"https:\/\/wp.ufpel.edu.br\/formaturas\/wp-json\/wp\/v2\/pages\/281","targetHints":{"allow":["GET"]}}],"collection":[{"href":"https:\/\/wp.ufpel.edu.br\/formaturas\/wp-json\/wp\/v2\/pages"}],"about":[{"href":"https:\/\/wp.ufpel.edu.br\/formaturas\/wp-json\/wp\/v2\/types\/page"}],"author":[{"embeddable":true,"href":"https:\/\/wp.ufpel.edu.br\/formaturas\/wp-json\/wp\/v2\/users\/1321"}],"replies":[{"embeddable":true,"href":"https:\/\/wp.ufpel.edu.br\/formaturas\/wp-json\/wp\/v2\/comments?post=281"}],"version-history":[{"count":1,"href":"https:\/\/wp.ufpel.edu.br\/formaturas\/wp-json\/wp\/v2\/pages\/281\/revisions"}],"predecessor-version":[{"id":289,"href":"https:\/\/wp.ufpel.edu.br\/formaturas\/wp-json\/wp\/v2\/pages\/281\/revisions\/289"}],"up":[{"embeddable":true,"href":"https:\/\/wp.ufpel.edu.br\/formaturas\/wp-json\/wp\/v2\/pages\/274"}],"wp:attachment":[{"href":"https:\/\/wp.ufpel.edu.br\/formaturas\/wp-json\/wp\/v2\/media?parent=281"}],"curies":[{"name":"wp","href":"https:\/\/api.w.org\/{rel}","templated":true}]}}