{"id":24,"date":"2023-08-18T11:57:29","date_gmt":"2023-08-18T14:57:29","guid":{"rendered":"https:\/\/wp.ufpel.edu.br\/formaturas\/?page_id=24"},"modified":"2024-02-07T09:35:55","modified_gmt":"2024-02-07T12:35:55","slug":"perguntas-e-respostas","status":"publish","type":"page","link":"https:\/\/wp.ufpel.edu.br\/formaturas\/perguntas-e-respostas","title":{"rendered":"D\u00favidas frequentes"},"content":{"rendered":"<ul>\n<li style=\"list-style-type: none;\">\n<ul>\n<li style=\"list-style-type: none;\">\n<ul style=\"text-align: justify;\">\n<li><b>QUAIS S\u00c3O AS MODALIDADES DE COLA\u00c7\u00c3O DE GRAU OFERTADAS PELA UFPEL?<\/b><\/li>\n<\/ul>\n<\/li>\n<\/ul>\n<\/li>\n<\/ul>\n<p style=\"text-align: justify;\">A Cola\u00e7\u00e3o de Grau, conhecida informalmente como Formatura, constitui-se como uma cerim\u00f4nia de car\u00e1ter obrigat\u00f3rio para a Outorga do Grau de Bacharel, Licenciado ou Tecn\u00f3logo, de acordo com o curso de gradua\u00e7\u00e3o que o(a) estudante concluiu.\u00a0<strong>S\u00e3o duas modalidades OFICIAIS de formatura ofertadas pela UFPel:<\/strong><\/p>\n<p style=\"text-align: justify;\"><b>\u00bb Formatura Institucional Externa:<\/b><\/p>\n<p style=\"text-align: justify;\">Modalidade de sess\u00e3o solene p\u00fablica para Outorga de Grau, presidida pelo(a) Reitor(a) ou representante legal, onde a Universidade oferece todo o suporte para a cerim\u00f4nia, tal como local, equipe de trabalho, vestes talares para os componentes da mesa e para os(as) formandos(as), equipe de sonoriza\u00e7\u00e3o, decora\u00e7\u00e3o e servi\u00e7o de fotografia. Todos os gastos da cerim\u00f4nia s\u00e3o custeados pela Institui\u00e7\u00e3o n\u00e3o havendo qualquer gasto por parte dos estudantes e a solenidade conta com a presen\u00e7a de representantes dos cursos, unidades acad\u00eamicas e convidados dos(as) formandos(as).<\/p>\n<p style=\"text-align: justify;\"><b>\u00bb Formatura Institucional Interna \u2013 ou de gabinete:<\/b><\/p>\n<p style=\"text-align: justify;\">Modalidade de sess\u00e3o solene interna para Outorga de Grau reservada aos(as) formandos(as) que n\u00e3o podem participar da Formatura Institucional Externa e necessitam de agilidade nos tr\u00e2mites burocr\u00e1ticos. \u00c9 uma cerim\u00f4nia simples, realizada pela Dire\u00e7\u00e3o da Unidade Acad\u00eamica, em Gabinete, para poucos formandos (as), sem representa\u00e7\u00e3o da Reitoria, restringindo o ato ao processo de formaliza\u00e7\u00e3o da conclus\u00e3o do curso.<\/p>\n<p style=\"text-align: justify;\">A escolha dessa modalidade de formatura \u00e9 realizada pelo(a) estudante atrav\u00e9s do preenchimento do formul\u00e1rio de solicita\u00e7\u00e3o de formatura disponibilizado no Cobalto, conforme os prazos estabelecidos no calend\u00e1rio acad\u00eamico vigente da UFPel. Neste caso, o agendamento da solenidade \u00e9 realizado pelo Colegiado do Curso, a cerim\u00f4nia \u00e9 presidida e conduzida pelo(a) Diretor(a) da Unidade Acad\u00eamica, dispensando o uso de vestes talares.<\/p>\n<p>&nbsp;<\/p>\n<ul>\n<li style=\"list-style-type: none;\">\n<ul>\n<li style=\"list-style-type: none;\">\n<ul style=\"text-align: justify;\">\n<li><b>COMO PARTICIPAR DA FORMATURA INSTITUCIONAL EXTERNA?<\/b><\/li>\n<\/ul>\n<\/li>\n<\/ul>\n<\/li>\n<\/ul>\n<p style=\"text-align: justify;\">Os(as) prov\u00e1veis formandos(as) do semestre letivo vigente devem manifestar sua inten\u00e7\u00e3o de participa\u00e7\u00e3o na Cerim\u00f4nia de Formatura Institucional atrav\u00e9s do preenchimento do formul\u00e1rio de solicita\u00e7\u00e3o de formatura disponibilizado no Cobalto, conforme os prazos estabelecidos no calend\u00e1rio acad\u00eamico da UFPel.<\/p>\n<p style=\"text-align: justify;\"><strong>Para participa\u00e7\u00e3o na Formatura Institucional Externa, os(as) prov\u00e1veis formandos(as) precisam se inscrever via Cobalto conforme segue: acessar a op\u00e7\u00e3o \u201cAluno\u201d \u2013 \u201cCadastros\u201d \u2013 \u201cSolicita\u00e7\u00e3o de formatura\u201d. ESCOLHER A MODALIDADE \u201cFormatura Institucional Externa\u201d.<\/strong><\/p>\n<p style=\"text-align: justify;\"><strong>V\u00cdDEO ORIENTADOR PARA INSCRI\u00c7\u00c3O:\u00a0<a href=\"https:\/\/youtu.be\/4KMLaoQ2AnE\" target=\"_blank\" rel=\"noopener\">https:\/\/youtu.be\/4KMLaoQ2AnE<\/a>.<\/strong><\/p>\n<p>&nbsp;<\/p>\n<ul>\n<li style=\"list-style-type: none;\">\n<ul>\n<li style=\"list-style-type: none;\">\n<ul style=\"text-align: justify;\">\n<li><b>\u00c9 POSS\u00cdVEL PARTICIPAR DE MAIS DE UMA MODALIDADE DE COLA\u00c7\u00c3O DE GRAU?<\/b><\/li>\n<\/ul>\n<\/li>\n<\/ul>\n<\/li>\n<\/ul>\n<p style=\"text-align: justify;\"><b>N\u00c3O.<\/b>\u00a0Os discentes concluintes dever\u00e3o optar no ato de inscri\u00e7\u00e3o por apenas uma das modalidades: cerim\u00f4nia Interna na Unidade Acad\u00eamica\u00a0<b>ou<\/b>\u00a0Formatura Institucional Externa.<\/p>\n<p>&nbsp;<\/p>\n<ul>\n<li style=\"list-style-type: none;\">\n<ul>\n<li style=\"list-style-type: none;\">\n<ul style=\"text-align: justify;\">\n<li><strong>COMO FA\u00c7O AS MEDIDAS PARA AS BECAS?<\/strong><\/li>\n<\/ul>\n<\/li>\n<\/ul>\n<\/li>\n<\/ul>\n<p style=\"text-align: justify;\">No momento da inscri\u00e7\u00e3o, voc\u00ea dever\u00e1 informar as suas medidas para a confec\u00e7\u00e3o da beca que vestir\u00e1 no dia da solenidade. Para fazer as medidas corretamente, siga o passo o passo dispon\u00edvel <a href=\"https:\/\/wp.ufpel.edu.br\/formaturas\/como-fazer-as-medidas-para-as-becas\/\">aqui<\/a>.<\/p>\n<p>&nbsp;<\/p>\n<ul>\n<li style=\"list-style-type: none;\">\n<ul>\n<li style=\"list-style-type: none;\">\n<ul style=\"text-align: justify;\">\n<li><b>QUAIS DIRETRIZES REGULAMENTAM AS SOLENIDADES DE COLA\u00c7\u00c3O DE GRAU?<\/b><\/li>\n<\/ul>\n<\/li>\n<\/ul>\n<\/li>\n<\/ul>\n<p style=\"text-align: justify;\">A\u00a0<a class=\"mtli_attachment mtli_pdf\" href=\"https:\/\/wp.ufpel.edu.br\/prae\/files\/2022\/04\/Resolucao-05_2018.pdf\" target=\"_blank\" rel=\"noopener\" data-saferedirecturl=\"https:\/\/www.google.com\/url?q=https:\/\/wp.ufpel.edu.br\/prae\/files\/2022\/04\/Resolucao-05_2018.pdf&amp;source=gmail&amp;ust=1679683800631000&amp;usg=AOvVaw1sIS3g1UxopY0D0QoXQQEJ\">Resolu\u00e7\u00e3o n\u00ba 05\/2018\/CONSUN<\/a>, publicada em 21 de maio de 2018 pelo Conselho Universit\u00e1rio, normatiza as Cerim\u00f4nias de Formatura ofertadas pela institui\u00e7\u00e3o. Discentes com ingresso a partir de 2018\/1 dever\u00e3o observar o disposto nesta Resolu\u00e7\u00e3o, visto a obrigatoriedade da Outorga de Grau dentro das diretrizes propostas.<\/p>\n<p>&nbsp;<\/p>\n<ul>\n<li style=\"list-style-type: none;\">\n<ul>\n<li style=\"list-style-type: none;\">\n<ul style=\"text-align: justify;\">\n<li><b>QUEM ORGANIZA AS FORMATURAS INSTITUCIONAIS EXTERNAS DA UFPEL?<\/b><\/li>\n<\/ul>\n<\/li>\n<\/ul>\n<\/li>\n<\/ul>\n<p style=\"text-align: justify;\">A Comiss\u00e3o de Formaturas Institucionais Externas \u00e9 a inst\u00e2ncia para tratar dos assuntos relativos \u00e0s Cerim\u00f4nias nesta modalidade. Este grupo conta com representantes do Gabinete da Reitoria, Gabinete da Vice-Reitoria, Pr\u00f3-Reitoria de Assuntos Estudantis, Pr\u00f3-Reitoria de Ensino, Superintend\u00eancia de Infraestrutura e Superintend\u00eancia do Campus Cap\u00e3o do Le\u00e3o.<\/p>\n<p>&nbsp;<\/p>\n<ul>\n<li style=\"list-style-type: none;\">\n<ul>\n<li style=\"list-style-type: none;\">\n<ul style=\"text-align: justify;\">\n<li><b>\u00c9 OBRIGAT\u00d3RIA A PRESEN\u00c7A DO(A) FORMANDO(A) NO ENSAIO DE FORMATURA INSTITUCIONAL EXTERNA?<\/b><\/li>\n<\/ul>\n<\/li>\n<\/ul>\n<\/li>\n<\/ul>\n<p style=\"text-align: justify;\"><b>Sim.<\/b>\u00a0A Comiss\u00e3o de Formaturas Institucionais Externas agendar\u00e1 e organizar\u00e1 apenas um ensaio para cada Cerim\u00f4nia, sendo obrigat\u00f3ria a presen\u00e7a dos(as) formandos(as). Os ensaios ser\u00e3o executados nos dias que antecedem a realiza\u00e7\u00e3o do evento, de acordo com os grupos divulgados previamente.<\/p>\n<p style=\"text-align: justify;\">Caso seja necess\u00e1rio, a Comiss\u00e3o disponibilizar\u00e1 um atestado de participa\u00e7\u00e3o no ensaio e na formatura para aqueles formandos(as) que precisarem comprovar sua aus\u00eancia no trabalho ou em outra atividade de presen\u00e7a obrigat\u00f3ria. Essa solicita\u00e7\u00e3o deve ser encaminhada para o e-mail <a href=\"mailto:formatura.institucional@ufpel.edu.br\" target=\"_blank\" rel=\"noopener\">formatura.institucional@ufpel.edu.br<\/a>\u00a0em at\u00e9 10 (dez) dias \u00fateis antes do ensaio geral.<\/p>\n<p>&nbsp;<\/p>\n<ul>\n<li style=\"list-style-type: none;\">\n<ul>\n<li style=\"list-style-type: none;\">\n<ul style=\"text-align: justify;\">\n<li><b>COMO ACESSAR AS FOTOGRAFIAS DAS FORMATURAS INSTITUCIONAIS EXTERNAS?<\/b><\/li>\n<\/ul>\n<\/li>\n<\/ul>\n<\/li>\n<\/ul>\n<p style=\"text-align: justify;\">As fotografias das Cerim\u00f4nias de Formatura Institucional s\u00e3o disponibilizadas na p\u00e1gina das Formaturas Institucionais, a partir de 30 dias da realiza\u00e7\u00e3o do evento, ficando dispon\u00edveis para download pelo tempo de 6 (seis) meses ap\u00f3s a data de publica\u00e7\u00e3o, impreterivelmente. Acesso pelo site atrav\u00e9s do endere\u00e7o:\u00a0<a href=\"https:\/\/wp.ufpel.edu.br\/formaturas\/fotos-das-cerimonias\/\">https:\/\/wp.ufpel.edu.br\/formaturas\/fotos-das-cerimonias\/<\/a><\/p>\n<p>&nbsp;<\/p>\n<ul>\n<li style=\"list-style-type: none;\">\n<ul>\n<li style=\"list-style-type: none;\">\n<ul style=\"text-align: justify;\">\n<li><b>COMO ENTRAR EM CONTATO COM A COMISS\u00c3O DE FORMATURAS INSTITUCIONAIS EXTERNAS?<\/b><\/li>\n<\/ul>\n<\/li>\n<\/ul>\n<\/li>\n<\/ul>\n<p style=\"text-align: justify;\">D\u00favidas, informa\u00e7\u00f5es e outras quest\u00f5es pertinentes ser\u00e3o atendidas pelo e-mail:\u00a0<a href=\"mailto:formatura.institucional@ufpel.edu.br\">formatura.institucional@ufpel.edu.br<\/a><\/p>\n","protected":false},"excerpt":{"rendered":"<p>QUAIS S\u00c3O AS MODALIDADES DE COLA\u00c7\u00c3O DE GRAU OFERTADAS PELA UFPEL? A Cola\u00e7\u00e3o de Grau, conhecida informalmente como Formatura, constitui-se como uma cerim\u00f4nia de car\u00e1ter obrigat\u00f3rio para a Outorga do Grau de Bacharel, Licenciado ou Tecn\u00f3logo, de acordo com o curso de gradua\u00e7\u00e3o que o(a) estudante concluiu.\u00a0S\u00e3o duas modalidades OFICIAIS de formatura ofertadas pela UFPel: [&hellip;]<\/p>\n","protected":false},"author":1321,"featured_media":0,"parent":0,"menu_order":0,"comment_status":"closed","ping_status":"closed","template":"","meta":{"footnotes":""},"class_list":["post-24","page","type-page","status-publish","hentry"],"_links":{"self":[{"href":"https:\/\/wp.ufpel.edu.br\/formaturas\/wp-json\/wp\/v2\/pages\/24","targetHints":{"allow":["GET"]}}],"collection":[{"href":"https:\/\/wp.ufpel.edu.br\/formaturas\/wp-json\/wp\/v2\/pages"}],"about":[{"href":"https:\/\/wp.ufpel.edu.br\/formaturas\/wp-json\/wp\/v2\/types\/page"}],"author":[{"embeddable":true,"href":"https:\/\/wp.ufpel.edu.br\/formaturas\/wp-json\/wp\/v2\/users\/1321"}],"replies":[{"embeddable":true,"href":"https:\/\/wp.ufpel.edu.br\/formaturas\/wp-json\/wp\/v2\/comments?post=24"}],"version-history":[{"count":10,"href":"https:\/\/wp.ufpel.edu.br\/formaturas\/wp-json\/wp\/v2\/pages\/24\/revisions"}],"predecessor-version":[{"id":527,"href":"https:\/\/wp.ufpel.edu.br\/formaturas\/wp-json\/wp\/v2\/pages\/24\/revisions\/527"}],"wp:attachment":[{"href":"https:\/\/wp.ufpel.edu.br\/formaturas\/wp-json\/wp\/v2\/media?parent=24"}],"curies":[{"name":"wp","href":"https:\/\/api.w.org\/{rel}","templated":true}]}}