{"id":236,"date":"2023-10-06T19:47:20","date_gmt":"2023-10-06T22:47:20","guid":{"rendered":"https:\/\/wp.ufpel.edu.br\/formaturas\/?page_id=236"},"modified":"2023-11-01T15:16:48","modified_gmt":"2023-11-01T18:16:48","slug":"orientacoes-da-reuniao","status":"publish","type":"page","link":"https:\/\/wp.ufpel.edu.br\/formaturas\/orientacoes-da-reuniao","title":{"rendered":"Orienta\u00e7\u00f5es da reuni\u00e3o realizada em 06\/10"},"content":{"rendered":"<p>Confira aqui:<\/p>\n<p>Orienta\u00e7\u00f5es para os discursos de oradores e paraninfos: <a href=\"https:\/\/wp.ufpel.edu.br\/formaturas\/files\/2023\/11\/DISCURSOS.pdf\">DISCURSOS<\/a><\/p>\n<p>Slides da reuni\u00e3o com os formandos (orienta\u00e7\u00e3o sobre hor\u00e1rios, convites e desist\u00eancias; nome das pessoas homenageadas e oradores indicados; discursos):\u00a0 <a href=\"https:\/\/wp.ufpel.edu.br\/formaturas\/files\/2023\/10\/REUNIAO-formandos-2023_1-1.pdf\">REUNI\u00c3O formandos 2023_1 &#8211; ATUALIZADA EM 24\/10<\/a><\/p>\n<p>Grava\u00e7\u00e3o da reuni\u00e3o:<\/p>\n<p><iframe loading=\"lazy\" title=\"Reuni\u00e3o de Formatura Institucional 06\/10\/2023\" width=\"500\" height=\"281\" src=\"https:\/\/www.youtube.com\/embed\/6ar_JvZtHtI?feature=oembed\" frameborder=\"0\" allow=\"accelerometer; autoplay; clipboard-write; encrypted-media; gyroscope; picture-in-picture; web-share\" referrerpolicy=\"strict-origin-when-cross-origin\" allowfullscreen><\/iframe><\/p>\n<p>&nbsp;<\/p>\n<p>&nbsp;<\/p>\n","protected":false},"excerpt":{"rendered":"<p>Confira aqui: Orienta\u00e7\u00f5es para os discursos de oradores e paraninfos: DISCURSOS Slides da reuni\u00e3o com os formandos (orienta\u00e7\u00e3o sobre hor\u00e1rios, convites e desist\u00eancias; nome das pessoas homenageadas e oradores indicados; discursos):\u00a0 REUNI\u00c3O formandos 2023_1 &#8211; ATUALIZADA EM 24\/10 Grava\u00e7\u00e3o da reuni\u00e3o: &nbsp; &nbsp;<\/p>\n","protected":false},"author":1321,"featured_media":0,"parent":0,"menu_order":3,"comment_status":"closed","ping_status":"closed","template":"","meta":{"footnotes":""},"class_list":["post-236","page","type-page","status-publish","hentry"],"_links":{"self":[{"href":"https:\/\/wp.ufpel.edu.br\/formaturas\/wp-json\/wp\/v2\/pages\/236","targetHints":{"allow":["GET"]}}],"collection":[{"href":"https:\/\/wp.ufpel.edu.br\/formaturas\/wp-json\/wp\/v2\/pages"}],"about":[{"href":"https:\/\/wp.ufpel.edu.br\/formaturas\/wp-json\/wp\/v2\/types\/page"}],"author":[{"embeddable":true,"href":"https:\/\/wp.ufpel.edu.br\/formaturas\/wp-json\/wp\/v2\/users\/1321"}],"replies":[{"embeddable":true,"href":"https:\/\/wp.ufpel.edu.br\/formaturas\/wp-json\/wp\/v2\/comments?post=236"}],"version-history":[{"count":5,"href":"https:\/\/wp.ufpel.edu.br\/formaturas\/wp-json\/wp\/v2\/pages\/236\/revisions"}],"predecessor-version":[{"id":269,"href":"https:\/\/wp.ufpel.edu.br\/formaturas\/wp-json\/wp\/v2\/pages\/236\/revisions\/269"}],"wp:attachment":[{"href":"https:\/\/wp.ufpel.edu.br\/formaturas\/wp-json\/wp\/v2\/media?parent=236"}],"curies":[{"name":"wp","href":"https:\/\/api.w.org\/{rel}","templated":true}]}}