{"id":20,"date":"2023-08-18T11:56:04","date_gmt":"2023-08-18T14:56:04","guid":{"rendered":"https:\/\/wp.ufpel.edu.br\/formaturas\/?page_id=20"},"modified":"2025-12-11T14:06:03","modified_gmt":"2025-12-11T17:06:03","slug":"fotos-das-cerimonias","status":"publish","type":"page","link":"https:\/\/wp.ufpel.edu.br\/formaturas\/edicoes-anteriores\/fotos-das-cerimonias","title":{"rendered":"Fotos das cerim\u00f4nias"},"content":{"rendered":"<p style=\"text-align: justify;\"><strong>As fotos ficam dispon\u00edveis para\u00a0<em>downloads<\/em> pelo tempo de 6 (seis) meses ap\u00f3s a data de publica\u00e7\u00e3o.<\/strong><\/p>\n<p>&nbsp;<\/p>\n<p><a href=\"https:\/\/drive.google.com\/drive\/folders\/1g-HvZCWMT9_Lk-enN3ff2IhzSk-lz0Uk?usp=sharing\" target=\"_blank\" rel=\"noopener\">FOTOS \u2013 Cerim\u00f4nia 07\/02\/2025<\/a><\/p>\n<p><a href=\"https:\/\/drive.google.com\/drive\/folders\/1HDQJojCOZ1lf_wCYnMrHi3wGsi0TeAnQ?usp=sharing\">FOTOS- Cerim\u00f4nias 13 a 16\/05\/2025<\/a><\/p>\n<p><a href=\"https:\/\/drive.google.com\/drive\/folders\/1QXhqpRUWF1RYmpQfFnSI9inQn09szaTz?usp=sharing\">FOTOS- Cerim\u00f4nias 05 a 07\/11\/2025<\/a><\/p>\n","protected":false},"excerpt":{"rendered":"<p>As fotos ficam dispon\u00edveis para\u00a0downloads pelo tempo de 6 (seis) meses ap\u00f3s a data de publica\u00e7\u00e3o. &nbsp; FOTOS \u2013 Cerim\u00f4nia 07\/02\/2025 FOTOS- Cerim\u00f4nias 13 a 16\/05\/2025 FOTOS- Cerim\u00f4nias 05 a 07\/11\/2025<\/p>\n","protected":false},"author":1321,"featured_media":0,"parent":16,"menu_order":0,"comment_status":"closed","ping_status":"closed","template":"","meta":{"footnotes":""},"class_list":["post-20","page","type-page","status-publish","hentry"],"_links":{"self":[{"href":"https:\/\/wp.ufpel.edu.br\/formaturas\/wp-json\/wp\/v2\/pages\/20","targetHints":{"allow":["GET"]}}],"collection":[{"href":"https:\/\/wp.ufpel.edu.br\/formaturas\/wp-json\/wp\/v2\/pages"}],"about":[{"href":"https:\/\/wp.ufpel.edu.br\/formaturas\/wp-json\/wp\/v2\/types\/page"}],"author":[{"embeddable":true,"href":"https:\/\/wp.ufpel.edu.br\/formaturas\/wp-json\/wp\/v2\/users\/1321"}],"replies":[{"embeddable":true,"href":"https:\/\/wp.ufpel.edu.br\/formaturas\/wp-json\/wp\/v2\/comments?post=20"}],"version-history":[{"count":4,"href":"https:\/\/wp.ufpel.edu.br\/formaturas\/wp-json\/wp\/v2\/pages\/20\/revisions"}],"predecessor-version":[{"id":1379,"href":"https:\/\/wp.ufpel.edu.br\/formaturas\/wp-json\/wp\/v2\/pages\/20\/revisions\/1379"}],"up":[{"embeddable":true,"href":"https:\/\/wp.ufpel.edu.br\/formaturas\/wp-json\/wp\/v2\/pages\/16"}],"wp:attachment":[{"href":"https:\/\/wp.ufpel.edu.br\/formaturas\/wp-json\/wp\/v2\/media?parent=20"}],"curies":[{"name":"wp","href":"https:\/\/api.w.org\/{rel}","templated":true}]}}