{"id":1411,"date":"2026-01-21T09:10:06","date_gmt":"2026-01-21T12:10:06","guid":{"rendered":"https:\/\/wp.ufpel.edu.br\/formaturas\/?page_id=1411"},"modified":"2026-01-21T09:10:06","modified_gmt":"2026-01-21T12:10:06","slug":"paraninfos-patronos-e-homenageados","status":"publish","type":"page","link":"https:\/\/wp.ufpel.edu.br\/formaturas\/paraninfos-patronos-e-homenageados","title":{"rendered":"Paraninfos, Patronos e Homenageados"},"content":{"rendered":"<p data-start=\"169\" data-end=\"346\">Os <strong data-start=\"172\" data-end=\"247\">paraninfos\/paraninfas, patronos\/patronesses e homenageados\/homenageadas<\/strong> devem ser escolhidos entre <strong data-start=\"275\" data-end=\"313\">docentes e t\u00e9cnico-administrativos<\/strong> da respectiva Unidade Acad\u00eamica.<\/p>\n<p data-start=\"348\" data-end=\"668\">O <strong data-start=\"350\" data-end=\"373\">paraninfo\/paraninfa<\/strong> \u00e9 o(a) docente que representa simbolicamente a turma, escolhido em raz\u00e3o do v\u00ednculo acad\u00eamico e institucional estabelecido ao longo da gradua\u00e7\u00e3o. Os <strong data-start=\"523\" data-end=\"552\">homenageados\/homenageadas<\/strong> s\u00e3o docentes ou t\u00e9cnico-administrativos que se destacaram pela proximidade e contribui\u00e7\u00e3o \u00e0 forma\u00e7\u00e3o dos formandos.<\/p>\n<p data-start=\"670\" data-end=\"965\">A escolha dessas representa\u00e7\u00f5es ocorre <strong data-start=\"709\" data-end=\"747\">exclusivamente por meio de vota\u00e7\u00e3o<\/strong>, realizada <strong data-start=\"759\" data-end=\"818\">no momento da inscri\u00e7\u00e3o do estudante no sistema Cobalto<\/strong>. A Universidade n\u00e3o interfere nem gerencia as indica\u00e7\u00f5es individuais, sendo respons\u00e1vel apenas pela <strong data-start=\"919\" data-end=\"964\">apura\u00e7\u00e3o dos votos registrados no sistema<\/strong>.<\/p>\n<p data-start=\"967\" data-end=\"1140\">Dessa forma, recomenda-se que os estudantes <strong data-start=\"1011\" data-end=\"1054\">estejam atentos no momento da inscri\u00e7\u00e3o<\/strong> e, quando poss\u00edvel, <strong data-start=\"1075\" data-end=\"1112\">dialoguem previamente com a turma<\/strong> para alinhar as indica\u00e7\u00f5es.<\/p>\n<p data-start=\"1142\" data-end=\"1298\">Cada curso tem direito \u00e0 indica\u00e7\u00e3o de <strong data-start=\"1180\" data-end=\"1243\">um(a) paraninfo(a), um(a) patrono(a) e um(a) homenageado(a)<\/strong>, conforme o resultado da vota\u00e7\u00e3o realizada no sistema.<\/p>\n","protected":false},"excerpt":{"rendered":"<p>Os paraninfos\/paraninfas, patronos\/patronesses e homenageados\/homenageadas devem ser escolhidos entre docentes e t\u00e9cnico-administrativos da respectiva Unidade Acad\u00eamica. O paraninfo\/paraninfa \u00e9 o(a) docente que representa simbolicamente a turma, escolhido em raz\u00e3o do v\u00ednculo acad\u00eamico e institucional estabelecido ao longo da gradua\u00e7\u00e3o. Os homenageados\/homenageadas s\u00e3o docentes ou t\u00e9cnico-administrativos que se destacaram pela proximidade e contribui\u00e7\u00e3o \u00e0 forma\u00e7\u00e3o dos [&hellip;]<\/p>\n","protected":false},"author":1321,"featured_media":0,"parent":0,"menu_order":0,"comment_status":"closed","ping_status":"closed","template":"","meta":{"footnotes":""},"class_list":["post-1411","page","type-page","status-publish","hentry"],"_links":{"self":[{"href":"https:\/\/wp.ufpel.edu.br\/formaturas\/wp-json\/wp\/v2\/pages\/1411","targetHints":{"allow":["GET"]}}],"collection":[{"href":"https:\/\/wp.ufpel.edu.br\/formaturas\/wp-json\/wp\/v2\/pages"}],"about":[{"href":"https:\/\/wp.ufpel.edu.br\/formaturas\/wp-json\/wp\/v2\/types\/page"}],"author":[{"embeddable":true,"href":"https:\/\/wp.ufpel.edu.br\/formaturas\/wp-json\/wp\/v2\/users\/1321"}],"replies":[{"embeddable":true,"href":"https:\/\/wp.ufpel.edu.br\/formaturas\/wp-json\/wp\/v2\/comments?post=1411"}],"version-history":[{"count":2,"href":"https:\/\/wp.ufpel.edu.br\/formaturas\/wp-json\/wp\/v2\/pages\/1411\/revisions"}],"predecessor-version":[{"id":1432,"href":"https:\/\/wp.ufpel.edu.br\/formaturas\/wp-json\/wp\/v2\/pages\/1411\/revisions\/1432"}],"wp:attachment":[{"href":"https:\/\/wp.ufpel.edu.br\/formaturas\/wp-json\/wp\/v2\/media?parent=1411"}],"curies":[{"name":"wp","href":"https:\/\/api.w.org\/{rel}","templated":true}]}}