{"id":1397,"date":"2026-01-20T09:31:48","date_gmt":"2026-01-20T12:31:48","guid":{"rendered":"https:\/\/wp.ufpel.edu.br\/formaturas\/?page_id=1397"},"modified":"2026-01-27T11:31:30","modified_gmt":"2026-01-27T14:31:30","slug":"inscricoes-2","status":"publish","type":"page","link":"https:\/\/wp.ufpel.edu.br\/formaturas\/inscricoes-2","title":{"rendered":"Inscri\u00e7\u00f5es"},"content":{"rendered":"<p>As inscri\u00e7\u00f5es para a Formatura Institucional Externa s\u00e3o realizadas exclusivamente por meio do Sistema Cobalto.<\/p>\n<p data-start=\"284\" data-end=\"494\">Sempre que houver abertura de inscri\u00e7\u00f5es, a informa\u00e7\u00e3o ser\u00e1 amplamente divulgada pelos <strong data-start=\"371\" data-end=\"399\">canais oficiais da UFPel<\/strong>, como o e-mail institucional, o site da universidade e demais meios oficiais de comunica\u00e7\u00e3o.<\/p>\n<p data-start=\"501\" data-end=\"657\">Para realizar a inscri\u00e7\u00e3o, o estudante dever\u00e1 acessar o <strong data-start=\"557\" data-end=\"576\">Sistema Cobalto<\/strong> e seguir o caminho:<br data-start=\"596\" data-end=\"599\" \/><strong data-start=\"601\" data-end=\"654\">Menu Aluno \u2192 Cadastros \u2192 Solicita\u00e7\u00e3o de Formatura<\/strong>.<a href=\"https:\/\/wp.ufpel.edu.br\/formaturas\/files\/2026\/01\/PARANINFO-A.png\"><img class=\"size-medium wp-image-1429 alignleft\"  src=\"data:image\/svg+xml,%3Csvg xmlns=\"http:\/\/www.w3.org\/2000\/svg\" viewBox=\"0 0 1 1\"%3E%3C\/svg%3E\" data-src=\"https:\/\/wp.ufpel.edu.br\/formaturas\/files\/2026\/01\/PARANINFO-A-300x400.png\" class=\"lazy-load\" loading=\"lazy\" decoding=\"async\" alt=\"\" width=\"300\" height=\"400\" \/><\/a><\/p>\n<p data-start=\"501\" data-end=\"657\">\n<p data-start=\"664\" data-end=\"859\">\u00c9 de responsabilidade do estudante acompanhar os prazos, verificar sua situa\u00e7\u00e3o acad\u00eamica e realizar a solicita\u00e7\u00e3o dentro do per\u00edodo estabelecido. Solicita\u00e7\u00f5es fora do prazo n\u00e3o ser\u00e3o analisadas.<\/p>\n","protected":false},"excerpt":{"rendered":"<p>As inscri\u00e7\u00f5es para a Formatura Institucional Externa s\u00e3o realizadas exclusivamente por meio do Sistema Cobalto. Sempre que houver abertura de inscri\u00e7\u00f5es, a informa\u00e7\u00e3o ser\u00e1 amplamente divulgada pelos canais oficiais da UFPel, como o e-mail institucional, o site da universidade e demais meios oficiais de comunica\u00e7\u00e3o. Para realizar a inscri\u00e7\u00e3o, o estudante dever\u00e1 acessar o Sistema [&hellip;]<\/p>\n","protected":false},"author":1321,"featured_media":0,"parent":0,"menu_order":0,"comment_status":"closed","ping_status":"closed","template":"","meta":{"footnotes":""},"class_list":["post-1397","page","type-page","status-publish","hentry"],"_links":{"self":[{"href":"https:\/\/wp.ufpel.edu.br\/formaturas\/wp-json\/wp\/v2\/pages\/1397","targetHints":{"allow":["GET"]}}],"collection":[{"href":"https:\/\/wp.ufpel.edu.br\/formaturas\/wp-json\/wp\/v2\/pages"}],"about":[{"href":"https:\/\/wp.ufpel.edu.br\/formaturas\/wp-json\/wp\/v2\/types\/page"}],"author":[{"embeddable":true,"href":"https:\/\/wp.ufpel.edu.br\/formaturas\/wp-json\/wp\/v2\/users\/1321"}],"replies":[{"embeddable":true,"href":"https:\/\/wp.ufpel.edu.br\/formaturas\/wp-json\/wp\/v2\/comments?post=1397"}],"version-history":[{"count":3,"href":"https:\/\/wp.ufpel.edu.br\/formaturas\/wp-json\/wp\/v2\/pages\/1397\/revisions"}],"predecessor-version":[{"id":1430,"href":"https:\/\/wp.ufpel.edu.br\/formaturas\/wp-json\/wp\/v2\/pages\/1397\/revisions\/1430"}],"wp:attachment":[{"href":"https:\/\/wp.ufpel.edu.br\/formaturas\/wp-json\/wp\/v2\/media?parent=1397"}],"curies":[{"name":"wp","href":"https:\/\/api.w.org\/{rel}","templated":true}]}}