{"id":1277,"date":"2025-07-31T08:56:57","date_gmt":"2025-07-31T11:56:57","guid":{"rendered":"https:\/\/wp.ufpel.edu.br\/formaturas\/?page_id=1277"},"modified":"2026-03-18T09:37:41","modified_gmt":"2026-03-18T12:37:41","slug":"programacao","status":"publish","type":"page","link":"https:\/\/wp.ufpel.edu.br\/formaturas\/programacao","title":{"rendered":"Programa\u00e7\u00e3o 2025\/2"},"content":{"rendered":"<p data-start=\"78\" data-end=\"220\">A Comiss\u00e3o de Formatura divulga, a seguir, as informa\u00e7\u00f5es iniciais e o cronograma referente \u00e0s cerim\u00f4nias de formatura do semestre <strong data-start=\"209\" data-end=\"219\">2025\/2<\/strong>:<\/p>\n<hr data-start=\"222\" data-end=\"225\" \/>\n<h3 data-section-id=\"1envk68\" data-start=\"227\" data-end=\"260\">\ud83c\udf93 <strong data-start=\"234\" data-end=\"260\">Per\u00edodo das Cerim\u00f4nias<\/strong><\/h3>\n<p data-start=\"261\" data-end=\"438\">As cerim\u00f4nias de formatura ocorrer\u00e3o entre os dias <strong data-start=\"312\" data-end=\"339\">04 e 08 de maio de 2025<\/strong>, no <strong data-start=\"344\" data-end=\"397\">Audit\u00f3rio da Faculdade de Agronomia Eliseu Maciel<\/strong>, localizado no <strong data-start=\"413\" data-end=\"437\">Campus Cap\u00e3o do Le\u00e3o<\/strong>.<\/p>\n<hr data-start=\"440\" data-end=\"443\" \/>\n<h3 data-section-id=\"1yr6s46\" data-start=\"445\" data-end=\"494\">\u23f3 <strong data-start=\"451\" data-end=\"494\">Defini\u00e7\u00e3o de Datas e Hor\u00e1rios por Curso<\/strong><\/h3>\n<p data-start=\"495\" data-end=\"656\">As datas e hor\u00e1rios espec\u00edficos de cada curso <strong data-start=\"541\" data-end=\"570\">ainda n\u00e3o foram definidos<\/strong>.<br data-start=\"571\" data-end=\"574\" \/>Essa organiza\u00e7\u00e3o depende da confirma\u00e7\u00e3o oficial dos alunos <strong data-start=\"633\" data-end=\"655\">aptos a colar grau<\/strong>.<\/p>\n<p data-start=\"658\" data-end=\"803\">Atualmente, contamos com uma lista de <strong data-start=\"696\" data-end=\"719\">prov\u00e1veis formandos<\/strong>, e estamos aguardando o retorno dos colegiados de cada curso com a valida\u00e7\u00e3o final.<\/p>\n<p data-start=\"805\" data-end=\"873\">\ud83d\udccc <strong data-start=\"808\" data-end=\"846\">Prazo para retorno dos colegiados:<\/strong> at\u00e9 <strong data-start=\"851\" data-end=\"873\">20 de maio de 2025<\/strong><\/p>\n<hr data-start=\"875\" data-end=\"878\" \/>\n<h3 data-section-id=\"8fm2k6\" data-start=\"880\" data-end=\"925\">\u2757 <strong data-start=\"886\" data-end=\"925\">Prazo para Desist\u00eancia da Formatura<\/strong><\/h3>\n<p data-start=\"926\" data-end=\"1049\">Os alunos que se inscreveram, mas <strong data-start=\"960\" data-end=\"996\">n\u00e3o ir\u00e3o participar da cerim\u00f4nia<\/strong>, devem informar sua desist\u00eancia at\u00e9 o dia <strong data-start=\"1039\" data-end=\"1048\">31\/03<\/strong>.<\/p>\n<p data-start=\"1051\" data-end=\"1090\">A comunica\u00e7\u00e3o pode ser realizada por:<\/p>\n<ul data-start=\"1091\" data-end=\"1235\">\n<li data-section-id=\"1ucuiaw\" data-start=\"1091\" data-end=\"1136\">\n<p data-start=\"1093\" data-end=\"1136\">\ud83d\udce7 E-mail: <strong data-start=\"1104\" data-end=\"1134\"><a class=\"decorated-link cursor-pointer\" rel=\"noopener\" data-start=\"1106\" data-end=\"1132\">formainstitufpel@gmail.com<\/a><\/strong><\/p>\n<\/li>\n<li data-section-id=\"13i354f\" data-start=\"1137\" data-end=\"1235\">\n<p data-start=\"1139\" data-end=\"1235\">\ud83c\udf10 Formul\u00e1rio dispon\u00edvel na aba <strong data-start=\"1171\" data-end=\"1185\">\u201cContatos\u201d<\/strong> do site (encaminhado diretamente para a comiss\u00e3o)<\/p>\n<\/li>\n<\/ul>\n<p data-start=\"1237\" data-end=\"1317\">Essa etapa \u00e9 essencial para a organiza\u00e7\u00e3o das cerim\u00f4nias e defini\u00e7\u00e3o dos grupos.<\/p>\n<hr data-start=\"1319\" data-end=\"1322\" \/>\n<h3 data-section-id=\"1mhb5iw\" data-start=\"1324\" data-end=\"1361\">\u26a0\ufe0f <strong data-start=\"1331\" data-end=\"1361\">Importante sobre Aus\u00eancias<\/strong><\/h3>\n<p data-start=\"1362\" data-end=\"1540\">O aluno inscrito que <strong data-start=\"1383\" data-end=\"1432\">n\u00e3o comunicar sua desist\u00eancia dentro do prazo<\/strong> e <strong data-start=\"1435\" data-end=\"1465\">n\u00e3o comparecer \u00e0 cerim\u00f4nia<\/strong> estar\u00e1 sujeito \u00e0 <strong data-start=\"1483\" data-end=\"1505\">aplica\u00e7\u00e3o de multa<\/strong>, conforme previsto no regulamento.<\/p>\n<hr data-start=\"1542\" data-end=\"1545\" \/>\n<p data-start=\"1547\" data-end=\"1712\" data-is-last-node=\"\" data-is-only-node=\"\">Refor\u00e7amos que essas informa\u00e7\u00f5es s\u00e3o fundamentais para garantir a organiza\u00e7\u00e3o e o bom andamento das cerim\u00f4nias. Contamos com a colabora\u00e7\u00e3o de todos os formandos. \ud83c\udf93\u2728<\/p>\n","protected":false},"excerpt":{"rendered":"<p>A Comiss\u00e3o de Formatura divulga, a seguir, as informa\u00e7\u00f5es iniciais e o cronograma referente \u00e0s cerim\u00f4nias de formatura do semestre 2025\/2: \ud83c\udf93 Per\u00edodo das Cerim\u00f4nias As cerim\u00f4nias de formatura ocorrer\u00e3o entre os dias 04 e 08 de maio de 2025, no Audit\u00f3rio da Faculdade de Agronomia Eliseu Maciel, localizado no Campus Cap\u00e3o do Le\u00e3o. \u23f3 [&hellip;]<\/p>\n","protected":false},"author":1321,"featured_media":0,"parent":0,"menu_order":0,"comment_status":"closed","ping_status":"closed","template":"","meta":{"footnotes":""},"class_list":["post-1277","page","type-page","status-publish","hentry"],"_links":{"self":[{"href":"https:\/\/wp.ufpel.edu.br\/formaturas\/wp-json\/wp\/v2\/pages\/1277","targetHints":{"allow":["GET"]}}],"collection":[{"href":"https:\/\/wp.ufpel.edu.br\/formaturas\/wp-json\/wp\/v2\/pages"}],"about":[{"href":"https:\/\/wp.ufpel.edu.br\/formaturas\/wp-json\/wp\/v2\/types\/page"}],"author":[{"embeddable":true,"href":"https:\/\/wp.ufpel.edu.br\/formaturas\/wp-json\/wp\/v2\/users\/1321"}],"replies":[{"embeddable":true,"href":"https:\/\/wp.ufpel.edu.br\/formaturas\/wp-json\/wp\/v2\/comments?post=1277"}],"version-history":[{"count":3,"href":"https:\/\/wp.ufpel.edu.br\/formaturas\/wp-json\/wp\/v2\/pages\/1277\/revisions"}],"predecessor-version":[{"id":1466,"href":"https:\/\/wp.ufpel.edu.br\/formaturas\/wp-json\/wp\/v2\/pages\/1277\/revisions\/1466"}],"wp:attachment":[{"href":"https:\/\/wp.ufpel.edu.br\/formaturas\/wp-json\/wp\/v2\/media?parent=1277"}],"curies":[{"name":"wp","href":"https:\/\/api.w.org\/{rel}","templated":true}]}}