{"id":1135,"date":"2025-03-24T16:07:44","date_gmt":"2025-03-24T19:07:44","guid":{"rendered":"https:\/\/wp.ufpel.edu.br\/formaturas\/?page_id=1135"},"modified":"2025-03-24T16:15:21","modified_gmt":"2025-03-24T19:15:21","slug":"sobre","status":"publish","type":"page","link":"https:\/\/wp.ufpel.edu.br\/formaturas\/sobre","title":{"rendered":"Sobre"},"content":{"rendered":"<h2>Colar grau \u00e9 um dever, celebrar \u00e9 um direito!<\/h2>\n<p>A<a href=\"https:\/\/www.google.com\/url?sa=t&amp;rct=j&amp;q=&amp;esrc=s&amp;source=web&amp;cd=&amp;cad=rja&amp;uact=8&amp;ved=2ahUKEwj1lIfEgOeAAxW9pZUCHQQ4AeAQFnoECBMQAQ&amp;url=https%3A%2F%2Fwp.ufpel.edu.br%2Fscs%2Ffiles%2F2018%2F07%2FRES-05.2018-SEI_23110.023302_2018_41-2.pdf&amp;usg=AOvVaw2H6bL4WSlo6-QPJXMGSKMq&amp;opi=89978449\"> Resolu\u00e7\u00e3o n\u00ba 05 de 21 de maio de 2018<\/a> normatiza as Formaturas Institucionais na UFPel reconhecendo duas modalidades de cola\u00e7\u00e3o de grau para os estudantes que ingressaram a partir de 2018\/1:<\/p>\n<ul>\n<li style=\"list-style-type: none;\">\n<ul>\n<li style=\"list-style-type: none;\">\n<ul>\n<li>Formatura Institucional Externa<\/li>\n<li>Formatura Institucional Interna (de gabinete)<\/li>\n<\/ul>\n<\/li>\n<\/ul>\n<\/li>\n<\/ul>\n<p><strong>A <span style=\"text-decoration: underline;\">Formatura Institucional Externa<\/span> \u00e9 uma proposta inclusiva e igualit\u00e1ria que oportuniza aos estudantes a cola\u00e7\u00e3o de grau com toda a celebra\u00e7\u00e3o que o momento merece, custeada pela pr\u00f3pria Universidade.<\/strong><\/p>\n","protected":false},"excerpt":{"rendered":"<p>Colar grau \u00e9 um dever, celebrar \u00e9 um direito! A Resolu\u00e7\u00e3o n\u00ba 05 de 21 de maio de 2018 normatiza as Formaturas Institucionais na UFPel reconhecendo duas modalidades de cola\u00e7\u00e3o de grau para os estudantes que ingressaram a partir de 2018\/1: Formatura Institucional Externa Formatura Institucional Interna (de gabinete) A Formatura Institucional Externa \u00e9 uma [&hellip;]<\/p>\n","protected":false},"author":1321,"featured_media":0,"parent":0,"menu_order":0,"comment_status":"closed","ping_status":"closed","template":"","meta":{"footnotes":""},"class_list":["post-1135","page","type-page","status-publish","hentry"],"_links":{"self":[{"href":"https:\/\/wp.ufpel.edu.br\/formaturas\/wp-json\/wp\/v2\/pages\/1135","targetHints":{"allow":["GET"]}}],"collection":[{"href":"https:\/\/wp.ufpel.edu.br\/formaturas\/wp-json\/wp\/v2\/pages"}],"about":[{"href":"https:\/\/wp.ufpel.edu.br\/formaturas\/wp-json\/wp\/v2\/types\/page"}],"author":[{"embeddable":true,"href":"https:\/\/wp.ufpel.edu.br\/formaturas\/wp-json\/wp\/v2\/users\/1321"}],"replies":[{"embeddable":true,"href":"https:\/\/wp.ufpel.edu.br\/formaturas\/wp-json\/wp\/v2\/comments?post=1135"}],"version-history":[{"count":2,"href":"https:\/\/wp.ufpel.edu.br\/formaturas\/wp-json\/wp\/v2\/pages\/1135\/revisions"}],"predecessor-version":[{"id":1144,"href":"https:\/\/wp.ufpel.edu.br\/formaturas\/wp-json\/wp\/v2\/pages\/1135\/revisions\/1144"}],"wp:attachment":[{"href":"https:\/\/wp.ufpel.edu.br\/formaturas\/wp-json\/wp\/v2\/media?parent=1135"}],"curies":[{"name":"wp","href":"https:\/\/api.w.org\/{rel}","templated":true}]}}