{"id":112,"date":"2023-08-18T18:24:10","date_gmt":"2023-08-18T21:24:10","guid":{"rendered":"https:\/\/wp.ufpel.edu.br\/formaturas\/?page_id=112"},"modified":"2023-12-04T09:33:01","modified_gmt":"2023-12-04T12:33:01","slug":"formatura-2021-1","status":"publish","type":"page","link":"https:\/\/wp.ufpel.edu.br\/formaturas\/edicoes-anteriores\/formaturas-anteriores\/formatura-2021-1","title":{"rendered":"Formatura 2021\/1"},"content":{"rendered":"<p><strong>Edital de Formatura Institucional<\/strong>\u00a0\u2013 GRADUADOS 2020-1, 2020-2, 2021-1 e GRADUANDOS 2021-1:\u00a0<a class=\"mtli_attachment mtli_pdf\" href=\"https:\/\/wp.ufpel.edu.br\/prae\/files\/2022\/01\/SEI_23110.001453_2022_2512.pdf\" target=\"_blank\" rel=\"noopener\">EDITAL CPE N\u00ba01_2022<\/a><\/p>\n<p><strong>Per\u00edodo de inscri\u00e7\u00f5es:<\/strong> de 20\/01 a 31\/01\/22<\/p>\n<p><strong>Resultado Preliminar:\u00a0<\/strong><a class=\"mtli_attachment mtli_pdf mtli_attachment mtli_pdf\" href=\"https:\/\/wp.ufpel.edu.br\/prae\/files\/2022\/02\/SEI_23110.001453_2022_25_Edital.pdf\">Lista de inscri\u00e7\u00f5es homologados e n\u00e3o-homologadas Formatura Institucional 2022<\/a><\/p>\n<p><strong>Resultado Final:<\/strong>\u00a0<a class=\"mtli_attachment mtli_pdf mtli_attachment mtli_pdf\" href=\"https:\/\/wp.ufpel.edu.br\/prae\/files\/2022\/02\/SEI_23110.001453_2022_25_Edital.pdf\">Resultado Final<\/a><\/p>\n<p>&nbsp;<\/p>\n<p><a class=\"mtli_attachment mtli_pdf\" href=\"https:\/\/wp.ufpel.edu.br\/prae\/files\/2022\/03\/Todos-os-dados-da-Formatura-em-10-03-1.pdf\" target=\"_blank\" rel=\"noopener\">INFORMA\u00c7\u00d5ES FORMATURA INSTITUCIONAL \u2013 ensaio, hor\u00e1rios do transporte de apoio e log\u00edstica das cerim\u00f4nias<\/a><\/p>\n<p><a class=\"mtli_attachment mtli_pdf\" href=\"https:\/\/wp.ufpel.edu.br\/prae\/files\/2022\/03\/TRANSPORTES.pdf\">TRANSPORTES<\/a><\/p>\n<p>D\u00favidas:\u00a0<a class=\"rABsFf RffVmb AL18ce\" href=\"mailto:formatura.institucional@ufpel.edu.br\" target=\"_blank\" rel=\"noopener\" data-tooltip-position=\"top\" data-tooltip=\"Do Contatos do Google\">formatura.institucional@ufpel.edu.br<\/a><\/p>\n","protected":false},"excerpt":{"rendered":"<p>Edital de Formatura Institucional\u00a0\u2013 GRADUADOS 2020-1, 2020-2, 2021-1 e GRADUANDOS 2021-1:\u00a0EDITAL CPE N\u00ba01_2022 Per\u00edodo de inscri\u00e7\u00f5es: de 20\/01 a 31\/01\/22 Resultado Preliminar:\u00a0Lista de inscri\u00e7\u00f5es homologados e n\u00e3o-homologadas Formatura Institucional 2022 Resultado Final:\u00a0Resultado Final &nbsp; INFORMA\u00c7\u00d5ES FORMATURA INSTITUCIONAL \u2013 ensaio, hor\u00e1rios do transporte de apoio e log\u00edstica das cerim\u00f4nias TRANSPORTES D\u00favidas:\u00a0formatura.institucional@ufpel.edu.br<\/p>\n","protected":false},"author":1321,"featured_media":0,"parent":274,"menu_order":0,"comment_status":"closed","ping_status":"closed","template":"","meta":{"footnotes":""},"class_list":["post-112","page","type-page","status-publish","hentry"],"_links":{"self":[{"href":"https:\/\/wp.ufpel.edu.br\/formaturas\/wp-json\/wp\/v2\/pages\/112","targetHints":{"allow":["GET"]}}],"collection":[{"href":"https:\/\/wp.ufpel.edu.br\/formaturas\/wp-json\/wp\/v2\/pages"}],"about":[{"href":"https:\/\/wp.ufpel.edu.br\/formaturas\/wp-json\/wp\/v2\/types\/page"}],"author":[{"embeddable":true,"href":"https:\/\/wp.ufpel.edu.br\/formaturas\/wp-json\/wp\/v2\/users\/1321"}],"replies":[{"embeddable":true,"href":"https:\/\/wp.ufpel.edu.br\/formaturas\/wp-json\/wp\/v2\/comments?post=112"}],"version-history":[{"count":1,"href":"https:\/\/wp.ufpel.edu.br\/formaturas\/wp-json\/wp\/v2\/pages\/112\/revisions"}],"predecessor-version":[{"id":115,"href":"https:\/\/wp.ufpel.edu.br\/formaturas\/wp-json\/wp\/v2\/pages\/112\/revisions\/115"}],"up":[{"embeddable":true,"href":"https:\/\/wp.ufpel.edu.br\/formaturas\/wp-json\/wp\/v2\/pages\/274"}],"wp:attachment":[{"href":"https:\/\/wp.ufpel.edu.br\/formaturas\/wp-json\/wp\/v2\/media?parent=112"}],"curies":[{"name":"wp","href":"https:\/\/api.w.org\/{rel}","templated":true}]}}