{"id":108,"date":"2023-08-18T18:22:35","date_gmt":"2023-08-18T21:22:35","guid":{"rendered":"https:\/\/wp.ufpel.edu.br\/formaturas\/?page_id=108"},"modified":"2023-12-04T09:32:49","modified_gmt":"2023-12-04T12:32:49","slug":"formatura-2021-2","status":"publish","type":"page","link":"https:\/\/wp.ufpel.edu.br\/formaturas\/edicoes-anteriores\/formaturas-anteriores\/formatura-2021-2","title":{"rendered":"Formatura 2021\/2"},"content":{"rendered":"<p><strong>EDITAL ENCERRADO<\/strong><\/p>\n<p><strong>Edital de Formatura Institucional \u2013<\/strong>\u00a0GRADUADOS 2020-1, 2020-2, 2021-1 E GRADUANDOS 2021\/2:\u00a0<a class=\"mtli_attachment mtli_pdf\" href=\"https:\/\/wp.ufpel.edu.br\/prae\/files\/2022\/05\/SEI_23110.016983_2022_78.pdf\">EDITAL CPE\/PRAE N\u00ba. 03\/2022 <\/a>(ATUALIZE O DOCUMENTO)<\/p>\n<p>***ATEN\u00c7\u00c3O*** DE ACORDO COM A NOVA PORTARIA N\u00ba 492\/22\u00a0\u201cArt. 3\u00ba \u00c9 obrigat\u00f3ria a comprova\u00e7\u00e3o de vacina\u00e7\u00e3o contra a COVID-19, com vistas a circula\u00e7\u00e3o de pessoas e ingresso nas depend\u00eancias da UFPEL\u00a0[\u2026] \u00a7\u00a03\u00ba\u00a0A vacina\u00e7\u00e3o a ser comprovada na UFPel corresponder\u00e1 ao esquema vacinal completo, ou seja, as duas primeiras doses (ou dose \u00fanica) mais a dose de refor\u00e7o.\u201d<\/p>\n<p><strong>Per\u00edodo de inscri\u00e7\u00f5es:<\/strong> de 23\/05\u00a0at\u00e9 06\/06 \u00e0s 9h (PRORROGADO)<\/p>\n<p><strong>Resultado Preliminar:<\/strong>\u00a0<a class=\"mtli_attachment mtli_pdf\" href=\"https:\/\/wp.ufpel.edu.br\/prae\/files\/2022\/05\/SEI_23110.016983_2022_78.pdf\" target=\"_blank\" rel=\"noopener\">LISTA DE CANDIDATOS HOMOLOGADOS E N\u00c3O-HOMOLOGADOS<\/a>(ATUALIZE O DOCUMENTO)<\/p>\n<p><strong>Resultado Final:\u00a0<\/strong><a class=\"mtli_attachment mtli_pdf\" href=\"https:\/\/wp.ufpel.edu.br\/prae\/files\/2022\/05\/SEI_23110.016983_2022_78.pdf\" target=\"_blank\" rel=\"noopener\">LISTA FINAL \u2013 FORMATURA INSTITUCIONAL<\/a><\/p>\n<p><strong>Modelo de protocolo cerimonial da Formatura Institucional<\/strong> (ATUALIZADO):\u00a0<a class=\"mtli_attachment mtli_pdf\" href=\"https:\/\/wp.ufpel.edu.br\/prae\/files\/2022\/06\/Modelo-protocolo-FORMATURA.pdf\">Modelo protocolo FORMATURA<\/a><\/p>\n<p>D\u00favidas:\u00a0<a class=\"rABsFf RffVmb AL18ce\" href=\"mailto:formatura.institucional@ufpel.edu.br\" target=\"_blank\" rel=\"noopener\" data-tooltip-position=\"top\" data-tooltip=\"Do Contatos do Google\">formatura.institucional@ufpel.edu.br<\/a><\/p>\n","protected":false},"excerpt":{"rendered":"<p>EDITAL ENCERRADO Edital de Formatura Institucional \u2013\u00a0GRADUADOS 2020-1, 2020-2, 2021-1 E GRADUANDOS 2021\/2:\u00a0EDITAL CPE\/PRAE N\u00ba. 03\/2022 (ATUALIZE O DOCUMENTO) ***ATEN\u00c7\u00c3O*** DE ACORDO COM A NOVA PORTARIA N\u00ba 492\/22\u00a0\u201cArt. 3\u00ba \u00c9 obrigat\u00f3ria a comprova\u00e7\u00e3o de vacina\u00e7\u00e3o contra a COVID-19, com vistas a circula\u00e7\u00e3o de pessoas e ingresso nas depend\u00eancias da UFPEL\u00a0[\u2026] \u00a7\u00a03\u00ba\u00a0A vacina\u00e7\u00e3o a ser comprovada [&hellip;]<\/p>\n","protected":false},"author":1321,"featured_media":0,"parent":274,"menu_order":0,"comment_status":"closed","ping_status":"closed","template":"","meta":{"footnotes":""},"class_list":["post-108","page","type-page","status-publish","hentry"],"_links":{"self":[{"href":"https:\/\/wp.ufpel.edu.br\/formaturas\/wp-json\/wp\/v2\/pages\/108","targetHints":{"allow":["GET"]}}],"collection":[{"href":"https:\/\/wp.ufpel.edu.br\/formaturas\/wp-json\/wp\/v2\/pages"}],"about":[{"href":"https:\/\/wp.ufpel.edu.br\/formaturas\/wp-json\/wp\/v2\/types\/page"}],"author":[{"embeddable":true,"href":"https:\/\/wp.ufpel.edu.br\/formaturas\/wp-json\/wp\/v2\/users\/1321"}],"replies":[{"embeddable":true,"href":"https:\/\/wp.ufpel.edu.br\/formaturas\/wp-json\/wp\/v2\/comments?post=108"}],"version-history":[{"count":1,"href":"https:\/\/wp.ufpel.edu.br\/formaturas\/wp-json\/wp\/v2\/pages\/108\/revisions"}],"predecessor-version":[{"id":111,"href":"https:\/\/wp.ufpel.edu.br\/formaturas\/wp-json\/wp\/v2\/pages\/108\/revisions\/111"}],"up":[{"embeddable":true,"href":"https:\/\/wp.ufpel.edu.br\/formaturas\/wp-json\/wp\/v2\/pages\/274"}],"wp:attachment":[{"href":"https:\/\/wp.ufpel.edu.br\/formaturas\/wp-json\/wp\/v2\/media?parent=108"}],"curies":[{"name":"wp","href":"https:\/\/api.w.org\/{rel}","templated":true}]}}