{"id":104,"date":"2023-08-18T18:20:26","date_gmt":"2023-08-18T21:20:26","guid":{"rendered":"https:\/\/wp.ufpel.edu.br\/formaturas\/?page_id=104"},"modified":"2023-12-04T09:31:54","modified_gmt":"2023-12-04T12:31:54","slug":"formatura-2022-1","status":"publish","type":"page","link":"https:\/\/wp.ufpel.edu.br\/formaturas\/edicoes-anteriores\/formaturas-anteriores\/formatura-2022-1","title":{"rendered":"Formatura 2022\/1"},"content":{"rendered":"<p><strong>EDITAL ENCERRADO<\/strong><\/p>\n<p><strong>Edital de Formatura Institucional \u2013<\/strong>\u00a0GRADUANDOS 2022\/1:\u00a0<a class=\"mtli_attachment mtli_pdf\" href=\"https:\/\/wp.ufpel.edu.br\/prae\/files\/2022\/10\/SEI_23110.039202_2022_13-1.pdf\" target=\"_blank\" rel=\"noopener\">EDITAL CPE\/PRAE N\u00ba. 04\/2022 ***RETIFICADO <\/a>(ATUALIZE O DOCUMENTO)<\/p>\n<p><strong>Per\u00edodo de inscri\u00e7\u00f5es:\u00a0<\/strong>de 17 at\u00e9 31 de outubro de 2022 (PRORROGADO)<\/p>\n<p><strong>Resultado Preliminar:<\/strong>\u00a0<a class=\"mtli_attachment mtli_pdf\" href=\"https:\/\/wp.ufpel.edu.br\/prae\/files\/2022\/10\/SEI_23110.039202_2022_13-1.pdf\" target=\"_blank\" rel=\"noopener\">LISTA DE CANDIDATOS HOMOLOGADOS E N\u00c3O-HOMOLOGADOS**RETIFICADO <\/a>(ATUALIZE O DOCUMENTO)<\/p>\n<p><strong>Prazo de recurso:<\/strong>\u00a0de 31 de outubro at\u00e9 11 de novembro de 2022<\/p>\n<p><strong>Resultado Final:<\/strong>\u00a0<a class=\"mtli_attachment mtli_pdf\" href=\"https:\/\/wp.ufpel.edu.br\/prae\/files\/2022\/10\/SEI_23110.039202_2022_13-1.pdf\" target=\"_blank\" rel=\"noopener\">LISTA FINAL DE CANDIDATOS HOMOLOGADOS E N\u00c3O-HOMOLOGADOS<\/a>(ATUALIZE O DOCUMENTO)<\/p>\n<p><strong>REUNI\u00c3O JUNTO AOS FORMANDOS:\u00a0<\/strong>\u00a0<a href=\"https:\/\/youtu.be\/n7vFrdhRJO0\">https:\/\/youtu.be\/n7vFrdhRJO0<\/a>\u00a016 de dezembro, \u00e0s 17h30min<\/p>\n<p><strong>Resumo da Reuni\u00e3o:<\/strong>\u00a0<a class=\"mtli_attachment mtli_pdf mtli_attachment mtli_pdf\" href=\"https:\/\/wp.ufpel.edu.br\/prae\/files\/2022\/12\/REUNIAO-formandos-2022_1-2.pdf\" target=\"_blank\" rel=\"noopener\">SLIDES REUNI\u00c3O FORMATURA 2022\/1<\/a><\/p>\n<p><strong>HOR\u00c1RIOS DO TRANSPORTE DE APOIO:<\/strong>\u00a0<a class=\"mtli_attachment mtli_pdf\" href=\"https:\/\/wp.ufpel.edu.br\/prae\/files\/2023\/02\/ITINERARIO_HORARIO_TRANSPORTE_FORMATURAS_MARCO_2023.pdf\">ITINER\u00c1RIO_HOR\u00c1RIO_TRANSPORTE_FORMATURAS_MAR\u00c7O_2023<\/a><\/p>\n<p>D\u00favidas:\u00a0<a class=\"rABsFf RffVmb AL18ce\" href=\"mailto:formatura.institucional@ufpel.edu.br\" target=\"_blank\" rel=\"noopener\" data-tooltip-position=\"top\" data-tooltip=\"Do Contatos do Google\">formatura.institucional@ufpel.edu.br<\/a><\/p>\n","protected":false},"excerpt":{"rendered":"<p>EDITAL ENCERRADO Edital de Formatura Institucional \u2013\u00a0GRADUANDOS 2022\/1:\u00a0EDITAL CPE\/PRAE N\u00ba. 04\/2022 ***RETIFICADO (ATUALIZE O DOCUMENTO) Per\u00edodo de inscri\u00e7\u00f5es:\u00a0de 17 at\u00e9 31 de outubro de 2022 (PRORROGADO) Resultado Preliminar:\u00a0LISTA DE CANDIDATOS HOMOLOGADOS E N\u00c3O-HOMOLOGADOS**RETIFICADO (ATUALIZE O DOCUMENTO) Prazo de recurso:\u00a0de 31 de outubro at\u00e9 11 de novembro de 2022 Resultado Final:\u00a0LISTA FINAL DE CANDIDATOS HOMOLOGADOS E [&hellip;]<\/p>\n","protected":false},"author":1321,"featured_media":0,"parent":274,"menu_order":0,"comment_status":"closed","ping_status":"closed","template":"","meta":{"footnotes":""},"class_list":["post-104","page","type-page","status-publish","hentry"],"_links":{"self":[{"href":"https:\/\/wp.ufpel.edu.br\/formaturas\/wp-json\/wp\/v2\/pages\/104","targetHints":{"allow":["GET"]}}],"collection":[{"href":"https:\/\/wp.ufpel.edu.br\/formaturas\/wp-json\/wp\/v2\/pages"}],"about":[{"href":"https:\/\/wp.ufpel.edu.br\/formaturas\/wp-json\/wp\/v2\/types\/page"}],"author":[{"embeddable":true,"href":"https:\/\/wp.ufpel.edu.br\/formaturas\/wp-json\/wp\/v2\/users\/1321"}],"replies":[{"embeddable":true,"href":"https:\/\/wp.ufpel.edu.br\/formaturas\/wp-json\/wp\/v2\/comments?post=104"}],"version-history":[{"count":1,"href":"https:\/\/wp.ufpel.edu.br\/formaturas\/wp-json\/wp\/v2\/pages\/104\/revisions"}],"predecessor-version":[{"id":107,"href":"https:\/\/wp.ufpel.edu.br\/formaturas\/wp-json\/wp\/v2\/pages\/104\/revisions\/107"}],"up":[{"embeddable":true,"href":"https:\/\/wp.ufpel.edu.br\/formaturas\/wp-json\/wp\/v2\/pages\/274"}],"wp:attachment":[{"href":"https:\/\/wp.ufpel.edu.br\/formaturas\/wp-json\/wp\/v2\/media?parent=104"}],"curies":[{"name":"wp","href":"https:\/\/api.w.org\/{rel}","templated":true}]}}