{"id":147,"date":"2019-07-22T10:00:47","date_gmt":"2019-07-22T13:00:47","guid":{"rendered":"https:\/\/wp.ufpel.edu.br\/forlan\/?page_id=147"},"modified":"2019-07-21T16:13:54","modified_gmt":"2019-07-21T19:13:54","slug":"seja-bem-vindo","status":"publish","type":"page","link":"https:\/\/wp.ufpel.edu.br\/forlan\/","title":{"rendered":"Caro Aluno"},"content":{"rendered":"<p style=\"text-align: center\"><span style=\"color: #666666;font-family: Roboto, sans-serif;font-size: 17.1px\">Aqui voc\u00ea encontrar\u00e1 informa\u00e7\u00f5es de cada disciplina, como: cronograma <\/span><\/p>\n<p style=\"text-align: center\"><span style=\"color: #666666;font-family: Roboto, sans-serif;font-size: 17.1px\">de aulas, <\/span><span style=\"color: #666666;font-family: Roboto, sans-serif;font-size: 17.1px\">material de apoio, exerc\u00edcios e <\/span><span style=\"color: #666666;font-family: Roboto, sans-serif;font-size: 17.1px\">a agenda de avalia\u00e7\u00f5es! <\/span><\/p>\n<p style=\"text-align: center\"><span style=\"color: #666666;font-family: Roboto, sans-serif;font-size: 17.1px\">Fique atento aos conte\u00fados adicionados aqui!!!<\/span><\/p>\n","protected":false},"excerpt":{"rendered":"<p>Aqui voc\u00ea encontrar\u00e1 informa\u00e7\u00f5es de cada disciplina, como: cronograma de aulas, material de apoio, exerc\u00edcios e a agenda de avalia\u00e7\u00f5es! Fique atento aos conte\u00fados adicionados aqui!!!<\/p>\n","protected":false},"author":932,"featured_media":0,"parent":0,"menu_order":0,"comment_status":"closed","ping_status":"closed","template":"","meta":{"footnotes":""},"class_list":["post-147","page","type-page","status-publish","hentry"],"_links":{"self":[{"href":"https:\/\/wp.ufpel.edu.br\/forlan\/wp-json\/wp\/v2\/pages\/147","targetHints":{"allow":["GET"]}}],"collection":[{"href":"https:\/\/wp.ufpel.edu.br\/forlan\/wp-json\/wp\/v2\/pages"}],"about":[{"href":"https:\/\/wp.ufpel.edu.br\/forlan\/wp-json\/wp\/v2\/types\/page"}],"author":[{"embeddable":true,"href":"https:\/\/wp.ufpel.edu.br\/forlan\/wp-json\/wp\/v2\/users\/932"}],"replies":[{"embeddable":true,"href":"https:\/\/wp.ufpel.edu.br\/forlan\/wp-json\/wp\/v2\/comments?post=147"}],"version-history":[{"count":12,"href":"https:\/\/wp.ufpel.edu.br\/forlan\/wp-json\/wp\/v2\/pages\/147\/revisions"}],"predecessor-version":[{"id":391,"href":"https:\/\/wp.ufpel.edu.br\/forlan\/wp-json\/wp\/v2\/pages\/147\/revisions\/391"}],"wp:attachment":[{"href":"https:\/\/wp.ufpel.edu.br\/forlan\/wp-json\/wp\/v2\/media?parent=147"}],"curies":[{"name":"wp","href":"https:\/\/api.w.org\/{rel}","templated":true}]}}