{"id":546,"date":"2025-05-12T15:12:49","date_gmt":"2025-05-12T18:12:49","guid":{"rendered":"https:\/\/wp.ufpel.edu.br\/forcultsul\/?page_id=546"},"modified":"2025-05-14T13:21:38","modified_gmt":"2025-05-14T16:21:38","slug":"iii-encontro-regional-forcult-sul-2025","status":"publish","type":"page","link":"https:\/\/wp.ufpel.edu.br\/forcultsul\/iii-encontro-regional-forcult-sul-2025\/","title":{"rendered":"III ENCONTRO REGIONAL FORCULT SUL 2025"},"content":{"rendered":"<p style=\"text-align: justify;\">Com o intuito de aproximar gestores e gestoras de cultura das Institui\u00e7\u00f5es P\u00fablicas de Ensino Superior (IPES) da regi\u00e3o Sul, a Secretaria de Cultura, Arte e Esporte da Universidade Federal de Santa Catarina (SeCArtE\/UFSC) convida docentes, t\u00e9cnicos e demais interessados a participarem do <strong>III Encontro Regional do FORCULT Sul<\/strong>, F\u00f3rum de Gest\u00e3o Cultural das Institui\u00e7\u00f5es de Ensino Superior da Regi\u00e3o Sul. O evento ser\u00e1 realizado nos dias\u00a0<strong>21 e 22 de maio de 2025<\/strong>, no Teatro Carmen Fossari da UFSC, campus Trindade, em Florian\u00f3polis \u2013 SC.<\/p>\n<p style=\"text-align: justify;\">As inscri\u00e7\u00f5es est\u00e3o abertas para gestores, gestoras, representantes culturais e tamb\u00e9m para o p\u00fablico em geral. <strong>Os formul\u00e1rios de inscri\u00e7\u00e3o est\u00e3o dispon\u00edveis no link: <a href=\"https:\/\/forms.gle\/bX1qeDw2qFMSHGWn8\">clique aqui<\/a><\/strong> e tamb\u00e9m na p\u00e1gina do evento no site da SeCArtE (<a href=\"https:\/\/secarte.ufsc.br\/forcult-sul\" target=\"_blank\" rel=\"noopener noreferrer\">secarte.ufsc.br\/forcult-sul<\/a>).<\/p>\n<p style=\"text-align: justify;\">O FORCULT Sul \u00e9 um espa\u00e7o de encontro para gestores culturais das Institui\u00e7\u00f5es P\u00fablicas de Ensino Superior (IPES) do Rio Grande do Sul, Santa Catarina e Paran\u00e1. Este coletivo re\u00fane-se mensalmente para propor a\u00e7\u00f5es formativas, diagn\u00f3sticas e de planejamento, buscando contribuir para o fortalecimento de pol\u00edticas culturais no contexto das institui\u00e7\u00f5es. Dentre as a\u00e7\u00f5es realizadas por este f\u00f3rum, destaca-se a realiza\u00e7\u00e3o do III Encontro Regional em 2025, em parceria com a Secretaria de Cultura, Arte e Esporte da UFSC.<span id=\"more-21585\"><\/span><\/p>\n<p style=\"text-align: justify;\">O encontro ser\u00e1 realizado no formato presencial e ter\u00e1 como tema:\u00a0<strong>\u201cArte e Cultura nas Institui\u00e7\u00f5es P\u00fablicas de Ensino Superior: por qu\u00ea, para qu\u00ea e para quem?\u201d<\/strong>. Ser\u00e3o dois dias de debates sobre o compromisso das IPES com a \u00e1rea da cultura, bem como a constru\u00e7\u00e3o de a\u00e7\u00f5es estrat\u00e9gicas voltadas \u00e0 gest\u00e3o cultural, por meio de processos avaliativos e da proposi\u00e7\u00e3o de atividades em grupos de trabalho.<\/p>\n<p style=\"text-align: justify;\">O evento ser\u00e1 uma oportunidade para a amplia\u00e7\u00e3o coletiva e a democratiza\u00e7\u00e3o do espa\u00e7o cultural, fortalecendo o trabalho colaborativo e a constru\u00e7\u00e3o de a\u00e7\u00f5es institucionais que valorizam e promovem a presen\u00e7a da arte e da cultura nas IPES, como um direito constitucional.<\/p>\n<p style=\"text-align: justify;\">III Encontro Regional do FORCULT | Sul<br \/>\nData: 21 e 22 de maio de 2025<br \/>\nLocal: Teatro Carmen Fossari | Campus Trindade UFSC<br \/>\nR. Des. V\u00edtor Lima, 117 \u2013 Trindade, Florian\u00f3polis \u2013 SC<\/p>\n<p><strong>CONFIRA A PROGRAMA\u00c7\u00c3O:\u00a0<\/strong><\/p>\n\n\t\t<style type=\"text\/css\">\n\t\t\t#gallery-1 {\n\t\t\t\tmargin: auto;\n\t\t\t}\n\t\t\t#gallery-1 .gallery-item {\n\t\t\t\tfloat: left;\n\t\t\t\tmargin-top: 10px;\n\t\t\t\ttext-align: center;\n\t\t\t\twidth: 33%;\n\t\t\t}\n\t\t\t#gallery-1 img {\n\t\t\t\tborder: 2px solid #cfcfcf;\n\t\t\t}\n\t\t\t#gallery-1 .gallery-caption {\n\t\t\t\tmargin-left: 0;\n\t\t\t}\n\t\t\t\/* see gallery_shortcode() in wp-includes\/media.php *\/\n\t\t<\/style>\n\t\t<div id='gallery-1' class='gallery galleryid-546 gallery-columns-3 gallery-size-large'><dl class='gallery-item'>\n\t\t\t<dt class='gallery-icon portrait'>\n\t\t\t\t<a href='https:\/\/wp.ufpel.edu.br\/forcultsul\/iii-encontro-regional-forcult-sul-2025\/forcult_post_programa____o_001\/'><img loading=\"lazy\" decoding=\"async\" width=\"750\" height=\"1000\" src=\"https:\/\/wp.ufpel.edu.br\/forcultsul\/files\/2025\/05\/Forcult_Post_Programa____o_001.png\" class=\"attachment-large size-large\" alt=\"\" aria-describedby=\"gallery-1-549\" srcset=\"https:\/\/wp.ufpel.edu.br\/forcultsul\/files\/2025\/05\/Forcult_Post_Programa____o_001.png 768w, https:\/\/wp.ufpel.edu.br\/forcultsul\/files\/2025\/05\/Forcult_Post_Programa____o_001-300x400.png 300w\" sizes=\"auto, (max-width: 750px) 100vw, 750px\" \/><\/a>\n\t\t\t<\/dt>\n\t\t\t\t<dd class='wp-caption-text gallery-caption' id='gallery-1-549'>\n\t\t\t\t21 de maio\n\t\t\t\t<\/dd><\/dl><dl class='gallery-item'>\n\t\t\t<dt class='gallery-icon portrait'>\n\t\t\t\t<a href='https:\/\/wp.ufpel.edu.br\/forcultsul\/iii-encontro-regional-forcult-sul-2025\/forcult_post_programa____o_002\/'><img loading=\"lazy\" decoding=\"async\" width=\"750\" height=\"1000\" src=\"https:\/\/wp.ufpel.edu.br\/forcultsul\/files\/2025\/05\/Forcult_Post_Programa____o_002.png\" class=\"attachment-large size-large\" alt=\"\" aria-describedby=\"gallery-1-551\" srcset=\"https:\/\/wp.ufpel.edu.br\/forcultsul\/files\/2025\/05\/Forcult_Post_Programa____o_002.png 768w, https:\/\/wp.ufpel.edu.br\/forcultsul\/files\/2025\/05\/Forcult_Post_Programa____o_002-300x400.png 300w\" sizes=\"auto, (max-width: 750px) 100vw, 750px\" \/><\/a>\n\t\t\t<\/dt>\n\t\t\t\t<dd class='wp-caption-text gallery-caption' id='gallery-1-551'>\n\t\t\t\t22 de maio\n\t\t\t\t<\/dd><\/dl>\n\t\t\t<br style='clear: both' \/>\n\t\t<\/div>\n\n","protected":false},"excerpt":{"rendered":"<p>Com o intuito de aproximar gestores e gestoras de cultura das Institui\u00e7\u00f5es P\u00fablicas de Ensino Superior (IPES) da regi\u00e3o Sul, a Secretaria de Cultura, Arte e Esporte da Universidade Federal de Santa Catarina (SeCArtE\/UFSC) convida docentes, t\u00e9cnicos e demais interessados a participarem do III Encontro Regional do FORCULT Sul, F\u00f3rum de Gest\u00e3o Cultural das Institui\u00e7\u00f5es &hellip; <\/p>\n<p><a class=\"more-link btn\" href=\"https:\/\/wp.ufpel.edu.br\/forcultsul\/iii-encontro-regional-forcult-sul-2025\/\">Continue lendo<\/a><\/p>\n","protected":false},"author":1455,"featured_media":0,"parent":0,"menu_order":0,"comment_status":"closed","ping_status":"closed","template":"","meta":{"footnotes":""},"class_list":["post-546","page","type-page","status-publish","hentry","nodate","item-wrap"],"_links":{"self":[{"href":"https:\/\/wp.ufpel.edu.br\/forcultsul\/wp-json\/wp\/v2\/pages\/546","targetHints":{"allow":["GET"]}}],"collection":[{"href":"https:\/\/wp.ufpel.edu.br\/forcultsul\/wp-json\/wp\/v2\/pages"}],"about":[{"href":"https:\/\/wp.ufpel.edu.br\/forcultsul\/wp-json\/wp\/v2\/types\/page"}],"author":[{"embeddable":true,"href":"https:\/\/wp.ufpel.edu.br\/forcultsul\/wp-json\/wp\/v2\/users\/1455"}],"replies":[{"embeddable":true,"href":"https:\/\/wp.ufpel.edu.br\/forcultsul\/wp-json\/wp\/v2\/comments?post=546"}],"version-history":[{"count":8,"href":"https:\/\/wp.ufpel.edu.br\/forcultsul\/wp-json\/wp\/v2\/pages\/546\/revisions"}],"predecessor-version":[{"id":564,"href":"https:\/\/wp.ufpel.edu.br\/forcultsul\/wp-json\/wp\/v2\/pages\/546\/revisions\/564"}],"wp:attachment":[{"href":"https:\/\/wp.ufpel.edu.br\/forcultsul\/wp-json\/wp\/v2\/media?parent=546"}],"curies":[{"name":"wp","href":"https:\/\/api.w.org\/{rel}","templated":true}]}}