{"id":321,"date":"2021-06-11T13:30:39","date_gmt":"2021-06-11T16:30:39","guid":{"rendered":"https:\/\/wp.ufpel.edu.br\/forcultsul\/?page_id=321"},"modified":"2021-08-12T12:50:18","modified_gmt":"2021-08-12T15:50:18","slug":"ies-integrantes","status":"publish","type":"page","link":"https:\/\/wp.ufpel.edu.br\/forcultsul\/ies-integrantes\/","title":{"rendered":"IES INTEGRANTES"},"content":{"rendered":"<p>&nbsp;<\/p>\n<table style=\"border-collapse: collapse;width: 100%\" border=\"1\">\n<tbody>\n<tr style=\"height: 172px\">\n<td style=\"width: 20%;height: 172px\"><img loading=\"lazy\" decoding=\"async\" class=\"size-full wp-image-383 aligncenter\" src=\"https:\/\/wp.ufpel.edu.br\/forcultsul\/files\/2021\/06\/unespar.png\" alt=\"\" width=\"250\" height=\"250\" srcset=\"https:\/\/wp.ufpel.edu.br\/forcultsul\/files\/2021\/06\/unespar.png 250w, https:\/\/wp.ufpel.edu.br\/forcultsul\/files\/2021\/06\/unespar-200x200.png 200w\" sizes=\"auto, (max-width: 250px) 100vw, 250px\" \/><\/td>\n<td style=\"width: 20%;height: 172px\"><img loading=\"lazy\" decoding=\"async\" class=\"size-full wp-image-382 aligncenter\" src=\"https:\/\/wp.ufpel.edu.br\/forcultsul\/files\/2021\/06\/ufsm.png\" alt=\"\" width=\"250\" height=\"250\" srcset=\"https:\/\/wp.ufpel.edu.br\/forcultsul\/files\/2021\/06\/ufsm.png 250w, https:\/\/wp.ufpel.edu.br\/forcultsul\/files\/2021\/06\/ufsm-200x200.png 200w\" sizes=\"auto, (max-width: 250px) 100vw, 250px\" \/><\/td>\n<td style=\"width: 20%;height: 172px\"><img loading=\"lazy\" decoding=\"async\" class=\"size-full wp-image-377 aligncenter\" src=\"https:\/\/wp.ufpel.edu.br\/forcultsul\/files\/2021\/06\/uffs.png\" alt=\"\" width=\"250\" height=\"250\" srcset=\"https:\/\/wp.ufpel.edu.br\/forcultsul\/files\/2021\/06\/uffs.png 250w, https:\/\/wp.ufpel.edu.br\/forcultsul\/files\/2021\/06\/uffs-200x200.png 200w\" sizes=\"auto, (max-width: 250px) 100vw, 250px\" \/><\/td>\n<td style=\"width: 20%;height: 172px\"><img loading=\"lazy\" decoding=\"async\" class=\"size-full wp-image-374 aligncenter\" src=\"https:\/\/wp.ufpel.edu.br\/forcultsul\/files\/2021\/06\/uel.png\" alt=\"\" width=\"250\" height=\"250\" srcset=\"https:\/\/wp.ufpel.edu.br\/forcultsul\/files\/2021\/06\/uel.png 250w, https:\/\/wp.ufpel.edu.br\/forcultsul\/files\/2021\/06\/uel-200x200.png 200w\" sizes=\"auto, (max-width: 250px) 100vw, 250px\" \/><\/td>\n<td style=\"width: 20%;height: 172px\"><img loading=\"lazy\" decoding=\"async\" class=\"size-full wp-image-369 aligncenter\" src=\"https:\/\/wp.ufpel.edu.br\/forcultsul\/files\/2021\/06\/iffar.png\" alt=\"\" width=\"250\" height=\"250\" srcset=\"https:\/\/wp.ufpel.edu.br\/forcultsul\/files\/2021\/06\/iffar.png 250w, https:\/\/wp.ufpel.edu.br\/forcultsul\/files\/2021\/06\/iffar-200x200.png 200w\" sizes=\"auto, (max-width: 250px) 100vw, 250px\" \/><\/td>\n<\/tr>\n<tr style=\"height: 123px\">\n<td style=\"width: 20%;height: 123px\">\n<p style=\"text-align: center\"><span style=\"font-family: tahoma, arial, helvetica, sans-serif\"><a href=\"https:\/\/www.unespar.edu.br\/\"><span style=\"font-size: 8pt\">UNIVERSIDADE ESTADUAL DO PARAN\u00c1<\/span><\/a><\/span><\/p>\n<\/td>\n<td style=\"width: 20%;height: 123px\">\n<p style=\"text-align: center\"><span style=\"font-family: tahoma, arial, helvetica, sans-serif\"><a href=\"https:\/\/www.ufsm.br\/\"><span style=\"font-size: 8pt\">UNIVERSIDADE FEDERAL DE SANTA MARIA<\/span><\/a><\/span><\/p>\n<\/td>\n<td style=\"width: 20%;height: 123px\">\n<p style=\"text-align: center\"><span style=\"font-family: tahoma, arial, helvetica, sans-serif\"><a href=\"https:\/\/www.uffs.edu.br\/\"><span style=\"font-size: 8pt\">UNIVERSIDADE FEDERAL DA FRONTEIRA SUL<\/span><\/a><\/span><\/p>\n<\/td>\n<td style=\"width: 20%;text-align: center;height: 123px\"><span style=\"font-family: tahoma, arial, helvetica, sans-serif\"><a href=\"https:\/\/portal.uel.br\/home\/\"><span style=\"font-size: 8pt\">UNIVERSIDADE ESTADUAL DE LONDRINA<\/span><\/a><\/span><\/td>\n<td style=\"width: 20%;height: 123px\">\n<p style=\"text-align: center\"><span style=\"font-family: tahoma, arial, helvetica, sans-serif\"><a href=\"https:\/\/www.iffarroupilha.edu.br\/\"><span style=\"font-size: 8pt\">INSTITUTO FEDERAL DE EDUCA\u00c7\u00c3O CI\u00caNCIA E TECNOLOGIA FARROUPILHA<\/span><\/a><\/span><\/p>\n<\/td>\n<\/tr>\n<tr style=\"height: 39px\">\n<td style=\"width: 20%;height: 39px\"><img loading=\"lazy\" decoding=\"async\" class=\"size-full wp-image-381 aligncenter\" src=\"https:\/\/wp.ufpel.edu.br\/forcultsul\/files\/2021\/06\/ufsc.png\" alt=\"\" width=\"250\" height=\"250\" srcset=\"https:\/\/wp.ufpel.edu.br\/forcultsul\/files\/2021\/06\/ufsc.png 250w, https:\/\/wp.ufpel.edu.br\/forcultsul\/files\/2021\/06\/ufsc-200x200.png 200w\" sizes=\"auto, (max-width: 250px) 100vw, 250px\" \/><\/td>\n<td style=\"width: 20%;height: 39px\"><img loading=\"lazy\" decoding=\"async\" class=\"size-full wp-image-379 aligncenter\" src=\"https:\/\/wp.ufpel.edu.br\/forcultsul\/files\/2021\/06\/furg.png\" alt=\"\" width=\"250\" height=\"250\" srcset=\"https:\/\/wp.ufpel.edu.br\/forcultsul\/files\/2021\/06\/furg.png 250w, https:\/\/wp.ufpel.edu.br\/forcultsul\/files\/2021\/06\/furg-200x200.png 200w\" sizes=\"auto, (max-width: 250px) 100vw, 250px\" \/><\/td>\n<td style=\"width: 20%;height: 39px\"><img loading=\"lazy\" decoding=\"async\" class=\"size-full wp-image-378 aligncenter\" src=\"https:\/\/wp.ufpel.edu.br\/forcultsul\/files\/2021\/06\/ufpel.png\" alt=\"\" width=\"250\" height=\"250\" srcset=\"https:\/\/wp.ufpel.edu.br\/forcultsul\/files\/2021\/06\/ufpel.png 250w, https:\/\/wp.ufpel.edu.br\/forcultsul\/files\/2021\/06\/ufpel-200x200.png 200w\" sizes=\"auto, (max-width: 250px) 100vw, 250px\" \/><\/td>\n<td style=\"width: 20%;height: 39px\"><img loading=\"lazy\" decoding=\"async\" class=\"size-full wp-image-370 aligncenter\" src=\"https:\/\/wp.ufpel.edu.br\/forcultsul\/files\/2021\/06\/ifpr.png\" alt=\"\" width=\"250\" height=\"250\" srcset=\"https:\/\/wp.ufpel.edu.br\/forcultsul\/files\/2021\/06\/ifpr.png 250w, https:\/\/wp.ufpel.edu.br\/forcultsul\/files\/2021\/06\/ifpr-200x200.png 200w\" sizes=\"auto, (max-width: 250px) 100vw, 250px\" \/><\/td>\n<td style=\"width: 20%;height: 39px\"><img loading=\"lazy\" decoding=\"async\" class=\"size-full wp-image-376 aligncenter\" src=\"https:\/\/wp.ufpel.edu.br\/forcultsul\/files\/2021\/06\/uenp.png\" alt=\"\" width=\"250\" height=\"250\" srcset=\"https:\/\/wp.ufpel.edu.br\/forcultsul\/files\/2021\/06\/uenp.png 250w, https:\/\/wp.ufpel.edu.br\/forcultsul\/files\/2021\/06\/uenp-200x200.png 200w\" sizes=\"auto, (max-width: 250px) 100vw, 250px\" \/><\/td>\n<\/tr>\n<tr style=\"height: 39px\">\n<td style=\"width: 20%;height: 39px;text-align: center\"><span style=\"font-family: tahoma, arial, helvetica, sans-serif\"><a href=\"https:\/\/ufsc.br\/\"><span style=\"font-size: 8pt\">UNIVERSIDADE FEDERAL DE SANTA CATARINA<\/span><\/a><\/span><\/td>\n<td style=\"width: 20%;height: 39px;text-align: center\"><span style=\"font-family: tahoma, arial, helvetica, sans-serif\"><a href=\"https:\/\/www.furg.br\/\"><span style=\"font-size: 8pt\">UNIVERSIDADE FEDERAL DO RIO GRANDE<\/span><\/a><\/span><\/td>\n<td style=\"width: 20%;height: 39px;text-align: center\"><span style=\"font-family: tahoma, arial, helvetica, sans-serif\"><a href=\"https:\/\/portal.ufpel.edu.br\/\"><span style=\"font-size: 8pt\">UNIVERSIDADE FEDERAL DE PELOTAS<\/span><\/a><\/span><\/td>\n<td style=\"width: 20%;height: 39px;text-align: center\"><span style=\"font-family: tahoma, arial, helvetica, sans-serif\"><a href=\"https:\/\/reitoria.ifpr.edu.br\/\"><span style=\"font-size: 8pt\">INSTITUTO FEDERAL DE EDUCA\u00c7\u00c3O CI\u00caNCIA E TECNOLOGIA DO PARAN\u00c1<\/span><\/a><\/span><\/td>\n<td style=\"width: 20%;height: 39px;text-align: center\"><span style=\"font-family: tahoma, arial, helvetica, sans-serif\"><a href=\"https:\/\/uenp.edu.br\/\"><span style=\"font-size: 8pt\">UNIVERSIDADE ESTADUAL DO NORTE DO PARAN\u00c1<\/span><\/a><\/span><\/td>\n<\/tr>\n<tr style=\"height: 39px\">\n<td style=\"width: 20%;height: 39px\"><img loading=\"lazy\" decoding=\"async\" class=\"size-full wp-image-375 aligncenter\" src=\"https:\/\/wp.ufpel.edu.br\/forcultsul\/files\/2021\/06\/uem.png\" alt=\"\" width=\"250\" height=\"250\" srcset=\"https:\/\/wp.ufpel.edu.br\/forcultsul\/files\/2021\/06\/uem.png 250w, https:\/\/wp.ufpel.edu.br\/forcultsul\/files\/2021\/06\/uem-200x200.png 200w\" sizes=\"auto, (max-width: 250px) 100vw, 250px\" \/><\/td>\n<td style=\"width: 20%;height: 39px\"><img loading=\"lazy\" decoding=\"async\" class=\"size-full wp-image-372 aligncenter\" src=\"https:\/\/wp.ufpel.edu.br\/forcultsul\/files\/2021\/06\/ifsc.png\" alt=\"\" width=\"250\" height=\"250\" srcset=\"https:\/\/wp.ufpel.edu.br\/forcultsul\/files\/2021\/06\/ifsc.png 250w, https:\/\/wp.ufpel.edu.br\/forcultsul\/files\/2021\/06\/ifsc-200x200.png 200w\" sizes=\"auto, (max-width: 250px) 100vw, 250px\" \/><\/td>\n<td style=\"width: 20%;height: 39px\"><img loading=\"lazy\" decoding=\"async\" class=\"size-full wp-image-373 aligncenter\" src=\"https:\/\/wp.ufpel.edu.br\/forcultsul\/files\/2021\/06\/udesc.png\" alt=\"\" width=\"250\" height=\"250\" srcset=\"https:\/\/wp.ufpel.edu.br\/forcultsul\/files\/2021\/06\/udesc.png 250w, https:\/\/wp.ufpel.edu.br\/forcultsul\/files\/2021\/06\/udesc-200x200.png 200w\" sizes=\"auto, (max-width: 250px) 100vw, 250px\" \/><\/td>\n<td style=\"width: 20%;height: 39px\"><img loading=\"lazy\" decoding=\"async\" class=\"size-full wp-image-380 aligncenter\" src=\"https:\/\/wp.ufpel.edu.br\/forcultsul\/files\/2021\/06\/ufpr.png\" alt=\"\" width=\"250\" height=\"250\" srcset=\"https:\/\/wp.ufpel.edu.br\/forcultsul\/files\/2021\/06\/ufpr.png 250w, https:\/\/wp.ufpel.edu.br\/forcultsul\/files\/2021\/06\/ufpr-200x200.png 200w\" sizes=\"auto, (max-width: 250px) 100vw, 250px\" \/><\/td>\n<td style=\"width: 20%;height: 39px\"><img loading=\"lazy\" decoding=\"async\" class=\"size-full wp-image-386 aligncenter\" src=\"https:\/\/wp.ufpel.edu.br\/forcultsul\/files\/2021\/06\/unioeste.png\" alt=\"\" width=\"250\" height=\"250\" srcset=\"https:\/\/wp.ufpel.edu.br\/forcultsul\/files\/2021\/06\/unioeste.png 250w, https:\/\/wp.ufpel.edu.br\/forcultsul\/files\/2021\/06\/unioeste-200x200.png 200w\" sizes=\"auto, (max-width: 250px) 100vw, 250px\" \/><\/td>\n<\/tr>\n<tr style=\"height: 39px\">\n<td style=\"width: 20%;height: 39px;text-align: center\"><span style=\"font-family: tahoma, arial, helvetica, sans-serif\"><a href=\"http:\/\/www.uem.br\/\"><span style=\"font-size: 8pt\">UNIVERSIDADE ESTADUAL DE MARING\u00c1<\/span><\/a><\/span><\/td>\n<td style=\"width: 20%;height: 39px;text-align: center\"><span style=\"font-family: tahoma, arial, helvetica, sans-serif\"><a href=\"https:\/\/www.ifsc.edu.br\/\"><span style=\"font-size: 8pt\">INSTITUTO FEDERAL DE EDUCA\u00c7\u00c3O CI\u00caNCIA E TECNOLOGIA DE SANTA CATARINA<\/span><\/a><\/span><\/td>\n<td style=\"width: 20%;height: 39px;text-align: center\"><span style=\"font-family: tahoma, arial, helvetica, sans-serif\"><a href=\"https:\/\/www.udesc.br\/\"><span style=\"font-size: 8pt\">UNIVERSIDADE DO ESTADO DE SANTA CATARINA\u00a0<\/span><\/a><\/span><\/td>\n<td style=\"width: 20%;height: 39px;text-align: center\"><span style=\"font-family: tahoma, arial, helvetica, sans-serif\"><a href=\"https:\/\/www.ufpr.br\/portalufpr\/\"><span style=\"font-size: 8pt\">UNIVERSIDADE FEDERAL DO PARAN\u00c1<\/span><\/a><\/span><\/td>\n<td style=\"width: 20%;height: 39px;text-align: center\"><span style=\"font-family: tahoma, arial, helvetica, sans-serif\"><a href=\"https:\/\/www.unioeste.br\/portal\/\"><span style=\"font-size: 8pt\">UNIVERSIDADE ESTADUAL DO OESTE DO PARAN\u00c1<\/span><\/a><\/span><\/td>\n<\/tr>\n<tr style=\"height: 39px\">\n<td style=\"width: 20%;height: 39px\"><span style=\"font-family: tahoma, arial, helvetica, sans-serif\"><img loading=\"lazy\" decoding=\"async\" class=\"size-full wp-image-390 aligncenter\" src=\"https:\/\/wp.ufpel.edu.br\/forcultsul\/files\/2021\/06\/utfpr.png\" alt=\"\" width=\"250\" height=\"250\" srcset=\"https:\/\/wp.ufpel.edu.br\/forcultsul\/files\/2021\/06\/utfpr.png 250w, https:\/\/wp.ufpel.edu.br\/forcultsul\/files\/2021\/06\/utfpr-200x200.png 200w\" sizes=\"auto, (max-width: 250px) 100vw, 250px\" \/><\/span><\/td>\n<td style=\"width: 20%;height: 39px\"><span style=\"font-family: tahoma, arial, helvetica, sans-serif\"><img loading=\"lazy\" decoding=\"async\" class=\"size-full wp-image-389 aligncenter\" src=\"https:\/\/wp.ufpel.edu.br\/forcultsul\/files\/2021\/06\/unipampa.png\" alt=\"\" width=\"250\" height=\"250\" srcset=\"https:\/\/wp.ufpel.edu.br\/forcultsul\/files\/2021\/06\/unipampa.png 250w, https:\/\/wp.ufpel.edu.br\/forcultsul\/files\/2021\/06\/unipampa-200x200.png 200w\" sizes=\"auto, (max-width: 250px) 100vw, 250px\" \/><\/span><\/td>\n<td style=\"width: 20%;height: 39px\"><span style=\"font-family: tahoma, arial, helvetica, sans-serif\"><img loading=\"lazy\" decoding=\"async\" class=\"size-full wp-image-388 aligncenter\" src=\"https:\/\/wp.ufpel.edu.br\/forcultsul\/files\/2021\/06\/unicentro.png\" alt=\"\" width=\"250\" height=\"250\" srcset=\"https:\/\/wp.ufpel.edu.br\/forcultsul\/files\/2021\/06\/unicentro.png 250w, https:\/\/wp.ufpel.edu.br\/forcultsul\/files\/2021\/06\/unicentro-200x200.png 200w\" sizes=\"auto, (max-width: 250px) 100vw, 250px\" \/><\/span><\/td>\n<td style=\"width: 20%;height: 39px\"><span style=\"font-family: tahoma, arial, helvetica, sans-serif\"><img loading=\"lazy\" decoding=\"async\" class=\"size-full wp-image-387 aligncenter\" src=\"https:\/\/wp.ufpel.edu.br\/forcultsul\/files\/2021\/06\/ifrs-1.png\" alt=\"\" width=\"250\" height=\"250\" srcset=\"https:\/\/wp.ufpel.edu.br\/forcultsul\/files\/2021\/06\/ifrs-1.png 250w, https:\/\/wp.ufpel.edu.br\/forcultsul\/files\/2021\/06\/ifrs-1-200x200.png 200w\" sizes=\"auto, (max-width: 250px) 100vw, 250px\" \/><\/span><\/td>\n<td style=\"width: 20%;height: 39px\"><img loading=\"lazy\" decoding=\"async\" class=\"size-full wp-image-433 aligncenter\" src=\"https:\/\/wp.ufpel.edu.br\/forcultsul\/files\/2021\/08\/Design-sem-nome-1.png\" alt=\"\" width=\"250\" height=\"250\" srcset=\"https:\/\/wp.ufpel.edu.br\/forcultsul\/files\/2021\/08\/Design-sem-nome-1.png 250w, https:\/\/wp.ufpel.edu.br\/forcultsul\/files\/2021\/08\/Design-sem-nome-1-200x200.png 200w\" sizes=\"auto, (max-width: 250px) 100vw, 250px\" \/><\/td>\n<\/tr>\n<tr style=\"height: 39px\">\n<td style=\"width: 20%;height: 39px;text-align: center\"><span style=\"font-family: tahoma, arial, helvetica, sans-serif\"><a href=\"http:\/\/www.utfpr.edu.br\/\"><span style=\"font-size: 8pt\">UNIVERSIDADE TECNOL\u00d3GICA FEDERAL DO PARAN\u00c1<\/span><\/a><\/span><\/td>\n<td style=\"width: 20%;height: 39px;text-align: center\"><span style=\"font-family: tahoma, arial, helvetica, sans-serif\"><a href=\"https:\/\/unipampa.edu.br\/portal\/\"><span style=\"font-size: 8pt\">UNIVERSIDADE FEDERAL DO PAMPA<\/span><\/a><\/span><\/td>\n<td style=\"width: 20%;height: 39px;text-align: center\"><span style=\"font-family: tahoma, arial, helvetica, sans-serif\"><a href=\"https:\/\/www3.unicentro.br\/home\"><span style=\"font-size: 8pt\">UNIVERSIDADE ESTADUAL DO CENTRO OESTE DO PARAN\u00c1<\/span><\/a><\/span><\/td>\n<td style=\"width: 20%;height: 39px;text-align: center\"><span style=\"font-family: tahoma, arial, helvetica, sans-serif\"><a href=\"https:\/\/ifrs.edu.br\/\"><span style=\"font-size: 8pt\">INSTITUTO FEDERAL DE EDUCA\u00c7\u00c3O CI\u00caNCIA E TECNOLOGIA DO RIO GRANDE DO SUL<\/span><\/a><\/span><\/td>\n<td style=\"width: 20%;height: 39px;text-align: center\"><a href=\"https:\/\/www.uepg.br\/\"><span style=\"font-size: 8pt;font-family: tahoma, arial, helvetica, sans-serif\">UNIVERSIDADE ESTADUAL DE PONTA GROSSA\u00a0<\/span><\/a><\/td>\n<\/tr>\n<\/tbody>\n<\/table>\n<p style=\"text-align: center\">\n","protected":false},"excerpt":{"rendered":"<p>&nbsp; UNIVERSIDADE ESTADUAL DO PARAN\u00c1 UNIVERSIDADE FEDERAL DE SANTA MARIA UNIVERSIDADE FEDERAL DA FRONTEIRA SUL UNIVERSIDADE ESTADUAL DE LONDRINA INSTITUTO FEDERAL DE EDUCA\u00c7\u00c3O CI\u00caNCIA E TECNOLOGIA FARROUPILHA UNIVERSIDADE FEDERAL DE SANTA CATARINA UNIVERSIDADE FEDERAL DO RIO GRANDE UNIVERSIDADE FEDERAL DE PELOTAS INSTITUTO FEDERAL DE EDUCA\u00c7\u00c3O CI\u00caNCIA E TECNOLOGIA DO PARAN\u00c1 UNIVERSIDADE ESTADUAL DO NORTE DO &hellip; <\/p>\n<p><a class=\"more-link btn\" href=\"https:\/\/wp.ufpel.edu.br\/forcultsul\/ies-integrantes\/\">Continue lendo<\/a><\/p>\n","protected":false},"author":990,"featured_media":0,"parent":0,"menu_order":0,"comment_status":"closed","ping_status":"closed","template":"","meta":{"footnotes":""},"class_list":["post-321","page","type-page","status-publish","hentry","nodate","item-wrap"],"_links":{"self":[{"href":"https:\/\/wp.ufpel.edu.br\/forcultsul\/wp-json\/wp\/v2\/pages\/321","targetHints":{"allow":["GET"]}}],"collection":[{"href":"https:\/\/wp.ufpel.edu.br\/forcultsul\/wp-json\/wp\/v2\/pages"}],"about":[{"href":"https:\/\/wp.ufpel.edu.br\/forcultsul\/wp-json\/wp\/v2\/types\/page"}],"author":[{"embeddable":true,"href":"https:\/\/wp.ufpel.edu.br\/forcultsul\/wp-json\/wp\/v2\/users\/990"}],"replies":[{"embeddable":true,"href":"https:\/\/wp.ufpel.edu.br\/forcultsul\/wp-json\/wp\/v2\/comments?post=321"}],"version-history":[{"count":12,"href":"https:\/\/wp.ufpel.edu.br\/forcultsul\/wp-json\/wp\/v2\/pages\/321\/revisions"}],"predecessor-version":[{"id":434,"href":"https:\/\/wp.ufpel.edu.br\/forcultsul\/wp-json\/wp\/v2\/pages\/321\/revisions\/434"}],"wp:attachment":[{"href":"https:\/\/wp.ufpel.edu.br\/forcultsul\/wp-json\/wp\/v2\/media?parent=321"}],"curies":[{"name":"wp","href":"https:\/\/api.w.org\/{rel}","templated":true}]}}