{"id":300,"date":"2021-06-11T11:33:43","date_gmt":"2021-06-11T14:33:43","guid":{"rendered":"https:\/\/wp.ufpel.edu.br\/forcultsul\/?page_id=300"},"modified":"2021-08-23T11:04:02","modified_gmt":"2021-08-23T14:04:02","slug":"forcult-2021","status":"publish","type":"page","link":"https:\/\/wp.ufpel.edu.br\/forcultsul\/forcult-2021\/","title":{"rendered":"F\u00d3RUM AMPLIADO FORCULTSUL 2021"},"content":{"rendered":"<p style=\"text-align: justify\"><span style=\"font-family: tahoma, arial, helvetica, sans-serif\">Est\u00e3o abertas as <a href=\"https:\/\/forms.gle\/PgWDhtYMNALXs2fX9\">inscri\u00e7\u00f5es<\/a> para o evento \u201cRESIST\u00caNCIAS EM MOVIMENTOS\u201d, organizado e realizado pelo F\u00f3rum de Gest\u00e3o Cultural das Institui\u00e7\u00f5es de Ensino Superior da Regi\u00e3o Sul (FORCULTSul). O evento acontecer\u00e1 nos dias 24 e 25 de agosto, com o objetivo de compartilhar e ampliar, para as comunidades acad\u00eamicas, as discuss\u00f5es desenvolvidas pelas universidades da regi\u00e3o sul do Brasil.<\/span><\/p>\n<p style=\"text-align: justify\"><img loading=\"lazy\" decoding=\"async\" class=\"alignnone size-full wp-image-427\" src=\"https:\/\/wp.ufpel.edu.br\/forcultsul\/files\/2021\/08\/RESISTENCIAS-EM-MOVIMENTOS-2.png\" alt=\"\" width=\"1587\" height=\"2245\" srcset=\"https:\/\/wp.ufpel.edu.br\/forcultsul\/files\/2021\/08\/RESISTENCIAS-EM-MOVIMENTOS-2.png 1587w, https:\/\/wp.ufpel.edu.br\/forcultsul\/files\/2021\/08\/RESISTENCIAS-EM-MOVIMENTOS-2-283x400.png 283w, https:\/\/wp.ufpel.edu.br\/forcultsul\/files\/2021\/08\/RESISTENCIAS-EM-MOVIMENTOS-2-724x1024.png 724w, https:\/\/wp.ufpel.edu.br\/forcultsul\/files\/2021\/08\/RESISTENCIAS-EM-MOVIMENTOS-2-768x1086.png 768w, https:\/\/wp.ufpel.edu.br\/forcultsul\/files\/2021\/08\/RESISTENCIAS-EM-MOVIMENTOS-2-1086x1536.png 1086w, https:\/\/wp.ufpel.edu.br\/forcultsul\/files\/2021\/08\/RESISTENCIAS-EM-MOVIMENTOS-2-1448x2048.png 1448w, https:\/\/wp.ufpel.edu.br\/forcultsul\/files\/2021\/08\/RESISTENCIAS-EM-MOVIMENTOS-2-750x1061.png 750w\" sizes=\"auto, (max-width: 1587px) 100vw, 1587px\" \/><\/p>\n<p style=\"text-align: justify\"><span style=\"font-family: tahoma, arial, helvetica, sans-serif\">As atividades ser\u00e3o realizadas de forma remota, via <strong><a href=\"https:\/\/www.youtube.com\/channel\/UCLxS7W7c7ojVOF5i4NOtJaw\"><em>Youtube<\/em><\/a><\/strong> do FORCULTSul, para mais informa\u00e7\u00f5es do evento, confira a programa\u00e7\u00e3o do evento abaixo:<\/span><\/p>\n<p><img loading=\"lazy\" decoding=\"async\" class=\"alignnone size-full wp-image-445\" src=\"https:\/\/wp.ufpel.edu.br\/forcultsul\/files\/2021\/08\/PROGRAMACAO-6.png\" alt=\"\" width=\"2000\" height=\"1414\" srcset=\"https:\/\/wp.ufpel.edu.br\/forcultsul\/files\/2021\/08\/PROGRAMACAO-6.png 2000w, https:\/\/wp.ufpel.edu.br\/forcultsul\/files\/2021\/08\/PROGRAMACAO-6-400x283.png 400w, https:\/\/wp.ufpel.edu.br\/forcultsul\/files\/2021\/08\/PROGRAMACAO-6-1024x724.png 1024w, https:\/\/wp.ufpel.edu.br\/forcultsul\/files\/2021\/08\/PROGRAMACAO-6-768x543.png 768w, https:\/\/wp.ufpel.edu.br\/forcultsul\/files\/2021\/08\/PROGRAMACAO-6-1536x1086.png 1536w, https:\/\/wp.ufpel.edu.br\/forcultsul\/files\/2021\/08\/PROGRAMACAO-6-750x530.png 750w\" sizes=\"auto, (max-width: 2000px) 100vw, 2000px\" \/><\/p>\n<p><img loading=\"lazy\" decoding=\"async\" class=\"alignnone size-full wp-image-451\" src=\"https:\/\/wp.ufpel.edu.br\/forcultsul\/files\/2021\/08\/PROGRAMACAO-9.png\" alt=\"\" width=\"2000\" height=\"1414\" srcset=\"https:\/\/wp.ufpel.edu.br\/forcultsul\/files\/2021\/08\/PROGRAMACAO-9.png 2000w, https:\/\/wp.ufpel.edu.br\/forcultsul\/files\/2021\/08\/PROGRAMACAO-9-400x283.png 400w, https:\/\/wp.ufpel.edu.br\/forcultsul\/files\/2021\/08\/PROGRAMACAO-9-1024x724.png 1024w, https:\/\/wp.ufpel.edu.br\/forcultsul\/files\/2021\/08\/PROGRAMACAO-9-768x543.png 768w, https:\/\/wp.ufpel.edu.br\/forcultsul\/files\/2021\/08\/PROGRAMACAO-9-1536x1086.png 1536w, https:\/\/wp.ufpel.edu.br\/forcultsul\/files\/2021\/08\/PROGRAMACAO-9-750x530.png 750w\" sizes=\"auto, (max-width: 2000px) 100vw, 2000px\" \/><\/p>\n<p>INSCREVA-SE <span style=\"background-color: #ffffff;color: #800080\"><strong><em><a style=\"background-color: #ffffff;color: #800080\" href=\"https:\/\/forms.gle\/PgWDhtYMNALXs2fX9\">AQUI<\/a><\/em>!<\/strong><\/span><\/p>\n","protected":false},"excerpt":{"rendered":"<p>Est\u00e3o abertas as inscri\u00e7\u00f5es para o evento \u201cRESIST\u00caNCIAS EM MOVIMENTOS\u201d, organizado e realizado pelo F\u00f3rum de Gest\u00e3o Cultural das Institui\u00e7\u00f5es de Ensino Superior da Regi\u00e3o Sul (FORCULTSul). O evento acontecer\u00e1 nos dias 24 e 25 de agosto, com o objetivo de compartilhar e ampliar, para as comunidades acad\u00eamicas, as discuss\u00f5es desenvolvidas pelas universidades da regi\u00e3o &hellip; <\/p>\n<p><a class=\"more-link btn\" href=\"https:\/\/wp.ufpel.edu.br\/forcultsul\/forcult-2021\/\">Continue lendo<\/a><\/p>\n","protected":false},"author":990,"featured_media":0,"parent":0,"menu_order":0,"comment_status":"closed","ping_status":"closed","template":"","meta":{"footnotes":""},"class_list":["post-300","page","type-page","status-publish","hentry","nodate","item-wrap"],"_links":{"self":[{"href":"https:\/\/wp.ufpel.edu.br\/forcultsul\/wp-json\/wp\/v2\/pages\/300","targetHints":{"allow":["GET"]}}],"collection":[{"href":"https:\/\/wp.ufpel.edu.br\/forcultsul\/wp-json\/wp\/v2\/pages"}],"about":[{"href":"https:\/\/wp.ufpel.edu.br\/forcultsul\/wp-json\/wp\/v2\/types\/page"}],"author":[{"embeddable":true,"href":"https:\/\/wp.ufpel.edu.br\/forcultsul\/wp-json\/wp\/v2\/users\/990"}],"replies":[{"embeddable":true,"href":"https:\/\/wp.ufpel.edu.br\/forcultsul\/wp-json\/wp\/v2\/comments?post=300"}],"version-history":[{"count":10,"href":"https:\/\/wp.ufpel.edu.br\/forcultsul\/wp-json\/wp\/v2\/pages\/300\/revisions"}],"predecessor-version":[{"id":454,"href":"https:\/\/wp.ufpel.edu.br\/forcultsul\/wp-json\/wp\/v2\/pages\/300\/revisions\/454"}],"wp:attachment":[{"href":"https:\/\/wp.ufpel.edu.br\/forcultsul\/wp-json\/wp\/v2\/media?parent=300"}],"curies":[{"name":"wp","href":"https:\/\/api.w.org\/{rel}","templated":true}]}}