{"id":29,"date":"2020-10-19T10:21:53","date_gmt":"2020-10-19T13:21:53","guid":{"rendered":"https:\/\/wp.ufpel.edu.br\/forcultsul\/?page_id=29"},"modified":"2025-05-12T15:25:42","modified_gmt":"2025-05-12T18:25:42","slug":"acoes-2","status":"publish","type":"page","link":"https:\/\/wp.ufpel.edu.br\/forcultsul\/acoes-2\/","title":{"rendered":"A\u00c7\u00d5ES"},"content":{"rendered":"<p>III Encontro Regional do FORCULT Sul<br \/>\nData: 21 e 22 de maio de 2025<br \/>\nLocal: Teatro Carmen Fossari &#8211; Campus Trindade UFSC<br \/>\nR. Des. V\u00edtor Lima, 117 \u2013 Trindade, Florian\u00f3polis.<\/p>\n<p>As inscri\u00e7\u00f5es est\u00e3o abertas para gestores, gestoras, representantes culturais e tamb\u00e9m para o p\u00fablico em geral. <strong>Os formul\u00e1rios de inscri\u00e7\u00e3o est\u00e3o dispon\u00edveis no link: <a href=\"https:\/\/docs.google.com\/forms\/d\/e\/1FAIpQLSfpVy_myCJ1sbHe6B3NeCLgv-xSSCDqmFKvr4kYRpOMcdIg6A\/viewformna\">clique aqui<\/a><\/strong> e tamb\u00e9m na p\u00e1gina do evento no site da SeCArtE (<a href=\"https:\/\/secarte.ufsc.br\/forcult-sul\" target=\"_blank\" rel=\"noopener noreferrer\">secarte.ufsc.br\/forcult-sul<\/a>).<\/p>\n<p>&nbsp;<\/p>\n","protected":false},"excerpt":{"rendered":"<p>III Encontro Regional do FORCULT Sul Data: 21 e 22 de maio de 2025 Local: Teatro Carmen Fossari &#8211; Campus Trindade UFSC R. Des. V\u00edtor Lima, 117 \u2013 Trindade, Florian\u00f3polis. As inscri\u00e7\u00f5es est\u00e3o abertas para gestores, gestoras, representantes culturais e tamb\u00e9m para o p\u00fablico em geral. Os formul\u00e1rios de inscri\u00e7\u00e3o est\u00e3o dispon\u00edveis no link: clique &hellip; <\/p>\n<p><a class=\"more-link btn\" href=\"https:\/\/wp.ufpel.edu.br\/forcultsul\/acoes-2\/\">Continue lendo<\/a><\/p>\n","protected":false},"author":1151,"featured_media":0,"parent":0,"menu_order":0,"comment_status":"closed","ping_status":"closed","template":"","meta":{"footnotes":""},"class_list":["post-29","page","type-page","status-publish","hentry","nodate","item-wrap"],"_links":{"self":[{"href":"https:\/\/wp.ufpel.edu.br\/forcultsul\/wp-json\/wp\/v2\/pages\/29","targetHints":{"allow":["GET"]}}],"collection":[{"href":"https:\/\/wp.ufpel.edu.br\/forcultsul\/wp-json\/wp\/v2\/pages"}],"about":[{"href":"https:\/\/wp.ufpel.edu.br\/forcultsul\/wp-json\/wp\/v2\/types\/page"}],"author":[{"embeddable":true,"href":"https:\/\/wp.ufpel.edu.br\/forcultsul\/wp-json\/wp\/v2\/users\/1151"}],"replies":[{"embeddable":true,"href":"https:\/\/wp.ufpel.edu.br\/forcultsul\/wp-json\/wp\/v2\/comments?post=29"}],"version-history":[{"count":11,"href":"https:\/\/wp.ufpel.edu.br\/forcultsul\/wp-json\/wp\/v2\/pages\/29\/revisions"}],"predecessor-version":[{"id":560,"href":"https:\/\/wp.ufpel.edu.br\/forcultsul\/wp-json\/wp\/v2\/pages\/29\/revisions\/560"}],"wp:attachment":[{"href":"https:\/\/wp.ufpel.edu.br\/forcultsul\/wp-json\/wp\/v2\/media?parent=29"}],"curies":[{"name":"wp","href":"https:\/\/api.w.org\/{rel}","templated":true}]}}