{"id":12,"date":"2020-10-19T10:21:04","date_gmt":"2020-10-19T13:21:04","guid":{"rendered":"https:\/\/wp.ufpel.edu.br\/forcultsul\/?page_id=12"},"modified":"2025-05-12T14:27:59","modified_gmt":"2025-05-12T17:27:59","slug":"ipes","status":"publish","type":"page","link":"https:\/\/wp.ufpel.edu.br\/forcultsul\/ipes\/","title":{"rendered":"CADASTRO DAS IPES"},"content":{"rendered":"<p style=\"text-align: left;\"><span style=\"font-family: tahoma, arial, helvetica, sans-serif;\">CADASTRO DAS INSTITUI\u00c7\u00d5ES P\u00daBLICAS DE ENSINO SUPERIOR DA REGI\u00c3O SUL &#8211; IPES\/SUL<\/span><\/p>\n<p style=\"text-align: justify;\"><span style=\"font-family: tahoma, arial, helvetica, sans-serif;\">Acesse <strong><a href=\"https:\/\/docs.google.com\/forms\/d\/e\/1FAIpQLSeb7Ov7eMt46YwI8dxfxCKow6qtgBvGDdY1uMmKHsJqlW9hIg\/viewform\" target=\"_blank\" rel=\"noopener noreferrer\">AQUI<\/a> <\/strong>o formul\u00e1rio IPES\/SUL e preencha os campos. A identifica\u00e7\u00e3o dos setores culturais das IPES da Regi\u00e3o Sul, suas caracter\u00edsticas e especificidades, auxiliar\u00e1 o FORCULT SUL a compreender a gest\u00e3o da cultura na nossa regi\u00e3o, impulsionando a\u00e7\u00f5es para o pleno exerc\u00edcio da integraliza\u00e7\u00e3o e compartilhamento da cultura nas nossas institui\u00e7\u00f5es p\u00fablicas de ensino superior.<\/span><\/p>\n","protected":false},"excerpt":{"rendered":"<p>CADASTRO DAS INSTITUI\u00c7\u00d5ES P\u00daBLICAS DE ENSINO SUPERIOR DA REGI\u00c3O SUL &#8211; IPES\/SUL Acesse AQUI o formul\u00e1rio IPES\/SUL e preencha os campos. A identifica\u00e7\u00e3o dos setores culturais das IPES da Regi\u00e3o Sul, suas caracter\u00edsticas e especificidades, auxiliar\u00e1 o FORCULT SUL a compreender a gest\u00e3o da cultura na nossa regi\u00e3o, impulsionando a\u00e7\u00f5es para o pleno exerc\u00edcio da &hellip; <\/p>\n<p><a class=\"more-link btn\" href=\"https:\/\/wp.ufpel.edu.br\/forcultsul\/ipes\/\">Continue lendo<\/a><\/p>\n","protected":false},"author":990,"featured_media":0,"parent":0,"menu_order":0,"comment_status":"closed","ping_status":"closed","template":"","meta":{"footnotes":""},"class_list":["post-12","page","type-page","status-publish","hentry","nodate","item-wrap"],"_links":{"self":[{"href":"https:\/\/wp.ufpel.edu.br\/forcultsul\/wp-json\/wp\/v2\/pages\/12","targetHints":{"allow":["GET"]}}],"collection":[{"href":"https:\/\/wp.ufpel.edu.br\/forcultsul\/wp-json\/wp\/v2\/pages"}],"about":[{"href":"https:\/\/wp.ufpel.edu.br\/forcultsul\/wp-json\/wp\/v2\/types\/page"}],"author":[{"embeddable":true,"href":"https:\/\/wp.ufpel.edu.br\/forcultsul\/wp-json\/wp\/v2\/users\/990"}],"replies":[{"embeddable":true,"href":"https:\/\/wp.ufpel.edu.br\/forcultsul\/wp-json\/wp\/v2\/comments?post=12"}],"version-history":[{"count":13,"href":"https:\/\/wp.ufpel.edu.br\/forcultsul\/wp-json\/wp\/v2\/pages\/12\/revisions"}],"predecessor-version":[{"id":508,"href":"https:\/\/wp.ufpel.edu.br\/forcultsul\/wp-json\/wp\/v2\/pages\/12\/revisions\/508"}],"wp:attachment":[{"href":"https:\/\/wp.ufpel.edu.br\/forcultsul\/wp-json\/wp\/v2\/media?parent=12"}],"curies":[{"name":"wp","href":"https:\/\/api.w.org\/{rel}","templated":true}]}}