{"id":11,"date":"2020-10-19T10:21:04","date_gmt":"2020-10-19T13:21:04","guid":{"rendered":"https:\/\/wp.ufpel.edu.br\/forcultsul\/?page_id=11"},"modified":"2025-05-12T15:26:21","modified_gmt":"2025-05-12T18:26:21","slug":"sobre","status":"publish","type":"page","link":"https:\/\/wp.ufpel.edu.br\/forcultsul\/sobre\/","title":{"rendered":"SOBRE"},"content":{"rendered":"<p class=\"has-text-align-justify has-normal-font-size\" style=\"text-align: justify;\">O\u00a0<strong>F\u00f3rum de Gest\u00e3o Cultural das Institui\u00e7\u00f5es P\u00fablicas de Ensino Superior Brasileiras<\/strong>\u00a0(FORCULT) \u00e9 uma entidade de natureza propositiva e consultiva, destinada \u00e0 articula\u00e7\u00e3o entre agentes culturais para promover a reflex\u00e3o cr\u00edtica, a orienta\u00e7\u00e3o e o acompanhamento de pol\u00edticas culturais e da gest\u00e3o\u00a0 da cultura nas Institui\u00e7\u00f5es P\u00fablicas de Ensino Superior Brasileiras (IPES).<\/p>\n<p class=\"has-text-align-justify\" style=\"text-align: justify;\">Composto por representa\u00e7\u00f5es regionais e nacional, o FORCULT realiza encontros anuais para a constru\u00e7\u00e3o de poss\u00edveis caminhos para uma gest\u00e3o cultural universit\u00e1ria pautada pelo reconhecimento do papel cultural das IPES e da transversalidade da cultura nas a\u00e7\u00f5es de ensino, pesquisa e extens\u00e3o, bem como nos diversos campos de conhecimento. Al\u00e9m dos encontros anuais, o FORCULT atua de modo cont\u00ednuo na forma de Grupos de Trabalho \u2013 que discutem e prop\u00f5em solu\u00e7\u00f5es para quest\u00f5es relevantes\u00a0 da gest\u00e3o cultural universit\u00e1ria \u2013 e tamb\u00e9m\u00a0 por meio das a\u00e7\u00f5es e atividades propostas e desenvolvidas pela Coordena\u00e7\u00e3o Nacional e pela Diretoria Executiva.<\/p>\n<p style=\"text-align: justify;\"><strong>O FORCULT SUL \u00e9 composto por representantes das IPES dos estados do Paran\u00e1, Santa Catarina e Rio Grande do Sul.\u00a0<\/strong><\/p>\n<p style=\"text-align: justify;\">Para saber mais sobre o FORCULT Nacional, <a href=\"https:\/\/forcultnacional.ufg.br\/\">clique aqui.<\/a><\/p>\n","protected":false},"excerpt":{"rendered":"<p>O\u00a0F\u00f3rum de Gest\u00e3o Cultural das Institui\u00e7\u00f5es P\u00fablicas de Ensino Superior Brasileiras\u00a0(FORCULT) \u00e9 uma entidade de natureza propositiva e consultiva, destinada \u00e0 articula\u00e7\u00e3o entre agentes culturais para promover a reflex\u00e3o cr\u00edtica, a orienta\u00e7\u00e3o e o acompanhamento de pol\u00edticas culturais e da gest\u00e3o\u00a0 da cultura nas Institui\u00e7\u00f5es P\u00fablicas de Ensino Superior Brasileiras (IPES). Composto por representa\u00e7\u00f5es regionais &hellip; <\/p>\n<p><a class=\"more-link btn\" href=\"https:\/\/wp.ufpel.edu.br\/forcultsul\/sobre\/\">Continue lendo<\/a><\/p>\n","protected":false},"author":990,"featured_media":0,"parent":0,"menu_order":0,"comment_status":"closed","ping_status":"closed","template":"","meta":{"footnotes":""},"class_list":["post-11","page","type-page","status-publish","hentry","nodate","item-wrap"],"_links":{"self":[{"href":"https:\/\/wp.ufpel.edu.br\/forcultsul\/wp-json\/wp\/v2\/pages\/11","targetHints":{"allow":["GET"]}}],"collection":[{"href":"https:\/\/wp.ufpel.edu.br\/forcultsul\/wp-json\/wp\/v2\/pages"}],"about":[{"href":"https:\/\/wp.ufpel.edu.br\/forcultsul\/wp-json\/wp\/v2\/types\/page"}],"author":[{"embeddable":true,"href":"https:\/\/wp.ufpel.edu.br\/forcultsul\/wp-json\/wp\/v2\/users\/990"}],"replies":[{"embeddable":true,"href":"https:\/\/wp.ufpel.edu.br\/forcultsul\/wp-json\/wp\/v2\/comments?post=11"}],"version-history":[{"count":19,"href":"https:\/\/wp.ufpel.edu.br\/forcultsul\/wp-json\/wp\/v2\/pages\/11\/revisions"}],"predecessor-version":[{"id":561,"href":"https:\/\/wp.ufpel.edu.br\/forcultsul\/wp-json\/wp\/v2\/pages\/11\/revisions\/561"}],"wp:attachment":[{"href":"https:\/\/wp.ufpel.edu.br\/forcultsul\/wp-json\/wp\/v2\/media?parent=11"}],"curies":[{"name":"wp","href":"https:\/\/api.w.org\/{rel}","templated":true}]}}